{"id":1183,"date":"2017-11-28T10:20:32","date_gmt":"2017-11-28T09:20:32","guid":{"rendered":"https:\/\/www.bezner.com\/?page_id=1183"},"modified":"2020-12-01T15:39:07","modified_gmt":"2020-12-01T14:39:07","slug":"uber-uns","status":"publish","type":"page","link":"https:\/\/www.bezner.com\/de\/uber-uns\/","title":{"rendered":"\u00dcber uns"},"content":{"rendered":"<div class=\"wpb-content-wrapper\">[vc_row][vc_column width=&#8220;1\/2&#8243;][vc_column_text animation_delay=&#8220;0&#8243;]\n<h1>\u00dcBER UNS<\/h1>\n<h2><strong>R\u00dcCKGEWINNUNG WERTVOLLER MATERIALIEN AUS VERSCHIEDENEN ABFALLSTR\u00d6MEN<\/strong><\/h2>\n<p>Neben unserer langen Geschichte in der Holzbehandlungsindustrie haben wir bei Bezner auch drei Jahrzehnte Erfahrung in der R\u00fcckgewinnung von wertvollen Materialien aus verschiedenen Abfallstr\u00f6men. In den achtziger Jahren wurden wir der erste Hersteller von Abfallentsorgungsanlagen. Um der wachsenden Nachfrage f\u00fcr innovative Recycling- und Abfallverarbeitungsl\u00f6sungen gerecht zu werden entwickelt, konstruiert und baut Bezner sowohl Einzelmaschinen als auch schl\u00fcsselfertige L\u00f6sungen f\u00fcr Abfallbehandlungs- und Recyclinganlagen.<\/p>\n<h2><strong>QUELLE F\u00dcR KOMPLETTL\u00d6SUNGEN<\/strong><\/h2>\n<p>Dank unseres internen Teams an erfahrenen Ingenieuren k\u00f6nnen wir einzelne Abfallsortierungs-, Recycling- oder F\u00f6rderkomponenten nach Ihren spezifischen Anspr\u00fcchen bauen. Wir bieten au\u00dferdem schl\u00fcsselfertige L\u00f6sungen an. Lassen Sie sich von unserem Projektmanagementteam dabei helfen, die optimale Kombination aus Sortiermaschinen und F\u00f6rderb\u00e4ndern zu finden, die spezifische Ausr\u00fcstungen umfassen k\u00f6nnen, die \u00fcber das Angebot unserer Partner oder empfohlenen Lieferanten hinausgehen. Jeder einzelne Teil Ihrer Anlage wird in unserem Werk entwickelt und gefertigt, einschlie\u00dflich:<\/p>\n<ul>\n<li>F\u00f6rderb\u00e4nder<\/li>\n<li>Kettenf\u00f6rderer<\/li>\n<li>Bunkerf\u00f6rderer<\/li>\n<li>Aufzugf\u00f6rderer<\/li>\n<li>Schwing- oder Dosierf\u00f6rderer<\/li>\n<li>Schaufelsiebe<\/li>\n<li>Trommelsiebe<\/li>\n<li>Drehr\u00fcttelsiebe<\/li>\n<li>Linearschwingsiebe<\/li>\n<li>Bunker und Silos<\/li>\n<li>Elektrische Hardware<\/li>\n<li>Software, einschlie\u00dflich Visualisierung<\/li>\n<\/ul>\n[\/vc_column_text]<span class=\"et-gap et-clearfix et-gap-761408\"><\/span>[\/vc_column][vc_column width=&#8220;1\/2&#8243;]<div id=\"et-image-849157\" class=\"et-image alignnone curtain-left\" data-curtain=\"false\" data-animation-delay=\"0\" data-parallax=\"false\" data-move=\"false\" data-coordinatex=\"0\" data-coordinatey=\"0\" data-speed=\"10\"><img decoding=\"async\" width=\"t\" height=\"t\" src=\"https:\/\/www.bezner.com\/wp-content\/uploads\/2017\/03\/rotary-drum-screen-with-hydraulic-doors.jpg\" alt=\"rotary drum screen with hydraulic doors\"><\/div>[\/vc_column][\/vc_row][vc_row][vc_column][vc_column_text animation_delay=&#8220;0&#8243;]\n<h3><strong>Geschichte<\/strong><\/h3>\n<p>Im Jahre 1899 begann Bezner Anlagen- und Maschinenbau seine Karriere als Hersteller von Sondermaschinen f\u00fcr die Holzbehandlung und von Sieben. Vor ungef\u00e4hr drei Jahrzehnten konzentrierte sich Bezner als Vorreiter auf Recyclingmaschinen und F\u00f6rdersysteme. 2007 wurde Bezner dann zu einem Teil der\u00a0<a href=\"http:\/\/www.heilig-group.com\/\" target=\"_blank\" rel=\"noopener noreferrer\">Heilig Group<\/a>. Diese Erweiterung bietet unseren Kunden finanzielle Stabilit\u00e4t und einen breiten Zugang zum Wissen der Gruppe bez\u00fcglich industrieller Technologie, was zu weiteren Innovationen f\u00fchrt.[\/vc_column_text][\/vc_column][\/vc_row][vc_row element_id=&#8220;278875&#8243; css=&#8220;.vc_custom_1602235178502{margin-top: 35px !important;margin-bottom: 35px !important;background-color: #fed631 !important;}&#8220;][vc_column animation_delay=&#8220;0&#8243; element_id=&#8220;444369&#8243; crp=&#8220;480:i:i,480-768:i:i,768-1024:i:i,1024-1280:i:i,1280-1366:i:i,1366-1600:i:i,1600-1920:i:i&#8220; css=&#8220;.vc_custom_1600853348025{padding-right: 20px !important;padding-left: 20px !important;}&#8220;][vc_column_text animation_delay=&#8220;0&#8243; css=&#8220;.vc_custom_1602076281991{padding-top: 40px !important;padding-bottom: 40px !important;}&#8220;]\n<h3>\u00dcBER DIE\u00a0<strong>Heilig Group<\/strong><\/h3>\n<p>Alles begann 1978, als N.M. Heilig B.V. von Nicolaas Maria Heilig gegr\u00fcndet wurde. Das Unternehmen begann mit einer Schwei\u00dfmaschine, gefolgt von der Wartung und Produktion verschiedener Maschinen. Diese Dienstleistungen waren der Grund f\u00fcr einen beispiellosen Erfolg und f\u00fchrten im Laufe der Jahre zur Spezialisierung und Akquisition von verwandten Unternehmen in Maschinen- und Anlagenbau f\u00fcr die Sch\u00fcttgut- und Recyclingindustrie. Mit der Erf\u00fcllung unserer Mission, unseren Kunden einen umfassenden Service in den Bereichen Engineering, Entwicklung, Fertigung und Installation zu bieten, haben wir die Heilig Group auf das erweitert, was sie heute ist. Eine Gruppe von Einzelunternehmen, die ein umfassendes L\u00f6sungskonzept in den Bereichen Recycling, Abfallwirtschaft, Sch\u00fcttgutumschlag, Holzverarbeitung, W\u00e4rmeaustausch, Industriemischtechnik und Elektrotechnik anbieten. Die Gesellschaften der Heilig Group, die in verschiedenen europ\u00e4ischen L\u00e4ndern ans\u00e4ssig sind, bilden ein starkes und f\u00fchrendes Konglomerat, das Kunden auf der ganzen Welt bedient.[\/vc_column_text][\/vc_column][\/vc_row][vc_row element_id=&#8220;790442&#8243; css=&#8220;.vc_custom_1598366524342{margin-top: 35px !important;margin-bottom: 35px !important;}&#8220;][vc_column animation_delay=&#8220;0&#8243; element_id=&#8220;54803&#8243; crp=&#8220;480:i:i,480-768:i:i,768-1024:i:i,1024-1280:i:i,1280-1366:i:i,1366-1600:i:i,1600-1920:i:i&#8220;][vc_column_text animation_delay=&#8220;0&#8243;]\n<h3><strong>UNSERE ANDEREN\u00a0GESELLSCHAFTEN<\/strong><\/h3>\n[\/vc_column_text][vc_row_inner element_id=&#8220;183855&#8243; css=&#8220;.vc_custom_1602075006474{margin-top: 35px !important;margin-bottom: 35px !important;}&#8220;][vc_column_inner width=&#8220;1\/4&#8243; css=&#8220;.vc_custom_1598366578467{background-color: #f6f6f6 !important;}&#8220;][vc_single_image image=&#8220;2554&#8243; img_size=&#8220;large&#8220; alignment=&#8220;center&#8220; onclick=&#8220;custom_link&#8220; img_link_target=&#8220;_blank&#8220; link=&#8220;https:\/\/www.anthapol.com\/&#8220;][\/vc_column_inner][vc_column_inner width=&#8220;1\/4&#8243; css=&#8220;.vc_custom_1598366583493{background-color: #f6f6f6 !important;}&#8220;][vc_single_image image=&#8220;2560&#8243; img_size=&#8220;large&#8220; alignment=&#8220;center&#8220; onclick=&#8220;custom_link&#8220; img_link_target=&#8220;_blank&#8220; link=&#8220;https:\/\/www.beemster.nl\/&#8220;][\/vc_column_inner][vc_column_inner width=&#8220;1\/4&#8243; css=&#8220;.vc_custom_1598366587983{background-color: #f6f6f6 !important;}&#8220;][vc_single_image image=&#8220;2566&#8243; img_size=&#8220;large&#8220; alignment=&#8220;center&#8220; onclick=&#8220;custom_link&#8220; img_link_target=&#8220;_blank&#8220; link=&#8220;https:\/\/www.bezner-oswald.com\/&#8220;][\/vc_column_inner][vc_column_inner width=&#8220;1\/4&#8243; css=&#8220;.vc_custom_1598366592699{background-color: #f6f6f6 !important;}&#8220;][vc_single_image image=&#8220;2557&#8243; img_size=&#8220;large&#8220; alignment=&#8220;center&#8220; onclick=&#8220;custom_link&#8220; img_link_target=&#8220;_blank&#8220; link=&#8220;https:\/\/www.bub-anlagenbau.de\/&#8220;][\/vc_column_inner][\/vc_row_inner][vc_row_inner element_id=&#8220;290526&#8243; css=&#8220;.vc_custom_1599040928412{margin-top: 35px !important;margin-bottom: 35px !important;}&#8220;][vc_column_inner width=&#8220;1\/4&#8243; css=&#8220;.vc_custom_1598366578467{background-color: #f6f6f6 !important;}&#8220;][vc_single_image image=&#8220;2569&#8243; img_size=&#8220;large&#8220; alignment=&#8220;center&#8220; onclick=&#8220;custom_link&#8220; img_link_target=&#8220;_blank&#8220; link=&#8220;https:\/\/www.geurtsheatexchangers.com\/&#8220;][\/vc_column_inner][vc_column_inner width=&#8220;1\/4&#8243; css=&#8220;.vc_custom_1598366583493{background-color: #f6f6f6 !important;}&#8220;][vc_single_image image=&#8220;2578&#8243; img_size=&#8220;large&#8220; alignment=&#8220;center&#8220; onclick=&#8220;custom_link&#8220; img_link_target=&#8220;_blank&#8220; link=&#8220;https:\/\/www.heiligbv.com\/&#8220;][\/vc_column_inner][vc_column_inner width=&#8220;1\/4&#8243; css=&#8220;.vc_custom_1598366587983{background-color: #f6f6f6 !important;}&#8220;][vc_single_image image=&#8220;2575&#8243; img_size=&#8220;large&#8220; alignment=&#8220;center&#8220; onclick=&#8220;custom_link&#8220; img_link_target=&#8220;_blank&#8220; link=&#8220;https:\/\/www.heiligmixers.com\/&#8220;][\/vc_column_inner][vc_column_inner width=&#8220;1\/4&#8243; css=&#8220;.vc_custom_1598366592699{background-color: #f6f6f6 !important;}&#8220;][vc_single_image image=&#8220;2581&#8243; img_size=&#8220;large&#8220; alignment=&#8220;center&#8220; onclick=&#8220;custom_link&#8220; img_link_target=&#8220;_blank&#8220; link=&#8220;https:\/\/www.nmh-sro.com\/&#8220;][\/vc_column_inner][\/vc_row_inner][vc_row_inner element_id=&#8220;290526&#8243; css=&#8220;.vc_custom_1599040928412{margin-top: 35px !important;margin-bottom: 35px !important;}&#8220;][vc_column_inner width=&#8220;1\/4&#8243; css=&#8220;.vc_custom_1598366578467{background-color: #f6f6f6 !important;}&#8220;][vc_single_image image=&#8220;2584&#8243; img_size=&#8220;large&#8220; alignment=&#8220;center&#8220; onclick=&#8220;custom_link&#8220; img_link_target=&#8220;_blank&#8220; link=&#8220;https:\/\/www.nonferrousrecycling.com\/&#8220;][\/vc_column_inner][\/vc_row_inner][\/vc_column][\/vc_row][vc_row element_id=&#8220;790442&#8243; css=&#8220;.vc_custom_1598366524342{margin-top: 35px !important;margin-bottom: 35px !important;}&#8220;][vc_column animation_delay=&#8220;0&#8243; element_id=&#8220;54803&#8243; crp=&#8220;480:i:i,480-768:i:i,768-1024:i:i,1024-1280:i:i,1280-1366:i:i,1366-1600:i:i,1600-1920:i:i&#8220;][vc_column_text animation_delay=&#8220;0&#8243;]\n<div class=\"row\">\n<div class=\"col-xs-12\">\n<h3><strong>UNSERE UNTERNEHMENSGRUPPE<\/strong><\/h3>\n<\/div>\n<\/div>\n[\/vc_column_text][vc_row_inner element_id=&#8220;290526&#8243; css=&#8220;.vc_custom_1599040928412{margin-top: 35px !important;margin-bottom: 35px !important;}&#8220;][vc_column_inner width=&#8220;1\/4&#8243; css=&#8220;.vc_custom_1598366578467{background-color: #f6f6f6 !important;}&#8220;][vc_single_image image=&#8220;2572&#8243; img_size=&#8220;large&#8220; alignment=&#8220;center&#8220; onclick=&#8220;custom_link&#8220; img_link_target=&#8220;_blank&#8220; link=&#8220;https:\/\/www.heilig-group.com\/&#8220;][\/vc_column_inner][\/vc_row_inner][\/vc_column][\/vc_row]\n<\/div>","protected":false},"excerpt":{"rendered":"<p>[vc_row][vc_column width=&#8220;1\/2&#8243;][vc_column_text animation_delay=&#8220;0&#8243;] \u00dcBER UNS R\u00dcCKGEWINNUNG WERTVOLLER MATERIALIEN AUS VERSCHIEDENEN ABFALLSTR\u00d6MEN Neben unserer langen Geschichte in der Holzbehandlungsindustrie haben wir bei Bezner auch drei Jahrzehnte Erfahrung in der R\u00fcckgewinnung von wertvollen Materialien aus verschiedenen Abfallstr\u00f6men. In den achtziger Jahren wurden wir der erste Hersteller von Abfallentsorgungsanlagen. Um der wachsenden Nachfrage f\u00fcr innovative Recycling- und Abfallverarbeitungsl\u00f6sungen [&hellip;]<\/p>\n","protected":false},"author":11,"featured_media":1186,"parent":0,"menu_order":0,"comment_status":"closed","ping_status":"closed","template":"","meta":{"_acf_changed":false,"footnotes":""},"class_list":["post-1183","page","type-page","status-publish","has-post-thumbnail","hentry"],"acf":[],"yoast_head":"<!-- This site is optimized with the Yoast SEO plugin v27.5 - https:\/\/yoast.com\/product\/yoast-seo-wordpress\/ -->\n<title>About us - Bezner Anlagen- und Maschinenbau<\/title>\n<meta name=\"description\" content=\"Bezner, Teil der Heilig Group, bietet innovative Maschinen f\u00fcr das Recycling und die Abfallbehand-lung und -sortierung und zur nachhaltigen R\u00fcckgewinnung wertvoller Materialien.\" \/>\n<meta name=\"robots\" content=\"index, follow, max-snippet:-1, max-image-preview:large, max-video-preview:-1\" \/>\n<link rel=\"canonical\" href=\"https:\/\/www.bezner.com\/de\/uber-uns\/\" \/>\n<meta property=\"og:locale\" content=\"de_DE\" \/>\n<meta property=\"og:type\" content=\"article\" \/>\n<meta property=\"og:title\" content=\"About us - Bezner Anlagen- und Maschinenbau\" \/>\n<meta property=\"og:description\" content=\"Bezner, Teil der Heilig Group, bietet innovative Maschinen f\u00fcr das Recycling und die Abfallbehand-lung und -sortierung und zur nachhaltigen R\u00fcckgewinnung wertvoller Materialien.\" \/>\n<meta property=\"og:url\" content=\"https:\/\/www.bezner.com\/de\/uber-uns\/\" \/>\n<meta property=\"og:site_name\" content=\"Bezner Anlagen- und Maschinenbau\" \/>\n<meta property=\"article:modified_time\" content=\"2020-12-01T14:39:07+00:00\" \/>\n<meta property=\"og:image\" content=\"https:\/\/www.bezner.com\/wp-content\/uploads\/2017\/02\/IMG_03302-1024x682.jpg\" \/>\n\t<meta property=\"og:image:width\" content=\"1024\" \/>\n\t<meta property=\"og:image:height\" content=\"682\" \/>\n\t<meta property=\"og:image:type\" content=\"image\/jpeg\" \/>\n<meta name=\"twitter:card\" content=\"summary_large_image\" \/>\n<meta name=\"twitter:label1\" content=\"Gesch\u00e4tzte Lesezeit\" \/>\n\t<meta name=\"twitter:data1\" content=\"5\u00a0Minuten\" \/>\n<script type=\"application\/ld+json\" class=\"yoast-schema-graph\">{\"@context\":\"https:\\\/\\\/schema.org\",\"@graph\":[{\"@type\":\"WebPage\",\"@id\":\"https:\\\/\\\/www.bezner.com\\\/de\\\/uber-uns\\\/\",\"url\":\"https:\\\/\\\/www.bezner.com\\\/de\\\/uber-uns\\\/\",\"name\":\"About us - Bezner Anlagen- und Maschinenbau\",\"isPartOf\":{\"@id\":\"https:\\\/\\\/www.bezner.com\\\/de\\\/#website\"},\"primaryImageOfPage\":{\"@id\":\"https:\\\/\\\/www.bezner.com\\\/de\\\/uber-uns\\\/#primaryimage\"},\"image\":{\"@id\":\"https:\\\/\\\/www.bezner.com\\\/de\\\/uber-uns\\\/#primaryimage\"},\"thumbnailUrl\":\"https:\\\/\\\/www.bezner.com\\\/wp-content\\\/uploads\\\/2017\\\/02\\\/IMG_03302.jpg\",\"datePublished\":\"2017-11-28T09:20:32+00:00\",\"dateModified\":\"2020-12-01T14:39:07+00:00\",\"description\":\"Bezner, Teil der Heilig Group, bietet innovative Maschinen f\u00fcr das Recycling und die Abfallbehand-lung und -sortierung und zur nachhaltigen R\u00fcckgewinnung wertvoller Materialien.\",\"breadcrumb\":{\"@id\":\"https:\\\/\\\/www.bezner.com\\\/de\\\/uber-uns\\\/#breadcrumb\"},\"inLanguage\":\"de\",\"potentialAction\":[{\"@type\":\"ReadAction\",\"target\":[\"https:\\\/\\\/www.bezner.com\\\/de\\\/uber-uns\\\/\"]}]},{\"@type\":\"ImageObject\",\"inLanguage\":\"de\",\"@id\":\"https:\\\/\\\/www.bezner.com\\\/de\\\/uber-uns\\\/#primaryimage\",\"url\":\"https:\\\/\\\/www.bezner.com\\\/wp-content\\\/uploads\\\/2017\\\/02\\\/IMG_03302.jpg\",\"contentUrl\":\"https:\\\/\\\/www.bezner.com\\\/wp-content\\\/uploads\\\/2017\\\/02\\\/IMG_03302.jpg\",\"width\":3324,\"height\":2215,\"caption\":\"Bezner\"},{\"@type\":\"BreadcrumbList\",\"@id\":\"https:\\\/\\\/www.bezner.com\\\/de\\\/uber-uns\\\/#breadcrumb\",\"itemListElement\":[{\"@type\":\"ListItem\",\"position\":1,\"name\":\"Home\",\"item\":\"https:\\\/\\\/www.bezner.com\\\/de\\\/\"},{\"@type\":\"ListItem\",\"position\":2,\"name\":\"\u00dcber uns\"}]},{\"@type\":\"WebSite\",\"@id\":\"https:\\\/\\\/www.bezner.com\\\/de\\\/#website\",\"url\":\"https:\\\/\\\/www.bezner.com\\\/de\\\/\",\"name\":\"Bezner Anlagen- und Maschinenbau\",\"description\":\"Waste managament solutions\",\"potentialAction\":[{\"@type\":\"SearchAction\",\"target\":{\"@type\":\"EntryPoint\",\"urlTemplate\":\"https:\\\/\\\/www.bezner.com\\\/de\\\/?s={search_term_string}\"},\"query-input\":{\"@type\":\"PropertyValueSpecification\",\"valueRequired\":true,\"valueName\":\"search_term_string\"}}],\"inLanguage\":\"de\"}]}<\/script>\n<!-- \/ Yoast SEO plugin. -->","yoast_head_json":{"title":"About us - Bezner Anlagen- und Maschinenbau","description":"Bezner, Teil der Heilig Group, bietet innovative Maschinen f\u00fcr das Recycling und die Abfallbehand-lung und -sortierung und zur nachhaltigen R\u00fcckgewinnung wertvoller Materialien.","robots":{"index":"index","follow":"follow","max-snippet":"max-snippet:-1","max-image-preview":"max-image-preview:large","max-video-preview":"max-video-preview:-1"},"canonical":"https:\/\/www.bezner.com\/de\/uber-uns\/","og_locale":"de_DE","og_type":"article","og_title":"About us - Bezner Anlagen- und Maschinenbau","og_description":"Bezner, Teil der Heilig Group, bietet innovative Maschinen f\u00fcr das Recycling und die Abfallbehand-lung und -sortierung und zur nachhaltigen R\u00fcckgewinnung wertvoller Materialien.","og_url":"https:\/\/www.bezner.com\/de\/uber-uns\/","og_site_name":"Bezner Anlagen- und Maschinenbau","article_modified_time":"2020-12-01T14:39:07+00:00","og_image":[{"width":1024,"height":682,"url":"https:\/\/www.bezner.com\/wp-content\/uploads\/2017\/02\/IMG_03302-1024x682.jpg","type":"image\/jpeg"}],"twitter_card":"summary_large_image","twitter_misc":{"Gesch\u00e4tzte Lesezeit":"5\u00a0Minuten"},"schema":{"@context":"https:\/\/schema.org","@graph":[{"@type":"WebPage","@id":"https:\/\/www.bezner.com\/de\/uber-uns\/","url":"https:\/\/www.bezner.com\/de\/uber-uns\/","name":"About us - Bezner Anlagen- und Maschinenbau","isPartOf":{"@id":"https:\/\/www.bezner.com\/de\/#website"},"primaryImageOfPage":{"@id":"https:\/\/www.bezner.com\/de\/uber-uns\/#primaryimage"},"image":{"@id":"https:\/\/www.bezner.com\/de\/uber-uns\/#primaryimage"},"thumbnailUrl":"https:\/\/www.bezner.com\/wp-content\/uploads\/2017\/02\/IMG_03302.jpg","datePublished":"2017-11-28T09:20:32+00:00","dateModified":"2020-12-01T14:39:07+00:00","description":"Bezner, Teil der Heilig Group, bietet innovative Maschinen f\u00fcr das Recycling und die Abfallbehand-lung und -sortierung und zur nachhaltigen R\u00fcckgewinnung wertvoller Materialien.","breadcrumb":{"@id":"https:\/\/www.bezner.com\/de\/uber-uns\/#breadcrumb"},"inLanguage":"de","potentialAction":[{"@type":"ReadAction","target":["https:\/\/www.bezner.com\/de\/uber-uns\/"]}]},{"@type":"ImageObject","inLanguage":"de","@id":"https:\/\/www.bezner.com\/de\/uber-uns\/#primaryimage","url":"https:\/\/www.bezner.com\/wp-content\/uploads\/2017\/02\/IMG_03302.jpg","contentUrl":"https:\/\/www.bezner.com\/wp-content\/uploads\/2017\/02\/IMG_03302.jpg","width":3324,"height":2215,"caption":"Bezner"},{"@type":"BreadcrumbList","@id":"https:\/\/www.bezner.com\/de\/uber-uns\/#breadcrumb","itemListElement":[{"@type":"ListItem","position":1,"name":"Home","item":"https:\/\/www.bezner.com\/de\/"},{"@type":"ListItem","position":2,"name":"\u00dcber uns"}]},{"@type":"WebSite","@id":"https:\/\/www.bezner.com\/de\/#website","url":"https:\/\/www.bezner.com\/de\/","name":"Bezner Anlagen- und Maschinenbau","description":"Waste managament solutions","potentialAction":[{"@type":"SearchAction","target":{"@type":"EntryPoint","urlTemplate":"https:\/\/www.bezner.com\/de\/?s={search_term_string}"},"query-input":{"@type":"PropertyValueSpecification","valueRequired":true,"valueName":"search_term_string"}}],"inLanguage":"de"}]}},"_links":{"self":[{"href":"https:\/\/www.bezner.com\/de\/wp-json\/wp\/v2\/pages\/1183","targetHints":{"allow":["GET"]}}],"collection":[{"href":"https:\/\/www.bezner.com\/de\/wp-json\/wp\/v2\/pages"}],"about":[{"href":"https:\/\/www.bezner.com\/de\/wp-json\/wp\/v2\/types\/page"}],"author":[{"embeddable":true,"href":"https:\/\/www.bezner.com\/de\/wp-json\/wp\/v2\/users\/11"}],"replies":[{"embeddable":true,"href":"https:\/\/www.bezner.com\/de\/wp-json\/wp\/v2\/comments?post=1183"}],"version-history":[{"count":13,"href":"https:\/\/www.bezner.com\/de\/wp-json\/wp\/v2\/pages\/1183\/revisions"}],"predecessor-version":[{"id":3483,"href":"https:\/\/www.bezner.com\/de\/wp-json\/wp\/v2\/pages\/1183\/revisions\/3483"}],"wp:featuredmedia":[{"embeddable":true,"href":"https:\/\/www.bezner.com\/de\/wp-json\/wp\/v2\/media\/1186"}],"wp:attachment":[{"href":"https:\/\/www.bezner.com\/de\/wp-json\/wp\/v2\/media?parent=1183"}],"curies":[{"name":"wp","href":"https:\/\/api.w.org\/{rel}","templated":true}]}}