{"id":1442,"date":"2017-01-31T15:36:39","date_gmt":"2017-01-31T14:36:39","guid":{"rendered":"https:\/\/www.bezner.com\/products\/"},"modified":"2020-10-08T08:59:37","modified_gmt":"2020-10-08T06:59:37","slug":"products","status":"publish","type":"page","link":"https:\/\/www.bezner.com\/de\/products\/","title":{"rendered":"Produkte"},"content":{"rendered":"<div class=\"wpb-content-wrapper\">[vc_row element_id=&#8220;432682&#8243; css=&#8220;.vc_custom_1597649818489{margin-top: 35px !important;margin-bottom: 35px !important;}&#8220;][vc_column width=&#8220;1\/2&#8243;][vc_column_text animation_delay=&#8220;0&#8243;]\n<h1>RECYCLING- UND DIE ABFALLENTSORGUNG<\/h1>\n<h2><strong>HOCHMODERNE PRODUKTE F\u00dcR DIE ABFALLENTSORGUNGSINDUSTRIE<\/strong><\/h2>\n<p class=\"HoofdtekstA\"><span lang=\"DE\">Bei Bezner verstehen wir, dass Ihr Produktions- oder Recyclingprozess und\/oder Ihre Abfallentsorgungsanlage einzigartig ist. In erster Linie erfordert Ihre Sortieranlage ein besonderes Maschinendesign, um einen hohen Durchsatz und ausgezeichnete Reinheitsgrade zu erzeugen. Wir liefern Maschinen, um wertvolle Rohstoffe aus dem Abfallstrom f\u00fcr Folgendes zur\u00fcckzugewinnen:<\/span><\/p>\n<ul>\n<li>Abfallrecycling<\/li>\n<li>Abfallverarbeitung<\/li>\n<li>Recycling von Papier und Pappe<\/li>\n<li>Recycling von Kunststoff<\/li>\n<li>Recycling von Metall und Schrott<\/li>\n<li>Recycling von Glas<\/li>\n<li>Schlackeaufbereitung<\/li>\n<\/ul>\n<p>Wir verf\u00fcgen \u00fcber das Fachwissen und die Erfahrung, um spezifische Komponenten oder eine schl\u00fcsselfertige L\u00f6sung anzubieten. Wir stellen s\u00e4mtliche erforderlichen\u00a0<strong>F\u00f6rder-, Trenn-, Sortier-, Klassifizierungs-<\/strong>\u00a0und\u00a0<strong>Siebmaschinen<\/strong>\u00a0zur Verf\u00fcgung. Mit unseren internen Elektro- und Softwareingenieuren (in Zusammenarbeit mit unserem Schwesterunternehmen\u00a0<strong><a href=\"http:\/\/www.beemster.nl\/\">Beemster<\/a>\u00a0<\/strong>und in Zusammenarbeit mit erstklassigen Lieferanten erschaffen wir schl\u00fcsselfertige Verarbeitungsl\u00f6sungen.<\/p>\n<p class=\"HoofdtekstA\"><span lang=\"DE\">Wenn Sie uns in einem fr\u00fchen Planungsstadium kontaktieren, k\u00f6nnen wir Ihnen das vorteilhafteste Design anbieten, das die Methoden von Bezner mit Ihrem Wissen \u00fcber die Produkte und Prozesse vereint. Besuchen Sie hierzu bitte die individuellen Seiten f\u00fcr die von uns bereitgestellten Produkte. Kontaktieren Sie uns bitte, falls Sie Fragen zu unseren Produkten haben oder ein ma\u00dfgeschneidertes L\u00f6sungskonzept diskutieren m\u00f6chten.<\/span><\/p>\n[\/vc_column_text][\/vc_column][vc_column width=&#8220;1\/2&#8243;][vc_single_image image=&#8220;1443&#8243; img_size=&#8220;large&#8220; alignment=&#8220;center&#8220;][\/vc_column][\/vc_row][vc_row element_id=&#8220;646747&#8243; css=&#8220;.vc_custom_1598538189815{margin-top: 35px !important;margin-bottom: 35px !important;}&#8220;][vc_column animation_delay=&#8220;0&#8243; element_id=&#8220;966043&#8243; crp=&#8220;480:i:i,480-768:i:i,768-1024:i:i,1024-1280:i:i,1280-1366:i:i,1366-1600:i:i,1600-1920:i:i&#8220;][vc_column_text animation_delay=&#8220;0&#8243;]\n<h3>UNSERE <strong>PRODUKTE<\/strong><\/h3>\n[\/vc_column_text][\/vc_column][\/vc_row][vc_row element_id=&#8220;410800&#8243; css=&#8220;.vc_custom_1597649825216{margin-top: 35px !important;margin-bottom: 35px !important;}&#8220;][vc_column animation_delay=&#8220;0&#8243; element_id=&#8220;966043&#8243; crp=&#8220;480:i:i,480-768:i:i,768-1024:i:i,1024-1280:i:i,1280-1366:i:i,1366-1600:i:i,1600-1920:i:i&#8220;][vc_row_inner][vc_column_inner el_class=&#8220;zwarteSchaduw&#8220; width=&#8220;1\/2&#8243;]<div id=\"et-image-1\" class=\"et-image et-image-box overlay-hover classic alignnone link\" ><a title=\"RECYCLINGL\u00d6SUNGEN\" target=\"_self\" href=\"\/de\/products\/recyclingloesungen\/\"><div class=\"post-image post-media\"><img decoding=\"async\" width=\"t\" height=\"t\" src=\"https:\/\/www.bezner.com\/wp-content\/uploads\/2017\/05\/recycling-machinery-Bezner.jpg\" alt=\"RECYCLINGL\u00d6SUNGEN\"><\/div><div class=\"post-body et-clearfix\"><div class=\"post-body-inner-wrap\"><div class=\"post-body-inner\"><h4 class=\"post-title entry-title\">RECYCLINGL\u00d6SUNGEN<\/h4><\/div><\/div><\/div><\/a><\/div>[\/vc_column_inner][vc_column_inner width=&#8220;1\/2&#8243;]<div id=\"et-image-2\" class=\"et-image et-image-box overlay-hover classic alignnone link\" ><a title=\"F\u00d6RDERSYSTEME\" target=\"_self\" href=\"\/de\/products\/foerdersysteme\/\"><div class=\"post-image post-media\"><img decoding=\"async\" width=\"t\" height=\"t\" src=\"https:\/\/www.bezner.com\/wp-content\/uploads\/2018\/01\/conveyor-system-manufacturer.jpg\" alt=\"F\u00d6RDERSYSTEME\"><\/div><div class=\"post-body et-clearfix\"><div class=\"post-body-inner-wrap\"><div class=\"post-body-inner\"><h4 class=\"post-title entry-title\">F\u00d6RDERSYSTEME<\/h4><\/div><\/div><\/div><\/a><\/div>[\/vc_column_inner][\/vc_row_inner][vc_row_inner][vc_column_inner el_class=&#8220;zwarteSchaduw&#8220; width=&#8220;1\/2&#8243;]<div id=\"et-image-3\" class=\"et-image et-image-box overlay-hover classic alignnone link\" ><a title=\"SIEBMASCHINEN\" target=\"_self\" href=\"\/de\/products\/siebmaschinen\/\"><div class=\"post-image post-media\"><img decoding=\"async\" width=\"t\" height=\"t\" src=\"https:\/\/www.bezner.com\/wp-content\/uploads\/2017\/07\/drum-screen-for-municipal-solid-waste.jpg\" alt=\"SIEBMASCHINEN\"><\/div><div class=\"post-body et-clearfix\"><div class=\"post-body-inner-wrap\"><div class=\"post-body-inner\"><h4 class=\"post-title entry-title\">SIEBMASCHINEN<\/h4><\/div><\/div><\/div><\/a><\/div>[\/vc_column_inner][vc_column_inner width=&#8220;1\/2&#8243;]<div id=\"et-image-4\" class=\"et-image et-image-box overlay-hover classic alignnone link\" ><a title=\"WINDSICHTER\" target=\"_self\" href=\"\/de\/products\/windsichter\/\"><div class=\"post-image post-media\"><img decoding=\"async\" width=\"t\" height=\"t\" src=\"https:\/\/www.bezner.com\/wp-content\/uploads\/2017\/08\/air-separator-wind-sifter.jpg\" alt=\"WINDSICHTER\"><\/div><div class=\"post-body et-clearfix\"><div class=\"post-body-inner-wrap\"><div class=\"post-body-inner\"><h4 class=\"post-title entry-title\">WINDSICHTER<\/h4><\/div><\/div><\/div><\/a><\/div>[\/vc_column_inner][\/vc_row_inner][\/vc_column][\/vc_row]\n<\/div>","protected":false},"excerpt":{"rendered":"<p>[vc_row element_id=&#8220;432682&#8243; css=&#8220;.vc_custom_1597649818489{margin-top: 35px !important;margin-bottom: 35px !important;}&#8220;][vc_column width=&#8220;1\/2&#8243;][vc_column_text animation_delay=&#8220;0&#8243;] RECYCLING- UND DIE ABFALLENTSORGUNG HOCHMODERNE PRODUKTE F\u00dcR DIE ABFALLENTSORGUNGSINDUSTRIE Bei Bezner verstehen wir, dass Ihr Produktions- oder Recyclingprozess und\/oder Ihre Abfallentsorgungsanlage einzigartig ist. In erster Linie erfordert Ihre Sortieranlage ein besonderes Maschinendesign, um einen hohen Durchsatz und ausgezeichnete Reinheitsgrade zu erzeugen. Wir liefern Maschinen, um wertvolle [&hellip;]<\/p>\n","protected":false},"author":11,"featured_media":1443,"parent":0,"menu_order":0,"comment_status":"closed","ping_status":"closed","template":"","meta":{"_acf_changed":false,"footnotes":""},"class_list":["post-1442","page","type-page","status-publish","has-post-thumbnail","hentry"],"acf":[],"yoast_head":"<!-- This site is optimized with the Yoast SEO plugin v27.4 - https:\/\/yoast.com\/product\/yoast-seo-wordpress\/ -->\n<title>Produkte f\u00fcr die Recycling- und Abfallentsorgungsindustrie - Bezner<\/title>\n<meta name=\"description\" content=\"Maschinen f\u00fcr beispielsweise das Recycling von Kunststoff, Abfallrecycling und Recycling von Glas. Bezner liefert R\u00fcckgewinnungs- und Sortiermaschinen f\u00fcr Recyclingindustrien.\" \/>\n<meta name=\"robots\" content=\"index, follow, max-snippet:-1, max-image-preview:large, max-video-preview:-1\" \/>\n<link rel=\"canonical\" href=\"https:\/\/www.bezner.com\/de\/products\/\" \/>\n<meta property=\"og:locale\" content=\"de_DE\" \/>\n<meta property=\"og:type\" content=\"article\" \/>\n<meta property=\"og:title\" content=\"Produkte f\u00fcr die Recycling- und Abfallentsorgungsindustrie - Bezner\" \/>\n<meta property=\"og:description\" content=\"Maschinen f\u00fcr beispielsweise das Recycling von Kunststoff, Abfallrecycling und Recycling von Glas. Bezner liefert R\u00fcckgewinnungs- und Sortiermaschinen f\u00fcr Recyclingindustrien.\" \/>\n<meta property=\"og:url\" content=\"https:\/\/www.bezner.com\/de\/products\/\" \/>\n<meta property=\"og:site_name\" content=\"Bezner Anlagen- und Maschinenbau\" \/>\n<meta property=\"article:modified_time\" content=\"2020-10-08T06:59:37+00:00\" \/>\n<meta property=\"og:image\" content=\"https:\/\/www.bezner.com\/wp-content\/uploads\/2017\/03\/circular-vibrating-screens-bezner.jpg\" \/>\n\t<meta property=\"og:image:width\" content=\"800\" \/>\n\t<meta property=\"og:image:height\" content=\"600\" \/>\n\t<meta property=\"og:image:type\" content=\"image\/jpeg\" \/>\n<meta name=\"twitter:card\" content=\"summary_large_image\" \/>\n<meta name=\"twitter:label1\" content=\"Gesch\u00e4tzte Lesezeit\" \/>\n\t<meta name=\"twitter:data1\" content=\"2\u00a0Minuten\" \/>\n<script type=\"application\/ld+json\" class=\"yoast-schema-graph\">{\"@context\":\"https:\\\/\\\/schema.org\",\"@graph\":[{\"@type\":\"WebPage\",\"@id\":\"https:\\\/\\\/www.bezner.com\\\/de\\\/products\\\/\",\"url\":\"https:\\\/\\\/www.bezner.com\\\/de\\\/products\\\/\",\"name\":\"Produkte f\u00fcr die Recycling- und Abfallentsorgungsindustrie - Bezner\",\"isPartOf\":{\"@id\":\"https:\\\/\\\/www.bezner.com\\\/de\\\/#website\"},\"primaryImageOfPage\":{\"@id\":\"https:\\\/\\\/www.bezner.com\\\/de\\\/products\\\/#primaryimage\"},\"image\":{\"@id\":\"https:\\\/\\\/www.bezner.com\\\/de\\\/products\\\/#primaryimage\"},\"thumbnailUrl\":\"https:\\\/\\\/www.bezner.com\\\/wp-content\\\/uploads\\\/2017\\\/03\\\/circular-vibrating-screens-bezner.jpg\",\"datePublished\":\"2017-01-31T14:36:39+00:00\",\"dateModified\":\"2020-10-08T06:59:37+00:00\",\"description\":\"Maschinen f\u00fcr beispielsweise das Recycling von Kunststoff, Abfallrecycling und Recycling von Glas. Bezner liefert R\u00fcckgewinnungs- und Sortiermaschinen f\u00fcr Recyclingindustrien.\",\"breadcrumb\":{\"@id\":\"https:\\\/\\\/www.bezner.com\\\/de\\\/products\\\/#breadcrumb\"},\"inLanguage\":\"de\",\"potentialAction\":[{\"@type\":\"ReadAction\",\"target\":[\"https:\\\/\\\/www.bezner.com\\\/de\\\/products\\\/\"]}]},{\"@type\":\"ImageObject\",\"inLanguage\":\"de\",\"@id\":\"https:\\\/\\\/www.bezner.com\\\/de\\\/products\\\/#primaryimage\",\"url\":\"https:\\\/\\\/www.bezner.com\\\/wp-content\\\/uploads\\\/2017\\\/03\\\/circular-vibrating-screens-bezner.jpg\",\"contentUrl\":\"https:\\\/\\\/www.bezner.com\\\/wp-content\\\/uploads\\\/2017\\\/03\\\/circular-vibrating-screens-bezner.jpg\",\"width\":800,\"height\":600},{\"@type\":\"BreadcrumbList\",\"@id\":\"https:\\\/\\\/www.bezner.com\\\/de\\\/products\\\/#breadcrumb\",\"itemListElement\":[{\"@type\":\"ListItem\",\"position\":1,\"name\":\"Home\",\"item\":\"https:\\\/\\\/www.bezner.com\\\/de\\\/\"},{\"@type\":\"ListItem\",\"position\":2,\"name\":\"Produkte\"}]},{\"@type\":\"WebSite\",\"@id\":\"https:\\\/\\\/www.bezner.com\\\/de\\\/#website\",\"url\":\"https:\\\/\\\/www.bezner.com\\\/de\\\/\",\"name\":\"Bezner Anlagen- und Maschinenbau\",\"description\":\"Waste managament solutions\",\"potentialAction\":[{\"@type\":\"SearchAction\",\"target\":{\"@type\":\"EntryPoint\",\"urlTemplate\":\"https:\\\/\\\/www.bezner.com\\\/de\\\/?s={search_term_string}\"},\"query-input\":{\"@type\":\"PropertyValueSpecification\",\"valueRequired\":true,\"valueName\":\"search_term_string\"}}],\"inLanguage\":\"de\"}]}<\/script>\n<!-- \/ Yoast SEO plugin. -->","yoast_head_json":{"title":"Produkte f\u00fcr die Recycling- und Abfallentsorgungsindustrie - Bezner","description":"Maschinen f\u00fcr beispielsweise das Recycling von Kunststoff, Abfallrecycling und Recycling von Glas. Bezner liefert R\u00fcckgewinnungs- und Sortiermaschinen f\u00fcr Recyclingindustrien.","robots":{"index":"index","follow":"follow","max-snippet":"max-snippet:-1","max-image-preview":"max-image-preview:large","max-video-preview":"max-video-preview:-1"},"canonical":"https:\/\/www.bezner.com\/de\/products\/","og_locale":"de_DE","og_type":"article","og_title":"Produkte f\u00fcr die Recycling- und Abfallentsorgungsindustrie - Bezner","og_description":"Maschinen f\u00fcr beispielsweise das Recycling von Kunststoff, Abfallrecycling und Recycling von Glas. Bezner liefert R\u00fcckgewinnungs- und Sortiermaschinen f\u00fcr Recyclingindustrien.","og_url":"https:\/\/www.bezner.com\/de\/products\/","og_site_name":"Bezner Anlagen- und Maschinenbau","article_modified_time":"2020-10-08T06:59:37+00:00","og_image":[{"width":800,"height":600,"url":"https:\/\/www.bezner.com\/wp-content\/uploads\/2017\/03\/circular-vibrating-screens-bezner.jpg","type":"image\/jpeg"}],"twitter_card":"summary_large_image","twitter_misc":{"Gesch\u00e4tzte Lesezeit":"2\u00a0Minuten"},"schema":{"@context":"https:\/\/schema.org","@graph":[{"@type":"WebPage","@id":"https:\/\/www.bezner.com\/de\/products\/","url":"https:\/\/www.bezner.com\/de\/products\/","name":"Produkte f\u00fcr die Recycling- und Abfallentsorgungsindustrie - Bezner","isPartOf":{"@id":"https:\/\/www.bezner.com\/de\/#website"},"primaryImageOfPage":{"@id":"https:\/\/www.bezner.com\/de\/products\/#primaryimage"},"image":{"@id":"https:\/\/www.bezner.com\/de\/products\/#primaryimage"},"thumbnailUrl":"https:\/\/www.bezner.com\/wp-content\/uploads\/2017\/03\/circular-vibrating-screens-bezner.jpg","datePublished":"2017-01-31T14:36:39+00:00","dateModified":"2020-10-08T06:59:37+00:00","description":"Maschinen f\u00fcr beispielsweise das Recycling von Kunststoff, Abfallrecycling und Recycling von Glas. Bezner liefert R\u00fcckgewinnungs- und Sortiermaschinen f\u00fcr Recyclingindustrien.","breadcrumb":{"@id":"https:\/\/www.bezner.com\/de\/products\/#breadcrumb"},"inLanguage":"de","potentialAction":[{"@type":"ReadAction","target":["https:\/\/www.bezner.com\/de\/products\/"]}]},{"@type":"ImageObject","inLanguage":"de","@id":"https:\/\/www.bezner.com\/de\/products\/#primaryimage","url":"https:\/\/www.bezner.com\/wp-content\/uploads\/2017\/03\/circular-vibrating-screens-bezner.jpg","contentUrl":"https:\/\/www.bezner.com\/wp-content\/uploads\/2017\/03\/circular-vibrating-screens-bezner.jpg","width":800,"height":600},{"@type":"BreadcrumbList","@id":"https:\/\/www.bezner.com\/de\/products\/#breadcrumb","itemListElement":[{"@type":"ListItem","position":1,"name":"Home","item":"https:\/\/www.bezner.com\/de\/"},{"@type":"ListItem","position":2,"name":"Produkte"}]},{"@type":"WebSite","@id":"https:\/\/www.bezner.com\/de\/#website","url":"https:\/\/www.bezner.com\/de\/","name":"Bezner Anlagen- und Maschinenbau","description":"Waste managament solutions","potentialAction":[{"@type":"SearchAction","target":{"@type":"EntryPoint","urlTemplate":"https:\/\/www.bezner.com\/de\/?s={search_term_string}"},"query-input":{"@type":"PropertyValueSpecification","valueRequired":true,"valueName":"search_term_string"}}],"inLanguage":"de"}]}},"_links":{"self":[{"href":"https:\/\/www.bezner.com\/de\/wp-json\/wp\/v2\/pages\/1442","targetHints":{"allow":["GET"]}}],"collection":[{"href":"https:\/\/www.bezner.com\/de\/wp-json\/wp\/v2\/pages"}],"about":[{"href":"https:\/\/www.bezner.com\/de\/wp-json\/wp\/v2\/types\/page"}],"author":[{"embeddable":true,"href":"https:\/\/www.bezner.com\/de\/wp-json\/wp\/v2\/users\/11"}],"replies":[{"embeddable":true,"href":"https:\/\/www.bezner.com\/de\/wp-json\/wp\/v2\/comments?post=1442"}],"version-history":[{"count":11,"href":"https:\/\/www.bezner.com\/de\/wp-json\/wp\/v2\/pages\/1442\/revisions"}],"predecessor-version":[{"id":2857,"href":"https:\/\/www.bezner.com\/de\/wp-json\/wp\/v2\/pages\/1442\/revisions\/2857"}],"wp:featuredmedia":[{"embeddable":true,"href":"https:\/\/www.bezner.com\/de\/wp-json\/wp\/v2\/media\/1443"}],"wp:attachment":[{"href":"https:\/\/www.bezner.com\/de\/wp-json\/wp\/v2\/media?parent=1442"}],"curies":[{"name":"wp","href":"https:\/\/api.w.org\/{rel}","templated":true}]}}