{"id":1452,"date":"2017-02-07T10:42:49","date_gmt":"2017-02-07T09:42:49","guid":{"rendered":"https:\/\/www.bezner.com\/vacancies\/"},"modified":"2025-11-10T15:57:15","modified_gmt":"2025-11-10T14:57:15","slug":"offene-stellen","status":"publish","type":"page","link":"https:\/\/www.bezner.com\/de\/offene-stellen\/","title":{"rendered":"Offene stellen"},"content":{"rendered":"<div class=\"wpb-content-wrapper\">[vc_row gap=&#8220;0&#8243; element_id=&#8220;683409&#8243; css=&#8220;.vc_custom_1756117419130{margin-bottom: 25px !important;background-color: #0F145B1A !important;border-color: rgba(15,20,91,0.1) !important;}&#8220; el_class=&#8220;backblock&#8220;][vc_column animation_delay=&#8220;0&#8243; element_id=&#8220;127463&#8243; crp=&#8220;480:i:i,480-768:i:i,768-1024:i:i,1024-1280:i:i,1280-1366:i:i,1366-1600:i:i,1600-1920:i:i&#8220;][vc_row_inner content_placement=&#8220;middle&#8220; element_id=&#8220;179935&#8243;][vc_column_inner width=&#8220;1\/2&#8243; css=&#8220;.vc_custom_1756117459894{padding-top: 40px !important;padding-right: 20px !important;padding-bottom: 40px !important;padding-left: 40px !important;}&#8220;][vc_column_text animation_delay=&#8220;150&#8243; css_animation=&#8220;none&#8220; css=&#8220;&#8220;]\n<h1><b>Arbeiten bei Bezner<\/b><\/h1>\n<p><span style=\"font-weight: 400;\">Bezner entwickelt und baut innovative Recyclinganlagen und Maschinen f\u00fcr Kunden weltweit. Als Teil der Heilig Group sind wir Teil eines internationalen Netzwerks von \u00fcber <\/span><b>400 Kolleginnen und Kollegen<\/b><span style=\"font-weight: 400;\">. Bei uns treffen technisches Know-how, Teamgeist und nachhaltige L\u00f6sungen aufeinander. Ob Berufseinsteiger oder erfahrene Fachkraft \u2013 wir freuen uns auf Verst\u00e4rkung in unserem engagierten Team.<\/span>[\/vc_column_text]<span class=\"et-gap et-clearfix et-gap-917670\"><\/span><a id=\"et-button-459019\" class=\"et-button icon-position-left modal-false small hover-none click-none\" target=\"_blank\" href=\"https:\/\/www.heilig-group.com\/en\/job\/\" data-animation-delay=\"0\" data-parallax=\"false\" data-move=\"false\" data-coordinatex=\"0\" data-coordinatey=\"0\" data-speed=\"10\"><span class=\"hover\"><\/span><span class=\"regular\"><\/span><span class=\"text\">JOBS<\/span><\/a>[\/vc_column_inner][vc_column_inner width=&#8220;1\/2&#8243;]<div id=\"et-image-674736\" class=\"et-image aligncenter curtain-left\" data-curtain=\"false\" data-animation-delay=\"0\" data-parallax=\"false\" data-move=\"false\" data-coordinatex=\"0\" data-coordinatey=\"0\" data-speed=\"10\"><img decoding=\"async\" width=\"t\" height=\"t\" src=\"https:\/\/www.bezner.com\/wp-content\/uploads\/2020\/09\/Heilig_Team_vrijstaand.png\" alt=\"Bezner Anlagen- und Maschinenbau\"><\/div>[\/vc_column_inner][\/vc_row_inner][\/vc_column][\/vc_row][vc_row gap=&#8220;0&#8243; disable_element=&#8220;yes&#8220; element_id=&#8220;308026&#8243; css=&#8220;.vc_custom_1762786596761{margin-right: -1000px !important;border-right-width: -400px !important;background-color: rgba(15,20,91,0.1) !important;*background-color: rgb(15,20,91) !important;border-color: rgba(15,20,91,0.1) !important;}&#8220; el_class=&#8220;backblock&#8220;][vc_column animation_delay=&#8220;0&#8243; element_id=&#8220;843578&#8243; css=&#8220;.vc_custom_1602589893360{background-color: rgba(15,20,91,0.1) !important;*background-color: rgb(15,20,91) !important;}&#8220; crp=&#8220;480:i:i,480-768:i:i,768-1024:i:i,1024-1280:i:i,1280-1366:i:i,1366-1600:i:i,1600-1920:i:i&#8220;][vc_row_inner content_placement=&#8220;middle&#8220; element_id=&#8220;206440&#8243; css=&#8220;.vc_custom_1681286782957{padding-right: 30px !important;}&#8220;][vc_column_inner width=&#8220;1\/2&#8243;][vc_column_text animation_delay=&#8220;150&#8243; css_animation=&#8220;fadeIn&#8220; css=&#8220;.vc_custom_1681286018776{padding-top: 40px !important;padding-right: 20px !important;padding-bottom: 40px !important;padding-left: 40px !important;}&#8220;]\n<h1>Offene stellen<\/h1>\n<p>Die Bezner Anlagen und Maschinenbau GmbH verf\u00fcgt \u00fcber eine breite Palette an Recyclinganlagen und Recyclingmaschinen, die sie ihren Kunden weltweit zur Verf\u00fcgung stellt. Das Hauptziel ist und bleibt die langfristige Kundenzufriedenheit und die Lieferung langfristiger und praktikabler L\u00f6sungen, die geringste Ausfallzeiten und eine lange Lebensdauer garantieren. Dar\u00fcber hinaus kann Bezner von allen angeschlossenen Unternehmen der Heilig-Gruppe profitieren und seinen Kunden immer die beste Leistung garantieren.<\/p>\n<p>Wir sind jederzeit auf der Suche nach ambitionierten und talentierten (Young) Professionals, die unser Team verst\u00e4rken m\u00f6chten. Wenn Sie interessiert sind, senden Sie Ihren Lebenslauf einfach an <a href=\"mailto:jobs@heilig-group.com\">jobs@heilig-group.com<\/a>.<\/p>\n<p>Unsere offenen Stellen finden Sie unten:[\/vc_column_text]<a id=\"et-button-903699\" class=\"et-button icon-position-right modal-false small hover-none click-none\" target=\"_blank\" href=\"https:\/\/www.heilig-group.com\/de\/stellenangebote\/\" data-animation-delay=\"0\" data-parallax=\"false\" data-move=\"false\" data-coordinatex=\"0\" data-coordinatey=\"0\" data-speed=\"10\"><span class=\"hover\"><\/span><span class=\"regular\"><\/span><span class=\"text\">JOBS<\/span><\/a>[\/vc_column_inner][vc_column_inner width=&#8220;1\/2&#8243;]<div id=\"et-image-408252\" class=\"et-image alignright curtain-left\" data-curtain=\"false\" data-animation-delay=\"0\" data-parallax=\"false\" data-move=\"false\" data-coordinatex=\"0\" data-coordinatey=\"0\" data-speed=\"10\"><img decoding=\"async\" width=\"t\" height=\"t\" src=\"https:\/\/www.bezner.com\/wp-content\/uploads\/2020\/09\/Heilig_Team_vrijstaand.png\" alt=\"Bezner Anlagen- und Maschinenbau\"><\/div>[\/vc_column_inner][\/vc_row_inner][\/vc_column][\/vc_row][vc_row disable_element=&#8220;yes&#8220; element_id=&#8220;943212&#8243; css=&#8220;.vc_custom_1687415081149{margin-top: 40px !important;}&#8220;][vc_column animation_delay=&#8220;0&#8243; width=&#8220;1\/6&#8243; element_id=&#8220;446756&#8243; css=&#8220;.vc_custom_1600164137782{padding-top: 15px !important;padding-right: 15px !important;padding-bottom: 15px !important;padding-left: 15px !important;background-color: #aaaaaa !important;}&#8220; crp=&#8220;480:i:i,480-768:i:i,768-1024:i:i,1024-1280:i:i,1280-1366:i:i,1366-1600:i:i,1600-1920:i:i&#8220;][vc_column_text animation_delay=&#8220;0&#8243; el_class=&#8220;white&#8220;]\n<p style=\"text-align: center;\"><strong>VOLLZEIT<\/strong><\/p>\n[\/vc_column_text][\/vc_column][vc_column animation_delay=&#8220;0&#8243; width=&#8220;1\/2&#8243; element_id=&#8220;37016&#8243; css=&#8220;.vc_custom_1600164146508{padding-top: 15px !important;padding-right: 15px !important;padding-bottom: 15px !important;padding-left: 15px !important;background-color: #f6f6f6 !important;}&#8220; crp=&#8220;480:i:i,480-768:i:i,768-1024:i:i,1024-1280:i:i,1280-1366:i:i,1366-1600:i:i,1600-1920:i:i&#8220;][vc_column_text animation_delay=&#8220;0&#8243;]<strong><span class=\"ui-provider gz b c d e f g h i j k l m n o p q r s t u v w x y z ab ac ae af ag ah ai aj ak\" dir=\"ltr\">Ingenieur f\u00fcr Elektrotechnik<\/span><\/strong>[\/vc_column_text][\/vc_column][vc_column width=&#8220;1\/3&#8243;]<a id=\"et-button-603832\" class=\"et-button icon-position-left modal-false medium hover-none click-none\" target=\"_self\" href=\"\/de\/offene-stellen\/elektromeister\/\" data-animation-delay=\"0\" data-parallax=\"false\" data-move=\"false\" data-coordinatex=\"0\" data-coordinatey=\"0\" data-speed=\"10\"><span class=\"hover\"><\/span><span class=\"regular\"><\/span><span class=\"text\">Weitere Informationen oder Bewerbung?<\/span><\/a>[\/vc_column][\/vc_row][vc_row disable_element=&#8220;yes&#8220; element_id=&#8220;605808&#8243; css=&#8220;.vc_custom_1762786623234{margin-top: 20px !important;}&#8220;][vc_column][vc_column_text animation_delay=&#8220;0&#8243;]\n<p><strong>Leider haben wir zur Zeit keine freien Stellen. Wir w\u00fcrden uns \u00fcber Ihre offene Bewerbung freuen.<\/strong><\/p>\n[\/vc_column_text][\/vc_column][\/vc_row]\n<\/div>","protected":false},"excerpt":{"rendered":"<p>[vc_row gap=&#8220;0&#8243; element_id=&#8220;683409&#8243; css=&#8220;.vc_custom_1756117419130{margin-bottom: 25px !important;background-color: #0F145B1A !important;border-color: rgba(15,20,91,0.1) !important;}&#8220; el_class=&#8220;backblock&#8220;][vc_column animation_delay=&#8220;0&#8243; element_id=&#8220;127463&#8243; crp=&#8220;480:i:i,480-768:i:i,768-1024:i:i,1024-1280:i:i,1280-1366:i:i,1366-1600:i:i,1600-1920:i:i&#8220;][vc_row_inner content_placement=&#8220;middle&#8220; element_id=&#8220;179935&#8243;][vc_column_inner width=&#8220;1\/2&#8243; css=&#8220;.vc_custom_1756117459894{padding-top: 40px !important;padding-right: 20px !important;padding-bottom: 40px !important;padding-left: 40px !important;}&#8220;][vc_column_text animation_delay=&#8220;150&#8243; css_animation=&#8220;none&#8220; css=&#8220;&#8220;] Arbeiten bei Bezner Bezner entwickelt und baut innovative Recyclinganlagen und Maschinen f\u00fcr Kunden weltweit. Als Teil der Heilig Group sind wir Teil eines internationalen Netzwerks von [&hellip;]<\/p>\n","protected":false},"author":11,"featured_media":2102,"parent":0,"menu_order":0,"comment_status":"closed","ping_status":"closed","template":"","meta":{"_acf_changed":false,"footnotes":""},"class_list":["post-1452","page","type-page","status-publish","has-post-thumbnail","hentry"],"acf":[],"yoast_head":"<!-- This site is optimized with the Yoast SEO plugin v27.5 - https:\/\/yoast.com\/product\/yoast-seo-wordpress\/ -->\n<title>Offene stellen - Bezner Anlagen- und Maschinenbau<\/title>\n<meta name=\"robots\" content=\"index, follow, max-snippet:-1, max-image-preview:large, max-video-preview:-1\" \/>\n<link rel=\"canonical\" href=\"https:\/\/www.bezner.com\/de\/offene-stellen\/\" \/>\n<meta property=\"og:locale\" content=\"de_DE\" \/>\n<meta property=\"og:type\" content=\"article\" \/>\n<meta property=\"og:title\" content=\"Offene stellen - Bezner Anlagen- und Maschinenbau\" \/>\n<meta property=\"og:description\" content=\"[vc_row gap=&#8220;0&#8243; element_id=&#8220;683409&#8243; css=&#8220;.vc_custom_1756117419130{margin-bottom: 25px !important;background-color: #0F145B1A !important;border-color: rgba(15,20,91,0.1) !important;}&#8220; el_class=&#8220;backblock&#8220;][vc_column animation_delay=&#8220;0&#8243; element_id=&#8220;127463&#8243; crp=&#8220;480:i:i,480-768:i:i,768-1024:i:i,1024-1280:i:i,1280-1366:i:i,1366-1600:i:i,1600-1920:i:i&#8220;][vc_row_inner content_placement=&#8220;middle&#8220; element_id=&#8220;179935&#8243;][vc_column_inner width=&#8220;1\/2&#8243; css=&#8220;.vc_custom_1756117459894{padding-top: 40px !important;padding-right: 20px !important;padding-bottom: 40px !important;padding-left: 40px !important;}&#8220;][vc_column_text animation_delay=&#8220;150&#8243; css_animation=&#8220;none&#8220; css=&#8220;&#8220;] Arbeiten bei Bezner Bezner entwickelt und baut innovative Recyclinganlagen und Maschinen f\u00fcr Kunden weltweit. Als Teil der Heilig Group sind wir Teil eines internationalen Netzwerks von [&hellip;]\" \/>\n<meta property=\"og:url\" content=\"https:\/\/www.bezner.com\/de\/offene-stellen\/\" \/>\n<meta property=\"og:site_name\" content=\"Bezner Anlagen- und Maschinenbau\" \/>\n<meta property=\"article:modified_time\" content=\"2025-11-10T14:57:15+00:00\" \/>\n<meta property=\"og:image\" content=\"https:\/\/www.bezner.com\/wp-content\/uploads\/2018\/06\/Heilig-Heerhugowaard-119.jpg\" \/>\n\t<meta property=\"og:image:width\" content=\"3871\" \/>\n\t<meta property=\"og:image:height\" content=\"2583\" \/>\n\t<meta property=\"og:image:type\" content=\"image\/jpeg\" \/>\n<meta name=\"twitter:card\" content=\"summary_large_image\" \/>\n<meta name=\"twitter:label1\" content=\"Gesch\u00e4tzte Lesezeit\" \/>\n\t<meta name=\"twitter:data1\" content=\"3\u00a0Minuten\" \/>\n<script type=\"application\/ld+json\" class=\"yoast-schema-graph\">{\"@context\":\"https:\\\/\\\/schema.org\",\"@graph\":[{\"@type\":\"WebPage\",\"@id\":\"https:\\\/\\\/www.bezner.com\\\/de\\\/offene-stellen\\\/\",\"url\":\"https:\\\/\\\/www.bezner.com\\\/de\\\/offene-stellen\\\/\",\"name\":\"Offene stellen - Bezner Anlagen- und Maschinenbau\",\"isPartOf\":{\"@id\":\"https:\\\/\\\/www.bezner.com\\\/de\\\/#website\"},\"primaryImageOfPage\":{\"@id\":\"https:\\\/\\\/www.bezner.com\\\/de\\\/offene-stellen\\\/#primaryimage\"},\"image\":{\"@id\":\"https:\\\/\\\/www.bezner.com\\\/de\\\/offene-stellen\\\/#primaryimage\"},\"thumbnailUrl\":\"https:\\\/\\\/www.bezner.com\\\/wp-content\\\/uploads\\\/2018\\\/06\\\/Heilig-Heerhugowaard-119.jpg\",\"datePublished\":\"2017-02-07T09:42:49+00:00\",\"dateModified\":\"2025-11-10T14:57:15+00:00\",\"breadcrumb\":{\"@id\":\"https:\\\/\\\/www.bezner.com\\\/de\\\/offene-stellen\\\/#breadcrumb\"},\"inLanguage\":\"de\",\"potentialAction\":[{\"@type\":\"ReadAction\",\"target\":[\"https:\\\/\\\/www.bezner.com\\\/de\\\/offene-stellen\\\/\"]}]},{\"@type\":\"ImageObject\",\"inLanguage\":\"de\",\"@id\":\"https:\\\/\\\/www.bezner.com\\\/de\\\/offene-stellen\\\/#primaryimage\",\"url\":\"https:\\\/\\\/www.bezner.com\\\/wp-content\\\/uploads\\\/2018\\\/06\\\/Heilig-Heerhugowaard-119.jpg\",\"contentUrl\":\"https:\\\/\\\/www.bezner.com\\\/wp-content\\\/uploads\\\/2018\\\/06\\\/Heilig-Heerhugowaard-119.jpg\",\"width\":3871,\"height\":2583,\"caption\":\"Heilig Group Heerhugowaard en Bezner Heerhugowaard\"},{\"@type\":\"BreadcrumbList\",\"@id\":\"https:\\\/\\\/www.bezner.com\\\/de\\\/offene-stellen\\\/#breadcrumb\",\"itemListElement\":[{\"@type\":\"ListItem\",\"position\":1,\"name\":\"Home\",\"item\":\"https:\\\/\\\/www.bezner.com\\\/de\\\/\"},{\"@type\":\"ListItem\",\"position\":2,\"name\":\"Offene stellen\"}]},{\"@type\":\"WebSite\",\"@id\":\"https:\\\/\\\/www.bezner.com\\\/de\\\/#website\",\"url\":\"https:\\\/\\\/www.bezner.com\\\/de\\\/\",\"name\":\"Bezner Anlagen- und Maschinenbau\",\"description\":\"Waste managament solutions\",\"potentialAction\":[{\"@type\":\"SearchAction\",\"target\":{\"@type\":\"EntryPoint\",\"urlTemplate\":\"https:\\\/\\\/www.bezner.com\\\/de\\\/?s={search_term_string}\"},\"query-input\":{\"@type\":\"PropertyValueSpecification\",\"valueRequired\":true,\"valueName\":\"search_term_string\"}}],\"inLanguage\":\"de\"}]}<\/script>\n<!-- \/ Yoast SEO plugin. -->","yoast_head_json":{"title":"Offene stellen - Bezner Anlagen- und Maschinenbau","robots":{"index":"index","follow":"follow","max-snippet":"max-snippet:-1","max-image-preview":"max-image-preview:large","max-video-preview":"max-video-preview:-1"},"canonical":"https:\/\/www.bezner.com\/de\/offene-stellen\/","og_locale":"de_DE","og_type":"article","og_title":"Offene stellen - Bezner Anlagen- und Maschinenbau","og_description":"[vc_row gap=&#8220;0&#8243; element_id=&#8220;683409&#8243; css=&#8220;.vc_custom_1756117419130{margin-bottom: 25px !important;background-color: #0F145B1A !important;border-color: rgba(15,20,91,0.1) !important;}&#8220; el_class=&#8220;backblock&#8220;][vc_column animation_delay=&#8220;0&#8243; element_id=&#8220;127463&#8243; crp=&#8220;480:i:i,480-768:i:i,768-1024:i:i,1024-1280:i:i,1280-1366:i:i,1366-1600:i:i,1600-1920:i:i&#8220;][vc_row_inner content_placement=&#8220;middle&#8220; element_id=&#8220;179935&#8243;][vc_column_inner width=&#8220;1\/2&#8243; css=&#8220;.vc_custom_1756117459894{padding-top: 40px !important;padding-right: 20px !important;padding-bottom: 40px !important;padding-left: 40px !important;}&#8220;][vc_column_text animation_delay=&#8220;150&#8243; css_animation=&#8220;none&#8220; css=&#8220;&#8220;] Arbeiten bei Bezner Bezner entwickelt und baut innovative Recyclinganlagen und Maschinen f\u00fcr Kunden weltweit. Als Teil der Heilig Group sind wir Teil eines internationalen Netzwerks von [&hellip;]","og_url":"https:\/\/www.bezner.com\/de\/offene-stellen\/","og_site_name":"Bezner Anlagen- und Maschinenbau","article_modified_time":"2025-11-10T14:57:15+00:00","og_image":[{"width":3871,"height":2583,"url":"https:\/\/www.bezner.com\/wp-content\/uploads\/2018\/06\/Heilig-Heerhugowaard-119.jpg","type":"image\/jpeg"}],"twitter_card":"summary_large_image","twitter_misc":{"Gesch\u00e4tzte Lesezeit":"3\u00a0Minuten"},"schema":{"@context":"https:\/\/schema.org","@graph":[{"@type":"WebPage","@id":"https:\/\/www.bezner.com\/de\/offene-stellen\/","url":"https:\/\/www.bezner.com\/de\/offene-stellen\/","name":"Offene stellen - Bezner Anlagen- und Maschinenbau","isPartOf":{"@id":"https:\/\/www.bezner.com\/de\/#website"},"primaryImageOfPage":{"@id":"https:\/\/www.bezner.com\/de\/offene-stellen\/#primaryimage"},"image":{"@id":"https:\/\/www.bezner.com\/de\/offene-stellen\/#primaryimage"},"thumbnailUrl":"https:\/\/www.bezner.com\/wp-content\/uploads\/2018\/06\/Heilig-Heerhugowaard-119.jpg","datePublished":"2017-02-07T09:42:49+00:00","dateModified":"2025-11-10T14:57:15+00:00","breadcrumb":{"@id":"https:\/\/www.bezner.com\/de\/offene-stellen\/#breadcrumb"},"inLanguage":"de","potentialAction":[{"@type":"ReadAction","target":["https:\/\/www.bezner.com\/de\/offene-stellen\/"]}]},{"@type":"ImageObject","inLanguage":"de","@id":"https:\/\/www.bezner.com\/de\/offene-stellen\/#primaryimage","url":"https:\/\/www.bezner.com\/wp-content\/uploads\/2018\/06\/Heilig-Heerhugowaard-119.jpg","contentUrl":"https:\/\/www.bezner.com\/wp-content\/uploads\/2018\/06\/Heilig-Heerhugowaard-119.jpg","width":3871,"height":2583,"caption":"Heilig Group Heerhugowaard en Bezner Heerhugowaard"},{"@type":"BreadcrumbList","@id":"https:\/\/www.bezner.com\/de\/offene-stellen\/#breadcrumb","itemListElement":[{"@type":"ListItem","position":1,"name":"Home","item":"https:\/\/www.bezner.com\/de\/"},{"@type":"ListItem","position":2,"name":"Offene stellen"}]},{"@type":"WebSite","@id":"https:\/\/www.bezner.com\/de\/#website","url":"https:\/\/www.bezner.com\/de\/","name":"Bezner Anlagen- und Maschinenbau","description":"Waste managament solutions","potentialAction":[{"@type":"SearchAction","target":{"@type":"EntryPoint","urlTemplate":"https:\/\/www.bezner.com\/de\/?s={search_term_string}"},"query-input":{"@type":"PropertyValueSpecification","valueRequired":true,"valueName":"search_term_string"}}],"inLanguage":"de"}]}},"_links":{"self":[{"href":"https:\/\/www.bezner.com\/de\/wp-json\/wp\/v2\/pages\/1452","targetHints":{"allow":["GET"]}}],"collection":[{"href":"https:\/\/www.bezner.com\/de\/wp-json\/wp\/v2\/pages"}],"about":[{"href":"https:\/\/www.bezner.com\/de\/wp-json\/wp\/v2\/types\/page"}],"author":[{"embeddable":true,"href":"https:\/\/www.bezner.com\/de\/wp-json\/wp\/v2\/users\/11"}],"replies":[{"embeddable":true,"href":"https:\/\/www.bezner.com\/de\/wp-json\/wp\/v2\/comments?post=1452"}],"version-history":[{"count":25,"href":"https:\/\/www.bezner.com\/de\/wp-json\/wp\/v2\/pages\/1452\/revisions"}],"predecessor-version":[{"id":4675,"href":"https:\/\/www.bezner.com\/de\/wp-json\/wp\/v2\/pages\/1452\/revisions\/4675"}],"wp:featuredmedia":[{"embeddable":true,"href":"https:\/\/www.bezner.com\/de\/wp-json\/wp\/v2\/media\/2102"}],"wp:attachment":[{"href":"https:\/\/www.bezner.com\/de\/wp-json\/wp\/v2\/media?parent=1452"}],"curies":[{"name":"wp","href":"https:\/\/api.w.org\/{rel}","templated":true}]}}