{"id":2835,"date":"2020-10-07T16:04:06","date_gmt":"2020-10-07T14:04:06","guid":{"rendered":"https:\/\/www.bezner.com\/?page_id=2835"},"modified":"2020-10-08T14:20:59","modified_gmt":"2020-10-08T12:20:59","slug":"foerdersysteme","status":"publish","type":"page","link":"https:\/\/www.bezner.com\/de\/products\/foerdersysteme\/","title":{"rendered":"F\u00f6rdersysteme"},"content":{"rendered":"<div class=\"wpb-content-wrapper\">[vc_row element_id=&#8220;432682&#8243; css=&#8220;.vc_custom_1597649818489{margin-top: 35px !important;margin-bottom: 35px !important;}&#8220;][vc_column width=&#8220;1\/2&#8243;][vc_column_text animation_delay=&#8220;0&#8243;]\n<h1>F\u00d6RDERSYSTEME F\u00dcR WERTVOLLES RECYCLINGMATERIAL<\/h1>\n<p>Als Vorreiter begann Bezner vor mehr als drei Jahrzehnten bereits mit der Entwicklung von F\u00f6rderkomponenten und -systemen f\u00fcr die Recyclingindustrie. Heutzutage sind\u00a0<strong>F\u00f6rdersysteme<\/strong>\u00a0aufgrund der anspruchsvollen Anforderungen an den Dauerbetrieb (Reduzierung der Ausfallzeiten), der Sicherheit, des hohen Durchsatzes und des geringen Wartungsaufwands viel ausgereifter.<\/p>\n<p>F\u00fcr Abfallentsorgungs- und Recyclingindustrien bieten wir F\u00f6rdersysteme an, die Folgendes umfassen:<\/p>\n<ul>\n<li>Rollenf\u00f6rderer<\/li>\n<li>Gleitf\u00f6rderer<\/li>\n<li>Beschleunigungsb\u00e4nder<\/li>\n<li>Kettenf\u00f6rderer<\/li>\n<li>Transportf\u00f6rderer<\/li>\n<li>Spiralf\u00f6rderer<\/li>\n<li>Becherwerke<\/li>\n<li>Bunkerf\u00f6rderer<\/li>\n<\/ul>\n<p>Gerne k\u00f6nnen Sie auf unserer Webseite und in den von uns angebotenen F\u00f6rderprodukten st\u00f6bern. Bitte machen Sie <a href=\"https:\/\/www.bezner.com\/de\/kontakt\/\">einen Termin<\/a>\u00a0mit uns aus, um die beste L\u00f6sung f\u00fcr Ihren Gesch\u00e4ftsbereich zu finden.[\/vc_column_text][\/vc_column][vc_column width=&#8220;1\/2&#8243;][vc_single_image image=&#8220;1875&#8243; img_size=&#8220;large&#8220; alignment=&#8220;center&#8220;][\/vc_column][\/vc_row][vc_row element_id=&#8220;9243&#8243; css=&#8220;.vc_custom_1599474768679{margin-top: 35px !important;margin-bottom: 35px !important;}&#8220;][vc_column animation_delay=&#8220;0&#8243; element_id=&#8220;966043&#8243; crp=&#8220;480:i:i,480-768:i:i,768-1024:i:i,1024-1280:i:i,1280-1366:i:i,1366-1600:i:i,1600-1920:i:i&#8220;][vc_column_text animation_delay=&#8220;0&#8243;]\n<h3>UNSERE PRODUKTE<\/h3>\n[\/vc_column_text][\/vc_column][\/vc_row][vc_row element_id=&#8220;850765&#8243; css=&#8220;.vc_custom_1599474654493{margin-top: 35px !important;margin-bottom: 35px !important;}&#8220;][vc_column animation_delay=&#8220;0&#8243; element_id=&#8220;966043&#8243; crp=&#8220;480:i:i,480-768:i:i,768-1024:i:i,1024-1280:i:i,1280-1366:i:i,1366-1600:i:i,1600-1920:i:i&#8220;][vc_row_inner equal_height=&#8220;yes&#8220; element_id=&#8220;133864&#8243;][vc_column_inner width=&#8220;1\/2&#8243;]<div id=\"et-image-1\" class=\"et-image et-image-box overlay-hover classic alignnone link\" ><a title=\"GURTF\u00d6RDERER\" target=\"_self\" href=\"\/de\/products\/foerdersysteme\/gurtfoerderer\/\"><div class=\"post-image post-media\"><img decoding=\"async\" width=\"t\" height=\"t\" src=\"https:\/\/www.bezner.com\/wp-content\/uploads\/2017\/05\/Sorting-plant-for-packaging-6.jpg\" alt=\"GURTF\u00d6RDERER\"><\/div><div class=\"post-body et-clearfix\"><div class=\"post-body-inner-wrap\"><div class=\"post-body-inner\"><h4 class=\"post-title entry-title\">GURTF\u00d6RDERER<\/h4><\/div><\/div><\/div><\/a><\/div>[\/vc_column_inner][vc_column_inner width=&#8220;1\/2&#8243;]<div id=\"et-image-2\" class=\"et-image et-image-box overlay-hover classic alignnone link\" ><a title=\"KETTENF\u00d6RDERER\" target=\"_self\" href=\"\/de\/products\/foerdersysteme\/kettenfoerderer\/\"><div class=\"post-image post-media\"><img decoding=\"async\" width=\"t\" height=\"t\" src=\"https:\/\/www.bezner.com\/wp-content\/uploads\/2017\/03\/chain-conveyor-4.jpg\" alt=\"KETTENF\u00d6RDERER\"><\/div><div class=\"post-body et-clearfix\"><div class=\"post-body-inner-wrap\"><div class=\"post-body-inner\"><h4 class=\"post-title entry-title\">KETTENF\u00d6RDERER<\/h4><\/div><\/div><\/div><\/a><\/div>[\/vc_column_inner][\/vc_row_inner][vc_row_inner equal_height=&#8220;yes&#8220; element_id=&#8220;598723&#8243;][vc_column_inner width=&#8220;1\/2&#8243;]<div id=\"et-image-3\" class=\"et-image et-image-box overlay-hover classic alignnone link\" ><a title=\"BECHERWERKE\" target=\"_self\" href=\"\/de\/products\/foerdersysteme\/becherwerke\/\"><div class=\"post-image post-media\"><img decoding=\"async\" width=\"t\" height=\"t\" src=\"https:\/\/www.bezner.com\/wp-content\/uploads\/2017\/03\/elevator-bezner1.jpg\" alt=\"BECHERWERKE\"><\/div><div class=\"post-body et-clearfix\"><div class=\"post-body-inner-wrap\"><div class=\"post-body-inner\"><h4 class=\"post-title entry-title\">BECHERWERKE<\/h4><\/div><\/div><\/div><\/a><\/div>[\/vc_column_inner][vc_column_inner width=&#8220;1\/2&#8243;]<div id=\"et-image-4\" class=\"et-image et-image-box overlay-hover classic alignnone link\" ><a title=\"SCHWINGRINNEN\" target=\"_self\" href=\"\/de\/products\/foerdersysteme\/schwingrinnen\/\"><div class=\"post-image post-media\"><img decoding=\"async\" width=\"t\" height=\"t\" src=\"https:\/\/www.bezner.com\/wp-content\/uploads\/2017\/03\/dosing-feeder.jpg\" alt=\"SCHWINGRINNEN\"><\/div><div class=\"post-body et-clearfix\"><div class=\"post-body-inner-wrap\"><div class=\"post-body-inner\"><h4 class=\"post-title entry-title\">SCHWINGRINNEN<\/h4><\/div><\/div><\/div><\/a><\/div>[\/vc_column_inner][\/vc_row_inner][vc_row_inner equal_height=&#8220;yes&#8220; element_id=&#8220;598723&#8243;][vc_column_inner width=&#8220;1\/2&#8243;]<div id=\"et-image-5\" class=\"et-image et-image-box overlay-hover classic alignnone link\" ><a title=\"BUNKERF\u00d6RDERER\" target=\"_self\" href=\"\/de\/products\/foerdersysteme\/bunkerfoerderer\/\"><div class=\"post-image post-media\"><img decoding=\"async\" width=\"t\" height=\"t\" src=\"https:\/\/www.bezner.com\/wp-content\/uploads\/2018\/02\/bunker-conveyor.jpg\" alt=\"BUNKERF\u00d6RDERER\"><\/div><div class=\"post-body et-clearfix\"><div class=\"post-body-inner-wrap\"><div class=\"post-body-inner\"><h4 class=\"post-title entry-title\">BUNKERF\u00d6RDERER<\/h4><\/div><\/div><\/div><\/a><\/div>[\/vc_column_inner][\/vc_row_inner][\/vc_column][\/vc_row]\n<\/div>","protected":false},"excerpt":{"rendered":"<p>[vc_row element_id=&#8220;432682&#8243; css=&#8220;.vc_custom_1597649818489{margin-top: 35px !important;margin-bottom: 35px !important;}&#8220;][vc_column width=&#8220;1\/2&#8243;][vc_column_text animation_delay=&#8220;0&#8243;] F\u00d6RDERSYSTEME F\u00dcR WERTVOLLES RECYCLINGMATERIAL Als Vorreiter begann Bezner vor mehr als drei Jahrzehnten bereits mit der Entwicklung von F\u00f6rderkomponenten und -systemen f\u00fcr die Recyclingindustrie. Heutzutage sind\u00a0F\u00f6rdersysteme\u00a0aufgrund der anspruchsvollen Anforderungen an den Dauerbetrieb (Reduzierung der Ausfallzeiten), der Sicherheit, des hohen Durchsatzes und des geringen Wartungsaufwands viel ausgereifter. [&hellip;]<\/p>\n","protected":false},"author":12,"featured_media":0,"parent":1442,"menu_order":0,"comment_status":"closed","ping_status":"closed","template":"","meta":{"_acf_changed":false,"footnotes":""},"class_list":["post-2835","page","type-page","status-publish","hentry"],"acf":[],"yoast_head":"<!-- This site is optimized with the Yoast SEO plugin v27.5 - https:\/\/yoast.com\/product\/yoast-seo-wordpress\/ -->\n<title>F\u00f6rdersysteme - Bezner Anlagen- und Maschinenbau<\/title>\n<meta name=\"description\" content=\"Bezner baut F\u00f6rdersysteme, die komplexe F\u00f6rderkomponenten umfassen, um Recyclingmaterial von hohem Wert zur\u00fcckzugewinnen.\" \/>\n<meta name=\"robots\" content=\"index, follow, max-snippet:-1, max-image-preview:large, max-video-preview:-1\" \/>\n<link rel=\"canonical\" href=\"https:\/\/www.bezner.com\/de\/products\/foerdersysteme\/\" \/>\n<meta property=\"og:locale\" content=\"de_DE\" \/>\n<meta property=\"og:type\" content=\"article\" \/>\n<meta property=\"og:title\" content=\"F\u00f6rdersysteme - Bezner Anlagen- und Maschinenbau\" \/>\n<meta property=\"og:description\" content=\"Bezner baut F\u00f6rdersysteme, die komplexe F\u00f6rderkomponenten umfassen, um Recyclingmaterial von hohem Wert zur\u00fcckzugewinnen.\" \/>\n<meta property=\"og:url\" content=\"https:\/\/www.bezner.com\/de\/products\/foerdersysteme\/\" \/>\n<meta property=\"og:site_name\" content=\"Bezner Anlagen- und Maschinenbau\" \/>\n<meta property=\"article:modified_time\" content=\"2020-10-08T12:20:59+00:00\" \/>\n<meta name=\"twitter:card\" content=\"summary_large_image\" \/>\n<meta name=\"twitter:label1\" content=\"Gesch\u00e4tzte Lesezeit\" \/>\n\t<meta name=\"twitter:data1\" content=\"2\u00a0Minuten\" \/>\n<script type=\"application\/ld+json\" class=\"yoast-schema-graph\">{\"@context\":\"https:\\\/\\\/schema.org\",\"@graph\":[{\"@type\":\"WebPage\",\"@id\":\"https:\\\/\\\/www.bezner.com\\\/de\\\/products\\\/foerdersysteme\\\/\",\"url\":\"https:\\\/\\\/www.bezner.com\\\/de\\\/products\\\/foerdersysteme\\\/\",\"name\":\"F\u00f6rdersysteme - Bezner Anlagen- und Maschinenbau\",\"isPartOf\":{\"@id\":\"https:\\\/\\\/www.bezner.com\\\/de\\\/#website\"},\"datePublished\":\"2020-10-07T14:04:06+00:00\",\"dateModified\":\"2020-10-08T12:20:59+00:00\",\"description\":\"Bezner baut F\u00f6rdersysteme, die komplexe F\u00f6rderkomponenten umfassen, um Recyclingmaterial von hohem Wert zur\u00fcckzugewinnen.\",\"breadcrumb\":{\"@id\":\"https:\\\/\\\/www.bezner.com\\\/de\\\/products\\\/foerdersysteme\\\/#breadcrumb\"},\"inLanguage\":\"de\",\"potentialAction\":[{\"@type\":\"ReadAction\",\"target\":[\"https:\\\/\\\/www.bezner.com\\\/de\\\/products\\\/foerdersysteme\\\/\"]}]},{\"@type\":\"BreadcrumbList\",\"@id\":\"https:\\\/\\\/www.bezner.com\\\/de\\\/products\\\/foerdersysteme\\\/#breadcrumb\",\"itemListElement\":[{\"@type\":\"ListItem\",\"position\":1,\"name\":\"Home\",\"item\":\"https:\\\/\\\/www.bezner.com\\\/de\\\/\"},{\"@type\":\"ListItem\",\"position\":2,\"name\":\"Produkte\",\"item\":\"https:\\\/\\\/www.bezner.com\\\/de\\\/products\\\/\"},{\"@type\":\"ListItem\",\"position\":3,\"name\":\"F\u00f6rdersysteme\"}]},{\"@type\":\"WebSite\",\"@id\":\"https:\\\/\\\/www.bezner.com\\\/de\\\/#website\",\"url\":\"https:\\\/\\\/www.bezner.com\\\/de\\\/\",\"name\":\"Bezner Anlagen- und Maschinenbau\",\"description\":\"Waste managament solutions\",\"potentialAction\":[{\"@type\":\"SearchAction\",\"target\":{\"@type\":\"EntryPoint\",\"urlTemplate\":\"https:\\\/\\\/www.bezner.com\\\/de\\\/?s={search_term_string}\"},\"query-input\":{\"@type\":\"PropertyValueSpecification\",\"valueRequired\":true,\"valueName\":\"search_term_string\"}}],\"inLanguage\":\"de\"}]}<\/script>\n<!-- \/ Yoast SEO plugin. -->","yoast_head_json":{"title":"F\u00f6rdersysteme - Bezner Anlagen- und Maschinenbau","description":"Bezner baut F\u00f6rdersysteme, die komplexe F\u00f6rderkomponenten umfassen, um Recyclingmaterial von hohem Wert zur\u00fcckzugewinnen.","robots":{"index":"index","follow":"follow","max-snippet":"max-snippet:-1","max-image-preview":"max-image-preview:large","max-video-preview":"max-video-preview:-1"},"canonical":"https:\/\/www.bezner.com\/de\/products\/foerdersysteme\/","og_locale":"de_DE","og_type":"article","og_title":"F\u00f6rdersysteme - Bezner Anlagen- und Maschinenbau","og_description":"Bezner baut F\u00f6rdersysteme, die komplexe F\u00f6rderkomponenten umfassen, um Recyclingmaterial von hohem Wert zur\u00fcckzugewinnen.","og_url":"https:\/\/www.bezner.com\/de\/products\/foerdersysteme\/","og_site_name":"Bezner Anlagen- und Maschinenbau","article_modified_time":"2020-10-08T12:20:59+00:00","twitter_card":"summary_large_image","twitter_misc":{"Gesch\u00e4tzte Lesezeit":"2\u00a0Minuten"},"schema":{"@context":"https:\/\/schema.org","@graph":[{"@type":"WebPage","@id":"https:\/\/www.bezner.com\/de\/products\/foerdersysteme\/","url":"https:\/\/www.bezner.com\/de\/products\/foerdersysteme\/","name":"F\u00f6rdersysteme - Bezner Anlagen- und Maschinenbau","isPartOf":{"@id":"https:\/\/www.bezner.com\/de\/#website"},"datePublished":"2020-10-07T14:04:06+00:00","dateModified":"2020-10-08T12:20:59+00:00","description":"Bezner baut F\u00f6rdersysteme, die komplexe F\u00f6rderkomponenten umfassen, um Recyclingmaterial von hohem Wert zur\u00fcckzugewinnen.","breadcrumb":{"@id":"https:\/\/www.bezner.com\/de\/products\/foerdersysteme\/#breadcrumb"},"inLanguage":"de","potentialAction":[{"@type":"ReadAction","target":["https:\/\/www.bezner.com\/de\/products\/foerdersysteme\/"]}]},{"@type":"BreadcrumbList","@id":"https:\/\/www.bezner.com\/de\/products\/foerdersysteme\/#breadcrumb","itemListElement":[{"@type":"ListItem","position":1,"name":"Home","item":"https:\/\/www.bezner.com\/de\/"},{"@type":"ListItem","position":2,"name":"Produkte","item":"https:\/\/www.bezner.com\/de\/products\/"},{"@type":"ListItem","position":3,"name":"F\u00f6rdersysteme"}]},{"@type":"WebSite","@id":"https:\/\/www.bezner.com\/de\/#website","url":"https:\/\/www.bezner.com\/de\/","name":"Bezner Anlagen- und Maschinenbau","description":"Waste managament solutions","potentialAction":[{"@type":"SearchAction","target":{"@type":"EntryPoint","urlTemplate":"https:\/\/www.bezner.com\/de\/?s={search_term_string}"},"query-input":{"@type":"PropertyValueSpecification","valueRequired":true,"valueName":"search_term_string"}}],"inLanguage":"de"}]}},"_links":{"self":[{"href":"https:\/\/www.bezner.com\/de\/wp-json\/wp\/v2\/pages\/2835","targetHints":{"allow":["GET"]}}],"collection":[{"href":"https:\/\/www.bezner.com\/de\/wp-json\/wp\/v2\/pages"}],"about":[{"href":"https:\/\/www.bezner.com\/de\/wp-json\/wp\/v2\/types\/page"}],"author":[{"embeddable":true,"href":"https:\/\/www.bezner.com\/de\/wp-json\/wp\/v2\/users\/12"}],"replies":[{"embeddable":true,"href":"https:\/\/www.bezner.com\/de\/wp-json\/wp\/v2\/comments?post=2835"}],"version-history":[{"count":8,"href":"https:\/\/www.bezner.com\/de\/wp-json\/wp\/v2\/pages\/2835\/revisions"}],"predecessor-version":[{"id":3014,"href":"https:\/\/www.bezner.com\/de\/wp-json\/wp\/v2\/pages\/2835\/revisions\/3014"}],"up":[{"embeddable":true,"href":"https:\/\/www.bezner.com\/de\/wp-json\/wp\/v2\/pages\/1442"}],"wp:attachment":[{"href":"https:\/\/www.bezner.com\/de\/wp-json\/wp\/v2\/media?parent=2835"}],"curies":[{"name":"wp","href":"https:\/\/api.w.org\/{rel}","templated":true}]}}