{"id":2082,"date":"2018-06-13T09:35:22","date_gmt":"2018-06-13T07:35:22","guid":{"rendered":"https:\/\/www.bezner.com\/?page_id=2082"},"modified":"2025-10-30T16:22:24","modified_gmt":"2025-10-30T15:22:24","slug":"declaration-de-confidentialite-formulaire-de-contact","status":"publish","type":"page","link":"https:\/\/www.bezner.com\/fr\/declaration-de-confidentialite-formulaire-de-contact\/","title":{"rendered":"D\u00e9claration de confidentialit\u00e9 (formulaire de contact)"},"content":{"rendered":"<div class=\"wpb-content-wrapper\">[vc_row][vc_column][vc_column_text animation_delay=\u00a0\u00bb0&Prime; css=\u00a0\u00bb\u00a0\u00bb]<strong>Responsable de traitement<\/strong><br \/>\nLe Groupe Heilig et les filiales du Groupe Heilig sont responsables du traitement de vos donn\u00e9es personnelles. Cette d\u00e9claration de confidentialit\u00e9 fournit des informations g\u00e9n\u00e9rales sur la mani\u00e8re dont nous traitons vos donn\u00e9es personnelles et sur les droits dont vous disposez.<\/p>\n<p><strong>Donn\u00e9es personnelles et objectifs de traitement<\/strong><\/p>\n<p>Vous nous fournissez des donn\u00e9es personnelles en utilisant le formulaire de contact sur notre site web. En remplissant le formulaire de contact sur notre site Web, vous nous fournissez votre nom, votre num\u00e9ro de t\u00e9l\u00e9phone et votre adresse \u00e9lectronique. Nous recueillons ces donn\u00e9es pour entrer en contact avec vous.<\/p>\n<p>Bezner France S.A.S. traite les donn\u00e9es personnelles uniquement pour des raisons l\u00e9gales. Nous traitons vos donn\u00e9es personnelles avec votre consentement. Ce n&rsquo;est qu&rsquo;avec votre consentement que nous sommes autoris\u00e9s \u00e0 traiter les donn\u00e9es personnelles que vous nous avez fournies sur le formulaire de contact. Sans ces donn\u00e9es personnelles, nous ne pouvons pas vous contacter.<\/p>\n<p><strong>P\u00e9riode de r\u00e9tention<\/strong><br \/>\nVos donn\u00e9es personnelles seront conserv\u00e9es aussi longtemps que n\u00e9cessaire. Nous utilisons les informations qui nous sont fournies via le formulaire de contact pour r\u00e9pondre\/acc\u00e9l\u00e9rer vos questions\/demandes.<\/p>\n<p><strong>Tiers<\/strong><br \/>\nNous ne divulguons ni ne partageons vos donn\u00e9es avec des tiers, \u00e0 moins que la loi ne l&rsquo;exige.<\/p>\n<p><strong>S\u00e9curit\u00e9 de vos donn\u00e9es personnelles<\/strong><br \/>\nLe traitement avec pr\u00e9caution de vos donn\u00e9es personnelles est tr\u00e8s important pour nous. C&rsquo;est pourquoi nous avons pris toutes les mesures de s\u00e9curit\u00e9 techniques et organisationnelles n\u00e9cessaires pour prot\u00e9ger vos donn\u00e9es personnelles.<\/p>\n<p><strong>Vos droits<\/strong><br \/>\nVous avez le droit d&rsquo;acc\u00e9der \u00e0 vos donn\u00e9es personnelles. Vous pouvez envoyer votre demande d&rsquo;acc\u00e8s \u00e0 info@heiligbv.com.. Dans un d\u00e9lai d&rsquo;un mois apr\u00e8s r\u00e9ception, vous recevrez une copie des donn\u00e9es personnelles que nous utilisons. En cas d&rsquo;inexactitude ou d&rsquo;incompl\u00e9tude de vos donn\u00e9es, vous avez le droit de faire rectifier, effacer ou limiter le traitement de vos donn\u00e9es. Vous pouvez retirer votre consentement \u00e0 tout moment.<\/p>\n<p><strong>Coordonn\u00e9es de contact<\/strong><br \/>\nSi vous avez des questions concernant cette d\u00e9claration de confidentialit\u00e9, n&rsquo;h\u00e9sitez pas \u00e0 nous contacter par e-mail : <a href=\"mailto:info@heiligbv.com\">info@heiligbv.com<\/a>.<\/p>\n<p><strong>Bezner Anlagen- und Maschinenbau GmbH<\/strong><br \/>\nMarie-Curie-Stra\u00dfe 6<br \/>\n32760 Detmold<br \/>\nGermany<br \/>\nT: +49 (0) 5231 308 710<\/p>\n<p>Nous mettons r\u00e9guli\u00e8rement \u00e0 jour notre d\u00e9claration de confidentialit\u00e9. Vous trouverez notre derni\u00e8re version sur notre site web.[\/vc_column_text][\/vc_column][\/vc_row]\n<\/div>","protected":false},"excerpt":{"rendered":"<p>[vc_row][vc_column][vc_column_text animation_delay=\u00a0\u00bb0&Prime; css=\u00a0\u00bb\u00a0\u00bb]Responsable de traitement Le Groupe Heilig et les filiales du Groupe Heilig sont responsables du traitement de vos donn\u00e9es personnelles. Cette d\u00e9claration de confidentialit\u00e9 fournit des informations g\u00e9n\u00e9rales sur la mani\u00e8re dont nous traitons vos donn\u00e9es personnelles et sur les droits dont vous disposez. Donn\u00e9es personnelles et objectifs de traitement Vous nous fournissez [&hellip;]<\/p>\n","protected":false},"author":11,"featured_media":0,"parent":0,"menu_order":0,"comment_status":"closed","ping_status":"closed","template":"","meta":{"_acf_changed":false,"footnotes":""},"class_list":["post-2082","page","type-page","status-publish","hentry"],"acf":[],"yoast_head":"<!-- This site is optimized with the Yoast SEO plugin v27.5 - https:\/\/yoast.com\/product\/yoast-seo-wordpress\/ -->\n<title>D\u00e9claration de confidentialit\u00e9 (formulaire de contact) - Bezner Anlagen- und Maschinenbau<\/title>\n<meta name=\"robots\" content=\"index, follow, max-snippet:-1, max-image-preview:large, max-video-preview:-1\" \/>\n<link rel=\"canonical\" href=\"https:\/\/www.bezner.com\/fr\/declaration-de-confidentialite-formulaire-de-contact\/\" \/>\n<meta property=\"og:locale\" content=\"fr_FR\" \/>\n<meta property=\"og:type\" content=\"article\" \/>\n<meta property=\"og:title\" content=\"D\u00e9claration de confidentialit\u00e9 (formulaire de contact) - Bezner Anlagen- und Maschinenbau\" \/>\n<meta property=\"og:description\" content=\"[vc_row][vc_column][vc_column_text animation_delay=\u00a0\u00bb0&Prime; css=\u00a0\u00bb\u00a0\u00bb]Responsable de traitement Le Groupe Heilig et les filiales du Groupe Heilig sont responsables du traitement de vos donn\u00e9es personnelles. Cette d\u00e9claration de confidentialit\u00e9 fournit des informations g\u00e9n\u00e9rales sur la mani\u00e8re dont nous traitons vos donn\u00e9es personnelles et sur les droits dont vous disposez. Donn\u00e9es personnelles et objectifs de traitement Vous nous fournissez [&hellip;]\" \/>\n<meta property=\"og:url\" content=\"https:\/\/www.bezner.com\/fr\/declaration-de-confidentialite-formulaire-de-contact\/\" \/>\n<meta property=\"og:site_name\" content=\"Bezner Anlagen- und Maschinenbau\" \/>\n<meta property=\"article:modified_time\" content=\"2025-10-30T15:22:24+00:00\" \/>\n<meta name=\"twitter:card\" content=\"summary_large_image\" \/>\n<meta name=\"twitter:label1\" content=\"Dur\u00e9e de lecture estim\u00e9e\" \/>\n\t<meta name=\"twitter:data1\" content=\"2 minutes\" \/>\n<script type=\"application\/ld+json\" class=\"yoast-schema-graph\">{\"@context\":\"https:\\\/\\\/schema.org\",\"@graph\":[{\"@type\":\"WebPage\",\"@id\":\"https:\\\/\\\/www.bezner.com\\\/fr\\\/declaration-de-confidentialite-formulaire-de-contact\\\/\",\"url\":\"https:\\\/\\\/www.bezner.com\\\/fr\\\/declaration-de-confidentialite-formulaire-de-contact\\\/\",\"name\":\"D\u00e9claration de confidentialit\u00e9 (formulaire de contact) - Bezner Anlagen- und Maschinenbau\",\"isPartOf\":{\"@id\":\"https:\\\/\\\/www.bezner.com\\\/de\\\/#website\"},\"datePublished\":\"2018-06-13T07:35:22+00:00\",\"dateModified\":\"2025-10-30T15:22:24+00:00\",\"breadcrumb\":{\"@id\":\"https:\\\/\\\/www.bezner.com\\\/fr\\\/declaration-de-confidentialite-formulaire-de-contact\\\/#breadcrumb\"},\"inLanguage\":\"fr-FR\",\"potentialAction\":[{\"@type\":\"ReadAction\",\"target\":[\"https:\\\/\\\/www.bezner.com\\\/fr\\\/declaration-de-confidentialite-formulaire-de-contact\\\/\"]}]},{\"@type\":\"BreadcrumbList\",\"@id\":\"https:\\\/\\\/www.bezner.com\\\/fr\\\/declaration-de-confidentialite-formulaire-de-contact\\\/#breadcrumb\",\"itemListElement\":[{\"@type\":\"ListItem\",\"position\":1,\"name\":\"Home\",\"item\":\"https:\\\/\\\/www.bezner.com\\\/fr\\\/\"},{\"@type\":\"ListItem\",\"position\":2,\"name\":\"D\u00e9claration de confidentialit\u00e9 (formulaire de contact)\"}]},{\"@type\":\"WebSite\",\"@id\":\"https:\\\/\\\/www.bezner.com\\\/de\\\/#website\",\"url\":\"https:\\\/\\\/www.bezner.com\\\/de\\\/\",\"name\":\"Bezner Anlagen- und Maschinenbau\",\"description\":\"Waste managament solutions\",\"potentialAction\":[{\"@type\":\"SearchAction\",\"target\":{\"@type\":\"EntryPoint\",\"urlTemplate\":\"https:\\\/\\\/www.bezner.com\\\/de\\\/?s={search_term_string}\"},\"query-input\":{\"@type\":\"PropertyValueSpecification\",\"valueRequired\":true,\"valueName\":\"search_term_string\"}}],\"inLanguage\":\"fr-FR\"}]}<\/script>\n<!-- \/ Yoast SEO plugin. -->","yoast_head_json":{"title":"D\u00e9claration de confidentialit\u00e9 (formulaire de contact) - Bezner Anlagen- und Maschinenbau","robots":{"index":"index","follow":"follow","max-snippet":"max-snippet:-1","max-image-preview":"max-image-preview:large","max-video-preview":"max-video-preview:-1"},"canonical":"https:\/\/www.bezner.com\/fr\/declaration-de-confidentialite-formulaire-de-contact\/","og_locale":"fr_FR","og_type":"article","og_title":"D\u00e9claration de confidentialit\u00e9 (formulaire de contact) - Bezner Anlagen- und Maschinenbau","og_description":"[vc_row][vc_column][vc_column_text animation_delay=\u00a0\u00bb0&Prime; css=\u00a0\u00bb\u00a0\u00bb]Responsable de traitement Le Groupe Heilig et les filiales du Groupe Heilig sont responsables du traitement de vos donn\u00e9es personnelles. Cette d\u00e9claration de confidentialit\u00e9 fournit des informations g\u00e9n\u00e9rales sur la mani\u00e8re dont nous traitons vos donn\u00e9es personnelles et sur les droits dont vous disposez. Donn\u00e9es personnelles et objectifs de traitement Vous nous fournissez [&hellip;]","og_url":"https:\/\/www.bezner.com\/fr\/declaration-de-confidentialite-formulaire-de-contact\/","og_site_name":"Bezner Anlagen- und Maschinenbau","article_modified_time":"2025-10-30T15:22:24+00:00","twitter_card":"summary_large_image","twitter_misc":{"Dur\u00e9e de lecture estim\u00e9e":"2 minutes"},"schema":{"@context":"https:\/\/schema.org","@graph":[{"@type":"WebPage","@id":"https:\/\/www.bezner.com\/fr\/declaration-de-confidentialite-formulaire-de-contact\/","url":"https:\/\/www.bezner.com\/fr\/declaration-de-confidentialite-formulaire-de-contact\/","name":"D\u00e9claration de confidentialit\u00e9 (formulaire de contact) - Bezner Anlagen- und Maschinenbau","isPartOf":{"@id":"https:\/\/www.bezner.com\/de\/#website"},"datePublished":"2018-06-13T07:35:22+00:00","dateModified":"2025-10-30T15:22:24+00:00","breadcrumb":{"@id":"https:\/\/www.bezner.com\/fr\/declaration-de-confidentialite-formulaire-de-contact\/#breadcrumb"},"inLanguage":"fr-FR","potentialAction":[{"@type":"ReadAction","target":["https:\/\/www.bezner.com\/fr\/declaration-de-confidentialite-formulaire-de-contact\/"]}]},{"@type":"BreadcrumbList","@id":"https:\/\/www.bezner.com\/fr\/declaration-de-confidentialite-formulaire-de-contact\/#breadcrumb","itemListElement":[{"@type":"ListItem","position":1,"name":"Home","item":"https:\/\/www.bezner.com\/fr\/"},{"@type":"ListItem","position":2,"name":"D\u00e9claration de confidentialit\u00e9 (formulaire de contact)"}]},{"@type":"WebSite","@id":"https:\/\/www.bezner.com\/de\/#website","url":"https:\/\/www.bezner.com\/de\/","name":"Bezner Anlagen- und Maschinenbau","description":"Waste managament solutions","potentialAction":[{"@type":"SearchAction","target":{"@type":"EntryPoint","urlTemplate":"https:\/\/www.bezner.com\/de\/?s={search_term_string}"},"query-input":{"@type":"PropertyValueSpecification","valueRequired":true,"valueName":"search_term_string"}}],"inLanguage":"fr-FR"}]}},"_links":{"self":[{"href":"https:\/\/www.bezner.com\/fr\/wp-json\/wp\/v2\/pages\/2082","targetHints":{"allow":["GET"]}}],"collection":[{"href":"https:\/\/www.bezner.com\/fr\/wp-json\/wp\/v2\/pages"}],"about":[{"href":"https:\/\/www.bezner.com\/fr\/wp-json\/wp\/v2\/types\/page"}],"author":[{"embeddable":true,"href":"https:\/\/www.bezner.com\/fr\/wp-json\/wp\/v2\/users\/11"}],"replies":[{"embeddable":true,"href":"https:\/\/www.bezner.com\/fr\/wp-json\/wp\/v2\/comments?post=2082"}],"version-history":[{"count":4,"href":"https:\/\/www.bezner.com\/fr\/wp-json\/wp\/v2\/pages\/2082\/revisions"}],"predecessor-version":[{"id":4649,"href":"https:\/\/www.bezner.com\/fr\/wp-json\/wp\/v2\/pages\/2082\/revisions\/4649"}],"wp:attachment":[{"href":"https:\/\/www.bezner.com\/fr\/wp-json\/wp\/v2\/media?parent=2082"}],"curies":[{"name":"wp","href":"https:\/\/api.w.org\/{rel}","templated":true}]}}