{"id":2612,"date":"2020-10-07T09:23:06","date_gmt":"2020-10-07T07:23:06","guid":{"rendered":"https:\/\/www.bezner.com\/?page_id=2612"},"modified":"2020-10-08T10:45:58","modified_gmt":"2020-10-08T08:45:58","slug":"cribles","status":"publish","type":"page","link":"https:\/\/www.bezner.com\/fr\/products\/cribles\/","title":{"rendered":"Cribles"},"content":{"rendered":"<div class=\"wpb-content-wrapper\">[vc_row element_id=\u00a0\u00bb432682&Prime; css=\u00a0\u00bb.vc_custom_1597649818489{margin-top: 35px !important;margin-bottom: 35px !important;}\u00a0\u00bb][vc_column width=\u00a0\u00bb1\/2&Prime;][vc_column_text animation_delay=\u00a0\u00bb0&Prime;]\n<h1>CRIBLAGE: UNE COMPOSANTE IMPORTANTE DU RECYCLAGE DES D\u00c9CHETS<\/h1>\n<p>Il existe de nombreuses techniques pour s\u00e9parer les d\u00e9chets. Bezner a d\u00e9velopp\u00e9 pour le secteur du recyclage, des\u00a0<strong>machines de criblage<\/strong>\u00a0se basant sur des mouvements lin\u00e9aire, circulaire, rotatif ou elliptique (balistique). Nous d\u00e9veloppons et fabriquons au sein de notre entreprise, des machines de criblage disposant d\u2019avantages hautement appr\u00e9ci\u00e9s :<\/p>\n<ul>\n<li>tri en fonction de la taille (fractions), forme et poids<\/li>\n<li>haut rendement et taux de puret\u00e9 \u00e9lev\u00e9s<\/li>\n<li>r\u00e9duction des op\u00e9rations de maintenance et des arr\u00eats<\/li>\n<\/ul>\n<p>N\u2019h\u00e9sitez pas \u00e0 naviguer sur notre site internet et \u00e0 consulter les produits de criblage de notre gamme. Afin d\u2019identifier les options les plus adapt\u00e9es \u00e0 votre secteur, nous vous invitons \u00e0 nous contacter pour un entretien.[\/vc_column_text][\/vc_column][vc_column width=\u00a0\u00bb1\/2&Prime;][vc_single_image image=\u00a0\u00bb1114&Prime; img_size=\u00a0\u00bblarge\u00a0\u00bb alignment=\u00a0\u00bbcenter\u00a0\u00bb][\/vc_column][\/vc_row][vc_row element_id=\u00a0\u00bb9243&Prime; css=\u00a0\u00bb.vc_custom_1599474768679{margin-top: 35px !important;margin-bottom: 35px !important;}\u00a0\u00bb][vc_column animation_delay=\u00a0\u00bb0&Prime; element_id=\u00a0\u00bb966043&Prime; crp=\u00a0\u00bb480:i:i,480-768:i:i,768-1024:i:i,1024-1280:i:i,1280-1366:i:i,1366-1600:i:i,1600-1920:i:i\u00a0\u00bb][vc_column_text animation_delay=\u00a0\u00bb0&Prime;]\n<h3>NOS\u00a0<strong>PRODUITS<\/strong><\/h3>\n[\/vc_column_text][\/vc_column][\/vc_row][vc_row element_id=\u00a0\u00bb850765&Prime; css=\u00a0\u00bb.vc_custom_1599474654493{margin-top: 35px !important;margin-bottom: 35px !important;}\u00a0\u00bb][vc_column animation_delay=\u00a0\u00bb0&Prime; element_id=\u00a0\u00bb966043&Prime; crp=\u00a0\u00bb480:i:i,480-768:i:i,768-1024:i:i,1024-1280:i:i,1280-1366:i:i,1366-1600:i:i,1600-1920:i:i\u00a0\u00bb][vc_row_inner equal_height=\u00a0\u00bbyes\u00a0\u00bb element_id=\u00a0\u00bb133864&Prime;][vc_column_inner width=\u00a0\u00bb1\/2&Prime;]<div id=\"et-image-1\" class=\"et-image et-image-box overlay-hover classic alignnone link\" ><a title=\"Crible plan\" target=\"_self\" href=\"\/fr\/products\/cribles\/crible-plan\/\"><div class=\"post-image post-media\"><img decoding=\"async\" width=\"t\" height=\"t\" src=\"https:\/\/www.bezner.com\/wp-content\/uploads\/2017\/03\/construction-and-demolition-waste-bezner.jpg\" alt=\"Crible plan\"><\/div><div class=\"post-body et-clearfix\"><div class=\"post-body-inner-wrap\"><div class=\"post-body-inner\"><h4 class=\"post-title entry-title\">Crible plan<\/h4><\/div><\/div><\/div><\/a><\/div>[\/vc_column_inner][vc_column_inner width=\u00a0\u00bb1\/2&Prime;]<div id=\"et-image-2\" class=\"et-image et-image-box overlay-hover classic alignnone link\" ><a title=\"Crible vibrant circulaire\" target=\"_self\" href=\"\/fr\/products\/cribles\/crible-vibrant-circulaire\/\"><div class=\"post-image post-media\"><img decoding=\"async\" width=\"t\" height=\"t\" src=\"https:\/\/www.bezner.com\/wp-content\/uploads\/2017\/03\/circular-vibrating-screens-bezner.jpg\" alt=\"Crible vibrant circulaire\"><\/div><div class=\"post-body et-clearfix\"><div class=\"post-body-inner-wrap\"><div class=\"post-body-inner\"><h4 class=\"post-title entry-title\">Crible vibrant circulaire<\/h4><\/div><\/div><\/div><\/a><\/div>[\/vc_column_inner][\/vc_row_inner][vc_row_inner equal_height=\u00a0\u00bbyes\u00a0\u00bb element_id=\u00a0\u00bb598723&Prime;][vc_column_inner width=\u00a0\u00bb1\/2&Prime;]<div id=\"et-image-3\" class=\"et-image et-image-box overlay-hover classic alignnone link\" ><a title=\"Crible trommel\" target=\"_self\" href=\"\/fr\/products\/cribles\/crible-trommel\/\"><div class=\"post-image post-media\"><img decoding=\"async\" width=\"t\" height=\"t\" src=\"https:\/\/www.bezner.com\/wp-content\/uploads\/2017\/03\/drum-screen.jpg\" alt=\"Crible trommel\"><\/div><div class=\"post-body et-clearfix\"><div class=\"post-body-inner-wrap\"><div class=\"post-body-inner\"><h4 class=\"post-title entry-title\">Crible trommel<\/h4><\/div><\/div><\/div><\/a><\/div>[\/vc_column_inner][vc_column_inner width=\u00a0\u00bb1\/2&Prime;]<div id=\"et-image-4\" class=\"et-image et-image-box overlay-hover classic alignnone link\" ><a title=\"Crible \u00e0 godets\" target=\"_self\" href=\"\/fr\/products\/cribles\/crible-a-godets\/\"><div class=\"post-image post-media\"><img decoding=\"async\" width=\"t\" height=\"t\" src=\"https:\/\/www.bezner.com\/wp-content\/uploads\/2017\/02\/bucket-screens-bezner.jpg\" alt=\"Crible \u00e0 godets\"><\/div><div class=\"post-body et-clearfix\"><div class=\"post-body-inner-wrap\"><div class=\"post-body-inner\"><h4 class=\"post-title entry-title\">Crible \u00e0 godets<\/h4><\/div><\/div><\/div><\/a><\/div>[\/vc_column_inner][\/vc_row_inner][\/vc_column][\/vc_row]\n<\/div>","protected":false},"excerpt":{"rendered":"<p>[vc_row element_id=\u00a0\u00bb432682&Prime; css=\u00a0\u00bb.vc_custom_1597649818489{margin-top: 35px !important;margin-bottom: 35px !important;}\u00a0\u00bb][vc_column width=\u00a0\u00bb1\/2&Prime;][vc_column_text animation_delay=\u00a0\u00bb0&Prime;] CRIBLAGE: UNE COMPOSANTE IMPORTANTE DU RECYCLAGE DES D\u00c9CHETS Il existe de nombreuses techniques pour s\u00e9parer les d\u00e9chets. Bezner a d\u00e9velopp\u00e9 pour le secteur du recyclage, des\u00a0machines de criblage\u00a0se basant sur des mouvements lin\u00e9aire, circulaire, rotatif ou elliptique (balistique). Nous d\u00e9veloppons et fabriquons au sein de notre [&hellip;]<\/p>\n","protected":false},"author":11,"featured_media":0,"parent":725,"menu_order":0,"comment_status":"closed","ping_status":"closed","template":"","meta":{"_acf_changed":false,"footnotes":""},"class_list":["post-2612","page","type-page","status-publish","hentry"],"acf":[],"yoast_head":"<!-- This site is optimized with the Yoast SEO plugin v27.5 - https:\/\/yoast.com\/product\/yoast-seo-wordpress\/ -->\n<title>Cribles - Bezner Anlagen- und Maschinenbau<\/title>\n<meta name=\"description\" content=\"Les machines de criblage sont une partie importante du recyclage des d\u00e9chets. Bezner d\u00e9veloppe et construit des \u00e9quipements de criblage pour de nombreux secteurs du recyclage.\" \/>\n<meta name=\"robots\" content=\"index, follow, max-snippet:-1, max-image-preview:large, max-video-preview:-1\" \/>\n<link rel=\"canonical\" href=\"https:\/\/www.bezner.com\/fr\/products\/cribles\/\" \/>\n<meta property=\"og:locale\" content=\"fr_FR\" \/>\n<meta property=\"og:type\" content=\"article\" \/>\n<meta property=\"og:title\" content=\"Cribles - Bezner Anlagen- und Maschinenbau\" \/>\n<meta property=\"og:description\" content=\"Les machines de criblage sont une partie importante du recyclage des d\u00e9chets. Bezner d\u00e9veloppe et construit des \u00e9quipements de criblage pour de nombreux secteurs du recyclage.\" \/>\n<meta property=\"og:url\" content=\"https:\/\/www.bezner.com\/fr\/products\/cribles\/\" \/>\n<meta property=\"og:site_name\" content=\"Bezner Anlagen- und Maschinenbau\" \/>\n<meta property=\"article:modified_time\" content=\"2020-10-08T08:45:58+00:00\" \/>\n<meta name=\"twitter:card\" content=\"summary_large_image\" \/>\n<meta name=\"twitter:label1\" content=\"Dur\u00e9e de lecture estim\u00e9e\" \/>\n\t<meta name=\"twitter:data1\" content=\"2 minutes\" \/>\n<script type=\"application\/ld+json\" class=\"yoast-schema-graph\">{\"@context\":\"https:\\\/\\\/schema.org\",\"@graph\":[{\"@type\":\"WebPage\",\"@id\":\"https:\\\/\\\/www.bezner.com\\\/fr\\\/products\\\/cribles\\\/\",\"url\":\"https:\\\/\\\/www.bezner.com\\\/fr\\\/products\\\/cribles\\\/\",\"name\":\"Cribles - Bezner Anlagen- und Maschinenbau\",\"isPartOf\":{\"@id\":\"https:\\\/\\\/www.bezner.com\\\/de\\\/#website\"},\"datePublished\":\"2020-10-07T07:23:06+00:00\",\"dateModified\":\"2020-10-08T08:45:58+00:00\",\"description\":\"Les machines de criblage sont une partie importante du recyclage des d\u00e9chets. Bezner d\u00e9veloppe et construit des \u00e9quipements de criblage pour de nombreux secteurs du recyclage.\",\"breadcrumb\":{\"@id\":\"https:\\\/\\\/www.bezner.com\\\/fr\\\/products\\\/cribles\\\/#breadcrumb\"},\"inLanguage\":\"fr-FR\",\"potentialAction\":[{\"@type\":\"ReadAction\",\"target\":[\"https:\\\/\\\/www.bezner.com\\\/fr\\\/products\\\/cribles\\\/\"]}]},{\"@type\":\"BreadcrumbList\",\"@id\":\"https:\\\/\\\/www.bezner.com\\\/fr\\\/products\\\/cribles\\\/#breadcrumb\",\"itemListElement\":[{\"@type\":\"ListItem\",\"position\":1,\"name\":\"Home\",\"item\":\"https:\\\/\\\/www.bezner.com\\\/fr\\\/\"},{\"@type\":\"ListItem\",\"position\":2,\"name\":\"Produits\",\"item\":\"https:\\\/\\\/www.bezner.com\\\/fr\\\/products\\\/\"},{\"@type\":\"ListItem\",\"position\":3,\"name\":\"Cribles\"}]},{\"@type\":\"WebSite\",\"@id\":\"https:\\\/\\\/www.bezner.com\\\/de\\\/#website\",\"url\":\"https:\\\/\\\/www.bezner.com\\\/de\\\/\",\"name\":\"Bezner Anlagen- und Maschinenbau\",\"description\":\"Waste managament solutions\",\"potentialAction\":[{\"@type\":\"SearchAction\",\"target\":{\"@type\":\"EntryPoint\",\"urlTemplate\":\"https:\\\/\\\/www.bezner.com\\\/de\\\/?s={search_term_string}\"},\"query-input\":{\"@type\":\"PropertyValueSpecification\",\"valueRequired\":true,\"valueName\":\"search_term_string\"}}],\"inLanguage\":\"fr-FR\"}]}<\/script>\n<!-- \/ Yoast SEO plugin. -->","yoast_head_json":{"title":"Cribles - Bezner Anlagen- und Maschinenbau","description":"Les machines de criblage sont une partie importante du recyclage des d\u00e9chets. Bezner d\u00e9veloppe et construit des \u00e9quipements de criblage pour de nombreux secteurs du recyclage.","robots":{"index":"index","follow":"follow","max-snippet":"max-snippet:-1","max-image-preview":"max-image-preview:large","max-video-preview":"max-video-preview:-1"},"canonical":"https:\/\/www.bezner.com\/fr\/products\/cribles\/","og_locale":"fr_FR","og_type":"article","og_title":"Cribles - Bezner Anlagen- und Maschinenbau","og_description":"Les machines de criblage sont une partie importante du recyclage des d\u00e9chets. Bezner d\u00e9veloppe et construit des \u00e9quipements de criblage pour de nombreux secteurs du recyclage.","og_url":"https:\/\/www.bezner.com\/fr\/products\/cribles\/","og_site_name":"Bezner Anlagen- und Maschinenbau","article_modified_time":"2020-10-08T08:45:58+00:00","twitter_card":"summary_large_image","twitter_misc":{"Dur\u00e9e de lecture estim\u00e9e":"2 minutes"},"schema":{"@context":"https:\/\/schema.org","@graph":[{"@type":"WebPage","@id":"https:\/\/www.bezner.com\/fr\/products\/cribles\/","url":"https:\/\/www.bezner.com\/fr\/products\/cribles\/","name":"Cribles - Bezner Anlagen- und Maschinenbau","isPartOf":{"@id":"https:\/\/www.bezner.com\/de\/#website"},"datePublished":"2020-10-07T07:23:06+00:00","dateModified":"2020-10-08T08:45:58+00:00","description":"Les machines de criblage sont une partie importante du recyclage des d\u00e9chets. Bezner d\u00e9veloppe et construit des \u00e9quipements de criblage pour de nombreux secteurs du recyclage.","breadcrumb":{"@id":"https:\/\/www.bezner.com\/fr\/products\/cribles\/#breadcrumb"},"inLanguage":"fr-FR","potentialAction":[{"@type":"ReadAction","target":["https:\/\/www.bezner.com\/fr\/products\/cribles\/"]}]},{"@type":"BreadcrumbList","@id":"https:\/\/www.bezner.com\/fr\/products\/cribles\/#breadcrumb","itemListElement":[{"@type":"ListItem","position":1,"name":"Home","item":"https:\/\/www.bezner.com\/fr\/"},{"@type":"ListItem","position":2,"name":"Produits","item":"https:\/\/www.bezner.com\/fr\/products\/"},{"@type":"ListItem","position":3,"name":"Cribles"}]},{"@type":"WebSite","@id":"https:\/\/www.bezner.com\/de\/#website","url":"https:\/\/www.bezner.com\/de\/","name":"Bezner Anlagen- und Maschinenbau","description":"Waste managament solutions","potentialAction":[{"@type":"SearchAction","target":{"@type":"EntryPoint","urlTemplate":"https:\/\/www.bezner.com\/de\/?s={search_term_string}"},"query-input":{"@type":"PropertyValueSpecification","valueRequired":true,"valueName":"search_term_string"}}],"inLanguage":"fr-FR"}]}},"_links":{"self":[{"href":"https:\/\/www.bezner.com\/fr\/wp-json\/wp\/v2\/pages\/2612","targetHints":{"allow":["GET"]}}],"collection":[{"href":"https:\/\/www.bezner.com\/fr\/wp-json\/wp\/v2\/pages"}],"about":[{"href":"https:\/\/www.bezner.com\/fr\/wp-json\/wp\/v2\/types\/page"}],"author":[{"embeddable":true,"href":"https:\/\/www.bezner.com\/fr\/wp-json\/wp\/v2\/users\/11"}],"replies":[{"embeddable":true,"href":"https:\/\/www.bezner.com\/fr\/wp-json\/wp\/v2\/comments?post=2612"}],"version-history":[{"count":4,"href":"https:\/\/www.bezner.com\/fr\/wp-json\/wp\/v2\/pages\/2612\/revisions"}],"predecessor-version":[{"id":2894,"href":"https:\/\/www.bezner.com\/fr\/wp-json\/wp\/v2\/pages\/2612\/revisions\/2894"}],"up":[{"embeddable":true,"href":"https:\/\/www.bezner.com\/fr\/wp-json\/wp\/v2\/pages\/725"}],"wp:attachment":[{"href":"https:\/\/www.bezner.com\/fr\/wp-json\/wp\/v2\/media?parent=2612"}],"curies":[{"name":"wp","href":"https:\/\/api.w.org\/{rel}","templated":true}]}}