{"id":2620,"date":"2020-10-07T10:03:31","date_gmt":"2020-10-07T08:03:31","guid":{"rendered":"https:\/\/www.bezner.com\/?page_id=2620"},"modified":"2020-10-08T10:46:36","modified_gmt":"2020-10-08T08:46:36","slug":"solutions-de-recyclage","status":"publish","type":"page","link":"https:\/\/www.bezner.com\/fr\/products\/solutions-de-recyclage\/","title":{"rendered":"Solutions de recyclage"},"content":{"rendered":"<div class=\"wpb-content-wrapper\">[vc_row element_id=\u00a0\u00bb432682&Prime; css=\u00a0\u00bb.vc_custom_1597649818489{margin-top: 35px !important;margin-bottom: 35px !important;}\u00a0\u00bb][vc_column width=\u00a0\u00bb1\/2&Prime;][vc_column_text animation_delay=\u00a0\u00bb0&Prime;]\n<h1>DES SOLUTIONS DE TRI ET DE RECYCLAGE INNOVANTES PERMETTENT D\u2019OBTENIR DES MAT\u00c9RIAUX RECYCL\u00c9S DE HAUTE-QUALIT\u00c9<\/h1>\n<p>Du fait de la demande croissante de recyclage des d\u00e9chets, le besoin en installations de recyclage innovantes augmente. Dans un avenir proche, les d\u00e9chets seront un concept du pass\u00e9. Ces derni\u00e8res d\u00e9cennies, un nombre significatif de mat\u00e9riaux recycl\u00e9s sont devenus des ressources, et ils augmentent en diversit\u00e9.<\/p>\n<p>Afin de garantir \u00e0 nos clients un recyclage optimal des d\u00e9chets, Bezner con\u00e7oit et fabrique des machines de traitement et de recyclage des d\u00e9chets adapt\u00e9es aux objectifs de recyclage et de tri ainsi qu\u2019\u00e0 la taille et qu\u2019au budget du client.<\/p>\n<p>Nous fabriquons \u00e0 la fois des machines conventionnelles et des unit\u00e9s sur mesure ing\u00e9nieuses. Il est \u00e9galement possible d\u2019int\u00e9grer des \u00e9quipements sp\u00e9cifiques qui ne font pas partie de notre gamme, via nos fournisseurs. De cette mani\u00e8re, notre \u00e9quipe de gestion de projet vous propose des solutions cl\u00e9 en main.<\/p>\n<h2>NOUS TRAVAILLONS DANS LES SECTEURS DU TRAITEMENT DES D\u00c9CHETS ET DU RECYCLAGE SUIVANTS:<\/h2>\n<ul>\n<li>Valorisation des m\u00e2chefers<\/li>\n<li>Tri et recyclage des d\u00e9chets commerciaux et industriels<\/li>\n<li>Tri et recyclage de d\u00e9chets de construction et de d\u00e9molition<\/li>\n<li>Tri et recyclage des ordures m\u00e9nag\u00e8res<\/li>\n<li>Tri et recyclage du verre<\/li>\n<li>Tri et recyclage de papier et carton<\/li>\n<li>Tri et recyclage des plastiques<\/li>\n<li>Tri et recyclage \u00e0 flux unique<\/li>\n<\/ul>\n<h2>MAT\u00c9RIAUX ET STANDARDS DE HAUTE QUALIT\u00c9<\/h2>\n<p>Garantir un recyclage optimal de vos d\u00e9chets signifie s\u00e9lectionner la meilleure structure possible pour votre installation, utiliser des mat\u00e9riaux de haute qualit\u00e9 et bien s\u00fbr, r\u00e9pondre \u00e0 votre cahier des charges. Chez Bezner, nous nous appuyons sur une \u00e9quipe d\u2019ing\u00e9nieurs en interne, aussi bien pour les questions de g\u00e9nie m\u00e9canique que d\u2019\u00e9lectrotechnique. Nous disposons d\u2019une solide exp\u00e9rience en programmation PLC et en gestion de projets. De plus, nous disposons d\u2019usines de production au sein m\u00eame de la soci\u00e9t\u00e9.<\/p>\n<p>Notre savoir-faire, notre expertise et notre coop\u00e9ration avec des fournisseurs exceptionnels nous permet de livrer des installations haut de gamme \u00e0 nos clients dans le monde entier, et ce, depuis pr\u00e8s de 40 ans. Nous avons de nombreuses solutions et propositions \u00e0 partager avec vous. N\u2019h\u00e9sitez pas \u00e0 nous<a href=\"https:\/\/www.bezner.com\/fr\/contact\/\">\u00a0contacter<\/a>\u00a0pour toute information compl\u00e9mentaire.[\/vc_column_text][\/vc_column][vc_column width=\u00a0\u00bb1\/2&Prime;][vc_single_image image=\u00a0\u00bb997&Prime; img_size=\u00a0\u00bblarge\u00a0\u00bb alignment=\u00a0\u00bbcenter\u00a0\u00bb][\/vc_column][\/vc_row][vc_row element_id=\u00a0\u00bb9243&Prime; css=\u00a0\u00bb.vc_custom_1599474768679{margin-top: 35px !important;margin-bottom: 35px !important;}\u00a0\u00bb][vc_column animation_delay=\u00a0\u00bb0&Prime; element_id=\u00a0\u00bb966043&Prime; crp=\u00a0\u00bb480:i:i,480-768:i:i,768-1024:i:i,1024-1280:i:i,1280-1366:i:i,1366-1600:i:i,1600-1920:i:i\u00a0\u00bb][vc_column_text animation_delay=\u00a0\u00bb0&Prime;]\n<h2>NOS\u00a0<strong>SOLUTIONS DE RECYCLAGE<\/strong><\/h2>\n[\/vc_column_text][\/vc_column][\/vc_row][vc_row element_id=\u00a0\u00bb850765&Prime; css=\u00a0\u00bb.vc_custom_1599474654493{margin-top: 35px !important;margin-bottom: 35px !important;}\u00a0\u00bb][vc_column animation_delay=\u00a0\u00bb0&Prime; element_id=\u00a0\u00bb966043&Prime; crp=\u00a0\u00bb480:i:i,480-768:i:i,768-1024:i:i,1024-1280:i:i,1280-1366:i:i,1366-1600:i:i,1600-1920:i:i\u00a0\u00bb][vc_row_inner equal_height=\u00a0\u00bbyes\u00a0\u00bb element_id=\u00a0\u00bb133864&Prime;][vc_column_inner width=\u00a0\u00bb1\/2&Prime;]<div id=\"et-image-1\" class=\"et-image et-image-box overlay-hover classic alignnone link\" ><a title=\"D\u00c9CHETS COMMERCIAUX ET INDUSTRIELS\" target=\"_self\" href=\"\/fr\/products\/solutions-de-recyclage\/dechets-commerciaux-et-industriels\/\"><div class=\"post-image post-media\"><img decoding=\"async\" width=\"t\" height=\"t\" src=\"https:\/\/www.bezner.com\/wp-content\/uploads\/2017\/03\/commercial-and-industrial-bezner.jpg\" alt=\"D\u00c9CHETS COMMERCIAUX ET INDUSTRIELS\"><\/div><div class=\"post-body et-clearfix\"><div class=\"post-body-inner-wrap\"><div class=\"post-body-inner\"><h4 class=\"post-title entry-title\">D\u00c9CHETS COMMERCIAUX ET INDUSTRIELS<\/h4><\/div><\/div><\/div><\/a><\/div>[\/vc_column_inner][vc_column_inner width=\u00a0\u00bb1\/2&Prime;]<div id=\"et-image-2\" class=\"et-image et-image-box overlay-hover classic alignnone link\" ><a title=\"M\u00c2CHEFERS\" target=\"_self\" href=\"\/fr\/products\/solutions-de-recyclage\/machefers\/\"><div class=\"post-image post-media\"><img decoding=\"async\" width=\"t\" height=\"t\" src=\"https:\/\/www.bezner.com\/wp-content\/uploads\/2017\/05\/Sorting-plant-for-bottom-ash-2.jpg\" alt=\"M\u00c2CHEFERS\"><\/div><div class=\"post-body et-clearfix\"><div class=\"post-body-inner-wrap\"><div class=\"post-body-inner\"><h4 class=\"post-title entry-title\">M\u00c2CHEFERS<\/h4><\/div><\/div><\/div><\/a><\/div>[\/vc_column_inner][\/vc_row_inner][vc_row_inner equal_height=\u00a0\u00bbyes\u00a0\u00bb element_id=\u00a0\u00bb598723&Prime;][vc_column_inner width=\u00a0\u00bb1\/2&Prime;]<div id=\"et-image-3\" class=\"et-image et-image-box overlay-hover classic alignnone link\" ><a title=\"RECYCLAGE DES PLASTIQUES\" target=\"_self\" href=\"\/fr\/products\/solutions-de-recyclage\/recyclage-des-plastiques\/\"><div class=\"post-image post-media\"><img decoding=\"async\" width=\"t\" height=\"t\" src=\"https:\/\/www.bezner.com\/wp-content\/uploads\/2017\/03\/plastic-recycling.jpg\" alt=\"RECYCLAGE DES PLASTIQUES\"><\/div><div class=\"post-body et-clearfix\"><div class=\"post-body-inner-wrap\"><div class=\"post-body-inner\"><h4 class=\"post-title entry-title\">RECYCLAGE DES PLASTIQUES<\/h4><\/div><\/div><\/div><\/a><\/div>[\/vc_column_inner][vc_column_inner width=\u00a0\u00bb1\/2&Prime;]<div id=\"et-image-4\" class=\"et-image et-image-box overlay-hover classic alignnone link\" ><a title=\"R\u00c9G\u00c9N\u00c9RATION\" target=\"_self\" href=\"\/fr\/products\/solutions-de-recyclage\/regeneration\/\"><div class=\"post-image post-media\"><img decoding=\"async\" width=\"t\" height=\"t\" src=\"https:\/\/www.bezner.com\/wp-content\/uploads\/2017\/03\/mixed-recyclabes-bezner.jpg\" alt=\"R\u00c9G\u00c9N\u00c9RATION\"><\/div><div class=\"post-body et-clearfix\"><div class=\"post-body-inner-wrap\"><div class=\"post-body-inner\"><h4 class=\"post-title entry-title\">R\u00c9G\u00c9N\u00c9RATION<\/h4><\/div><\/div><\/div><\/a><\/div>[\/vc_column_inner][\/vc_row_inner][vc_row_inner equal_height=\u00a0\u00bbyes\u00a0\u00bb element_id=\u00a0\u00bb598723&Prime;][vc_column_inner width=\u00a0\u00bb1\/2&Prime;]<div id=\"et-image-5\" class=\"et-image et-image-box overlay-hover classic alignnone link\" ><a title=\"ORDURES M\u00c9NAG\u00c8RES\" target=\"_self\" href=\"\/fr\/products\/solutions-de-recyclage\/ordures-menageres\/\"><div class=\"post-image post-media\"><img decoding=\"async\" width=\"t\" height=\"t\" src=\"https:\/\/www.bezner.com\/wp-content\/uploads\/2017\/07\/Recycling-plant-municipal-waste-chain-conveyor.jpg\" alt=\"ORDURES M\u00c9NAG\u00c8RES\"><\/div><div class=\"post-body et-clearfix\"><div class=\"post-body-inner-wrap\"><div class=\"post-body-inner\"><h4 class=\"post-title entry-title\">ORDURES M\u00c9NAG\u00c8RES<\/h4><\/div><\/div><\/div><\/a><\/div>[\/vc_column_inner][vc_column_inner width=\u00a0\u00bb1\/2&Prime;]<div id=\"et-image-6\" class=\"et-image et-image-box overlay-hover classic alignnone link\" ><a title=\"RECYCLAGE DU VERRE\" target=\"_self\" href=\"\/fr\/products\/solutions-de-recyclage\/recyclage-du-verre\/\"><div class=\"post-image post-media\"><img decoding=\"async\" width=\"t\" height=\"t\" src=\"https:\/\/www.bezner.com\/wp-content\/uploads\/2017\/03\/elevator-conveyor-glass-recycling.jpg\" alt=\"RECYCLAGE DU VERRE\"><\/div><div class=\"post-body et-clearfix\"><div class=\"post-body-inner-wrap\"><div class=\"post-body-inner\"><h4 class=\"post-title entry-title\">RECYCLAGE DU VERRE<\/h4><\/div><\/div><\/div><\/a><\/div>[\/vc_column_inner][\/vc_row_inner][vc_row_inner equal_height=\u00a0\u00bbyes\u00a0\u00bb element_id=\u00a0\u00bb598723&Prime;][vc_column_inner width=\u00a0\u00bb1\/2&Prime;]<div id=\"et-image-7\" class=\"et-image et-image-box overlay-hover classic alignnone link\" ><a title=\"RECYCLAGE DU PAPIER\" target=\"_self\" href=\"\/fr\/products\/solutions-de-recyclage\/recyclage-du-papier\/\"><div class=\"post-image post-media\"><img decoding=\"async\" width=\"t\" height=\"t\" src=\"https:\/\/www.bezner.com\/wp-content\/uploads\/2017\/03\/paper-and-cardboard-bezner.jpg\" alt=\"RECYCLAGE DU PAPIER\"><\/div><div class=\"post-body et-clearfix\"><div class=\"post-body-inner-wrap\"><div class=\"post-body-inner\"><h4 class=\"post-title entry-title\">RECYCLAGE DU PAPIER<\/h4><\/div><\/div><\/div><\/a><\/div>[\/vc_column_inner][vc_column_inner width=\u00a0\u00bb1\/2&Prime;]<div id=\"et-image-8\" class=\"et-image et-image-box overlay-hover classic alignnone link\" ><a title=\"D\u00c9CHETS DE CONSTRUCTION ET DE D\u00c9MOLITION\" target=\"_self\" href=\"\/fr\/products\/solutions-de-recyclage\/dechets-de-construction-et-de-demolition\/\"><div class=\"post-image post-media\"><img decoding=\"async\" width=\"t\" height=\"t\" src=\"https:\/\/www.bezner.com\/wp-content\/uploads\/2017\/03\/construction-and-demolition-waste-bezner.jpg\" alt=\"D\u00c9CHETS DE CONSTRUCTION ET DE D\u00c9MOLITION\"><\/div><div class=\"post-body et-clearfix\"><div class=\"post-body-inner-wrap\"><div class=\"post-body-inner\"><h4 class=\"post-title entry-title\">D\u00c9CHETS DE CONSTRUCTION ET DE D\u00c9MOLITION<\/h4><\/div><\/div><\/div><\/a><\/div>[\/vc_column_inner][\/vc_row_inner][\/vc_column][\/vc_row]\n<\/div>","protected":false},"excerpt":{"rendered":"<p>[vc_row element_id=\u00a0\u00bb432682&Prime; css=\u00a0\u00bb.vc_custom_1597649818489{margin-top: 35px !important;margin-bottom: 35px !important;}\u00a0\u00bb][vc_column width=\u00a0\u00bb1\/2&Prime;][vc_column_text animation_delay=\u00a0\u00bb0&Prime;] DES SOLUTIONS DE TRI ET DE RECYCLAGE INNOVANTES PERMETTENT D\u2019OBTENIR DES MAT\u00c9RIAUX RECYCL\u00c9S DE HAUTE-QUALIT\u00c9 Du fait de la demande croissante de recyclage des d\u00e9chets, le besoin en installations de recyclage innovantes augmente. Dans un avenir proche, les d\u00e9chets seront un concept du pass\u00e9. Ces derni\u00e8res [&hellip;]<\/p>\n","protected":false},"author":12,"featured_media":0,"parent":725,"menu_order":0,"comment_status":"closed","ping_status":"closed","template":"","meta":{"_acf_changed":false,"footnotes":""},"class_list":["post-2620","page","type-page","status-publish","hentry"],"acf":[],"yoast_head":"<!-- This site is optimized with the Yoast SEO plugin v27.4 - https:\/\/yoast.com\/product\/yoast-seo-wordpress\/ -->\n<title>Solutions de recyclage - Bezner Anlagen- und Maschinenbau<\/title>\n<meta name=\"description\" content=\"Bezner con\u00e7oit, fabrique et fournit des solutions de recyclage innovantes pour les secteurs du traitement des d\u00e9chets et du recyclage.\" \/>\n<meta name=\"robots\" content=\"index, follow, max-snippet:-1, max-image-preview:large, max-video-preview:-1\" \/>\n<link rel=\"canonical\" href=\"https:\/\/www.bezner.com\/fr\/products\/solutions-de-recyclage\/\" \/>\n<meta property=\"og:locale\" content=\"fr_FR\" \/>\n<meta property=\"og:type\" content=\"article\" \/>\n<meta property=\"og:title\" content=\"Solutions de recyclage - Bezner Anlagen- und Maschinenbau\" \/>\n<meta property=\"og:description\" content=\"Bezner con\u00e7oit, fabrique et fournit des solutions de recyclage innovantes pour les secteurs du traitement des d\u00e9chets et du recyclage.\" \/>\n<meta property=\"og:url\" content=\"https:\/\/www.bezner.com\/fr\/products\/solutions-de-recyclage\/\" \/>\n<meta property=\"og:site_name\" content=\"Bezner Anlagen- und Maschinenbau\" \/>\n<meta property=\"article:modified_time\" content=\"2020-10-08T08:46:36+00:00\" \/>\n<meta name=\"twitter:card\" content=\"summary_large_image\" \/>\n<meta name=\"twitter:label1\" content=\"Dur\u00e9e de lecture estim\u00e9e\" \/>\n\t<meta name=\"twitter:data1\" content=\"4 minutes\" \/>\n<script type=\"application\/ld+json\" class=\"yoast-schema-graph\">{\"@context\":\"https:\\\/\\\/schema.org\",\"@graph\":[{\"@type\":\"WebPage\",\"@id\":\"https:\\\/\\\/www.bezner.com\\\/fr\\\/products\\\/solutions-de-recyclage\\\/\",\"url\":\"https:\\\/\\\/www.bezner.com\\\/fr\\\/products\\\/solutions-de-recyclage\\\/\",\"name\":\"Solutions de recyclage - Bezner Anlagen- und Maschinenbau\",\"isPartOf\":{\"@id\":\"https:\\\/\\\/www.bezner.com\\\/de\\\/#website\"},\"datePublished\":\"2020-10-07T08:03:31+00:00\",\"dateModified\":\"2020-10-08T08:46:36+00:00\",\"description\":\"Bezner con\u00e7oit, fabrique et fournit des solutions de recyclage innovantes pour les secteurs du traitement des d\u00e9chets et du recyclage.\",\"breadcrumb\":{\"@id\":\"https:\\\/\\\/www.bezner.com\\\/fr\\\/products\\\/solutions-de-recyclage\\\/#breadcrumb\"},\"inLanguage\":\"fr-FR\",\"potentialAction\":[{\"@type\":\"ReadAction\",\"target\":[\"https:\\\/\\\/www.bezner.com\\\/fr\\\/products\\\/solutions-de-recyclage\\\/\"]}]},{\"@type\":\"BreadcrumbList\",\"@id\":\"https:\\\/\\\/www.bezner.com\\\/fr\\\/products\\\/solutions-de-recyclage\\\/#breadcrumb\",\"itemListElement\":[{\"@type\":\"ListItem\",\"position\":1,\"name\":\"Home\",\"item\":\"https:\\\/\\\/www.bezner.com\\\/fr\\\/\"},{\"@type\":\"ListItem\",\"position\":2,\"name\":\"Produits\",\"item\":\"https:\\\/\\\/www.bezner.com\\\/fr\\\/products\\\/\"},{\"@type\":\"ListItem\",\"position\":3,\"name\":\"Solutions de recyclage\"}]},{\"@type\":\"WebSite\",\"@id\":\"https:\\\/\\\/www.bezner.com\\\/de\\\/#website\",\"url\":\"https:\\\/\\\/www.bezner.com\\\/de\\\/\",\"name\":\"Bezner Anlagen- und Maschinenbau\",\"description\":\"Waste managament solutions\",\"potentialAction\":[{\"@type\":\"SearchAction\",\"target\":{\"@type\":\"EntryPoint\",\"urlTemplate\":\"https:\\\/\\\/www.bezner.com\\\/de\\\/?s={search_term_string}\"},\"query-input\":{\"@type\":\"PropertyValueSpecification\",\"valueRequired\":true,\"valueName\":\"search_term_string\"}}],\"inLanguage\":\"fr-FR\"}]}<\/script>\n<!-- \/ Yoast SEO plugin. -->","yoast_head_json":{"title":"Solutions de recyclage - Bezner Anlagen- und Maschinenbau","description":"Bezner con\u00e7oit, fabrique et fournit des solutions de recyclage innovantes pour les secteurs du traitement des d\u00e9chets et du recyclage.","robots":{"index":"index","follow":"follow","max-snippet":"max-snippet:-1","max-image-preview":"max-image-preview:large","max-video-preview":"max-video-preview:-1"},"canonical":"https:\/\/www.bezner.com\/fr\/products\/solutions-de-recyclage\/","og_locale":"fr_FR","og_type":"article","og_title":"Solutions de recyclage - Bezner Anlagen- und Maschinenbau","og_description":"Bezner con\u00e7oit, fabrique et fournit des solutions de recyclage innovantes pour les secteurs du traitement des d\u00e9chets et du recyclage.","og_url":"https:\/\/www.bezner.com\/fr\/products\/solutions-de-recyclage\/","og_site_name":"Bezner Anlagen- und Maschinenbau","article_modified_time":"2020-10-08T08:46:36+00:00","twitter_card":"summary_large_image","twitter_misc":{"Dur\u00e9e de lecture estim\u00e9e":"4 minutes"},"schema":{"@context":"https:\/\/schema.org","@graph":[{"@type":"WebPage","@id":"https:\/\/www.bezner.com\/fr\/products\/solutions-de-recyclage\/","url":"https:\/\/www.bezner.com\/fr\/products\/solutions-de-recyclage\/","name":"Solutions de recyclage - Bezner Anlagen- und Maschinenbau","isPartOf":{"@id":"https:\/\/www.bezner.com\/de\/#website"},"datePublished":"2020-10-07T08:03:31+00:00","dateModified":"2020-10-08T08:46:36+00:00","description":"Bezner con\u00e7oit, fabrique et fournit des solutions de recyclage innovantes pour les secteurs du traitement des d\u00e9chets et du recyclage.","breadcrumb":{"@id":"https:\/\/www.bezner.com\/fr\/products\/solutions-de-recyclage\/#breadcrumb"},"inLanguage":"fr-FR","potentialAction":[{"@type":"ReadAction","target":["https:\/\/www.bezner.com\/fr\/products\/solutions-de-recyclage\/"]}]},{"@type":"BreadcrumbList","@id":"https:\/\/www.bezner.com\/fr\/products\/solutions-de-recyclage\/#breadcrumb","itemListElement":[{"@type":"ListItem","position":1,"name":"Home","item":"https:\/\/www.bezner.com\/fr\/"},{"@type":"ListItem","position":2,"name":"Produits","item":"https:\/\/www.bezner.com\/fr\/products\/"},{"@type":"ListItem","position":3,"name":"Solutions de recyclage"}]},{"@type":"WebSite","@id":"https:\/\/www.bezner.com\/de\/#website","url":"https:\/\/www.bezner.com\/de\/","name":"Bezner Anlagen- und Maschinenbau","description":"Waste managament solutions","potentialAction":[{"@type":"SearchAction","target":{"@type":"EntryPoint","urlTemplate":"https:\/\/www.bezner.com\/de\/?s={search_term_string}"},"query-input":{"@type":"PropertyValueSpecification","valueRequired":true,"valueName":"search_term_string"}}],"inLanguage":"fr-FR"}]}},"_links":{"self":[{"href":"https:\/\/www.bezner.com\/fr\/wp-json\/wp\/v2\/pages\/2620","targetHints":{"allow":["GET"]}}],"collection":[{"href":"https:\/\/www.bezner.com\/fr\/wp-json\/wp\/v2\/pages"}],"about":[{"href":"https:\/\/www.bezner.com\/fr\/wp-json\/wp\/v2\/types\/page"}],"author":[{"embeddable":true,"href":"https:\/\/www.bezner.com\/fr\/wp-json\/wp\/v2\/users\/12"}],"replies":[{"embeddable":true,"href":"https:\/\/www.bezner.com\/fr\/wp-json\/wp\/v2\/comments?post=2620"}],"version-history":[{"count":7,"href":"https:\/\/www.bezner.com\/fr\/wp-json\/wp\/v2\/pages\/2620\/revisions"}],"predecessor-version":[{"id":2896,"href":"https:\/\/www.bezner.com\/fr\/wp-json\/wp\/v2\/pages\/2620\/revisions\/2896"}],"up":[{"embeddable":true,"href":"https:\/\/www.bezner.com\/fr\/wp-json\/wp\/v2\/pages\/725"}],"wp:attachment":[{"href":"https:\/\/www.bezner.com\/fr\/wp-json\/wp\/v2\/media?parent=2620"}],"curies":[{"name":"wp","href":"https:\/\/api.w.org\/{rel}","templated":true}]}}