{"id":4119,"date":"2022-05-10T08:54:01","date_gmt":"2022-05-10T06:54:01","guid":{"rendered":"https:\/\/www.bezner.com\/?page_id=4119"},"modified":"2022-05-17T14:28:51","modified_gmt":"2022-05-17T12:28:51","slug":"vue-densemble-de-lusine","status":"publish","type":"page","link":"https:\/\/www.bezner.com\/fr\/vue-densemble-de-lusine\/","title":{"rendered":"Vue d&rsquo;ensemble de l&rsquo;usine"},"content":{"rendered":"<div class=\"wpb-content-wrapper\">[vc_row][vc_column][vc_column_text animation_delay=\u00a0\u00bb0&Prime;]<div id='zoomerDiv0'><\/div><div id='markersAndInfoWindow0' style='display:none;'><div data-info=''><\/div><ul data-markers=''><li data-marker-type='tooltip-plus' data-show-after-zoom-factor='0' data-marker-id='fwd360pvWindsifter - FR' data-reg-point='centerbottom' data-marker-window-width='300' data-marker-width='35' data-marker-height='48' data-tooltip-offset-x='0' data-marker-left=\"828\" data-marker-top=\"425\" data-marker-normal-state-path='https:\/\/www.bezner.com\/wp-content\/plugins\/fwdzoomer\/content\/skin2\/marker1.png' data-marker-selected-state-path='https:\/\/www.bezner.com\/wp-content\/plugins\/fwdzoomer\/content\/skin2\/marker1-rollover.png'><strong>S\u00e9parateur a\u00e9raulique<\/strong><p>Le s\u00e9parateur \u00e0 vent (\u00e9galement appel\u00e9 s\u00e9parateur a\u00e9raulique) assure une protection efficace des broyeurs suivants et garantit une s\u00e9paration de haute qualit\u00e9 des mat\u00e9riaux lourds.<\/p><p> <a href='https:\/\/www.bezner.com\/fr\/products\/separateur-aeraulique\/'>Lire Plus<\/a><\/p><\/li><li data-marker-type='tooltip-plus' data-show-after-zoom-factor='0' data-marker-id='fwd360pvScreening drum - FR' data-reg-point='centerbottom' data-marker-window-width='300' data-marker-width='35' data-marker-height='48' data-tooltip-offset-x='0' data-marker-left=\"323\" data-marker-top=\"516\" data-marker-normal-state-path='https:\/\/www.bezner.com\/wp-content\/plugins\/fwdzoomer\/content\/skin2\/marker1.png' data-marker-selected-state-path='https:\/\/www.bezner.com\/wp-content\/plugins\/fwdzoomer\/content\/skin2\/marker1-rollover.png'><strong>CRIBLE TROMMEL<\/strong><p>Un tambour de criblage, \u00e9galement appel\u00e9 crible \u00e0 trommel ou crible \u00e0 tambour rotatif, est une machine permettant de classer, de s\u00e9parer par taille et de pr\u00e9-trier les d\u00e9chets dans une usine de gestion des d\u00e9chets, une usine de recyclage ou une usine de compostage. Les mod\u00e8les de Bezner varient en fonction de la longueur et\/ou du diam\u00e8tre du tambour, ainsi que de la forme et de la maille des trous du tambour.<\/p><p> <a href='https:\/\/www.bezner.com\/fr\/products\/cribles\/crible-trommel\/'>Lire Plus<\/a><\/p><\/li><li data-marker-type='tooltip-plus' data-show-after-zoom-factor='0' data-marker-id='fwd360pvSorting room \/ control room - FR' data-reg-point='centerbottom' data-marker-window-width='300' data-marker-width='35' data-marker-height='48' data-tooltip-offset-x='0' data-marker-left=\"677\" data-marker-top=\"58\" data-marker-normal-state-path='https:\/\/www.bezner.com\/wp-content\/plugins\/fwdzoomer\/content\/skin2\/marker1.png' data-marker-selected-state-path='https:\/\/www.bezner.com\/wp-content\/plugins\/fwdzoomer\/content\/skin2\/marker1-rollover.png'><strong>CABINE DE TRI<\/strong><p>AVEC GOULOTTES DE TRI<\/p><p>Le tri et la s\u00e9paration m\u00e9caniques sont devenus des techniques sophistiqu\u00e9es. Cependant, dans certains cas, les clients pr\u00e9f\u00e8rent int\u00e9grer des salles de contr\u00f4le ou des cabines de tri dans le processus de recyclage lorsque:<ul><li>besoin d'une inspection finale dans les flux de produits<\/li><li>la qualit\u00e9 des mat\u00e9riaux trait\u00e9s fluctue fortement<\/li><li>budget limit\u00e9 pour investir dans l'automatisation<\/li><\/ul><\/p><\/li><li data-marker-type='tooltip-plus' data-show-after-zoom-factor='0' data-marker-id='fwd360pvRoller conveyor heavy duty - FR' data-reg-point='centerbottom' data-marker-window-width='300' data-marker-width='35' data-marker-height='48' data-tooltip-offset-x='0' data-marker-left=\"592\" data-marker-top=\"514\" data-marker-normal-state-path='https:\/\/www.bezner.com\/wp-content\/plugins\/fwdzoomer\/content\/skin2\/marker1.png' data-marker-selected-state-path='https:\/\/www.bezner.com\/wp-content\/plugins\/fwdzoomer\/content\/skin2\/marker1-rollover.png'><strong>CONVOYEUR \u00c0 ROULEAUX POUR CHARGES LOURDES<\/strong><p>La fonction g\u00e9n\u00e9rale du convoyeur est le transport de mat\u00e9riaux lourds d'un point \u00e0 un autre par une bande en caoutchouc, soutenue par des rouleaux.<\/p><p><a href='https:\/\/www.bezner.com\/fr\/products\/systemes-convoyeurs\/convoyeur-a-bande\/'>Lire Plus<\/a><\/p><\/li><li data-marker-type='tooltip-plus' data-show-after-zoom-factor='0' data-marker-id='fwd360pvChain conveyor - FR' data-reg-point='centerbottom' data-marker-window-width='300' data-marker-width='35' data-marker-height='48' data-tooltip-offset-x='0' data-marker-left=\"120\" data-marker-top=\"587\" data-marker-normal-state-path='https:\/\/www.bezner.com\/wp-content\/plugins\/fwdzoomer\/content\/skin2\/marker1.png' data-marker-selected-state-path='https:\/\/www.bezner.com\/wp-content\/plugins\/fwdzoomer\/content\/skin2\/marker1-rollover.png'><strong>CONVOYEUR \u00c0 CHA\u00ceNE<\/strong><p>Le transport de mat\u00e9riaux sur un convoyeur \u00e0 cha\u00eene se fait g\u00e9n\u00e9ralement de mani\u00e8re horizontale, mais il est \u00e9galement possible de le faire verticalement \u00e0 un niveau sup\u00e9rieur.<br\/> Les avantages sont les suivants: <ul><li>Mat\u00e9riaux durables et de haute qualit\u00e9<\/li><li>Sans entretien \u00e0 long terme<\/li><li>Convient pour le transport de charges lourdes<\/li><li>Possibilit\u00e9 de transport vertical sur de courtes distances<\/li><\/ul><a href='https:\/\/www.bezner.com\/fr\/products\/systemes-convoyeurs\/convoyeur-a-chaine\/'>Lire Plus<\/a><\/p><\/li><li data-marker-type='tooltip-plus' data-show-after-zoom-factor='0' data-marker-id='fwd360pvRoller conveyor medium duty - FR' data-reg-point='centerbottom' data-marker-window-width='300' data-marker-width='35' data-marker-height='48' data-tooltip-offset-x='0' data-marker-left=\"155\" data-marker-top=\"431\" data-marker-normal-state-path='https:\/\/www.bezner.com\/wp-content\/plugins\/fwdzoomer\/content\/skin2\/marker1.png' data-marker-selected-state-path='https:\/\/www.bezner.com\/wp-content\/plugins\/fwdzoomer\/content\/skin2\/marker1-rollover.png'><strong>CONVOYEUR \u00c0 ROULEAUX POUR CHARGES MOYENNES<\/strong><p>La fonction g\u00e9n\u00e9rale du convoyeur est le transport de mat\u00e9riaux de poids moyen d'un point \u00e0 un autre par une bande en caoutchouc, support\u00e9e par des rouleaux et des plaques d'impact.<\/p><p><a href='https:\/\/www.bezner.com\/fr\/products\/systemes-convoyeurs\/convoyeur-a-bande\/'>Lire Plus<\/a><\/p><\/li><li data-marker-type='tooltip-plus' data-show-after-zoom-factor='0' data-marker-id='fwd360pvLinear vibrating screen - FR' data-reg-point='centerbottom' data-marker-window-width='300' data-marker-width='35' data-marker-height='48' data-tooltip-offset-x='0' data-marker-left=\"224\" data-marker-top=\"351\" data-marker-normal-state-path='https:\/\/www.bezner.com\/wp-content\/plugins\/fwdzoomer\/content\/skin2\/marker1.png' data-marker-selected-state-path='https:\/\/www.bezner.com\/wp-content\/plugins\/fwdzoomer\/content\/skin2\/marker1-rollover.png'><strong>CRIBLE VIBRANT<\/strong><p>Le crible vibrant plant permet une s\u00e9paration minutieuse et soign\u00e9e d'une grande vari\u00e9t\u00e9 de mat\u00e9riaux tels que les d\u00e9chets de d\u00e9molition, les produits en vrac, le papier et les emballages l\u00e9gers.<\/p> <p><a href='https:\/\/www.bezner.com\/fr\/products\/cribles\/crible-plan\/'>Lire Plus<\/a><\/p><\/li><li data-marker-type='tooltip-plus' data-show-after-zoom-factor='0' data-marker-id='fwd360pvVibrating feeder - FR' data-reg-point='centerbottom' data-marker-window-width='300' data-marker-width='35' data-marker-height='48' data-tooltip-offset-x='0' data-marker-left=\"717\" data-marker-top=\"379\" data-marker-normal-state-path='https:\/\/www.bezner.com\/wp-content\/plugins\/fwdzoomer\/content\/skin2\/marker1.png' data-marker-selected-state-path='https:\/\/www.bezner.com\/wp-content\/plugins\/fwdzoomer\/content\/skin2\/marker1-rollover.png'><strong>ALIMENTATEUR VIBRANT<\/strong><p>Un doseur vibrant est un \u00e9l\u00e9ment de transport qui, par gravit\u00e9 et par un mouvement vibrant, alimente le mat\u00e9riau plus loin dans le processus.<\/p> <p><a href='https:\/\/www.bezner.com\/fr\/products\/systemes-convoyeurs\/alimentateur-vibrant\/'>Lire Plus<\/a><\/p><\/li><\/ul><\/div><script type='text\/javascript'>document.addEventListener('DOMContentLoaded', function(){setupFWDZoomer0();});function setupFWDZoomer0(){window.FWDZOOMER0 = new FWDM({skinPath:'https:\/\/www.bezner.com\/wp-content\/plugins\/fwdzoomer\/content\/skin2',parentId:'zoomerDiv0',markersAndInfoWindowId:'markersAndInfoWindow0',imagePath:'https:\/\/www.bezner.com\/wp-content\/uploads\/2020\/09\/2022-01-24-09_15_04-Window.jpg',displayType:'responsive',autoScale:'yes',zoomerWidth:1000,zoomerHeight:790,imageOffsetX:0,imageOffsetY:0,zoomSpeed:0.1,preloaderText:'Loading image: ',initializeOnlyWhenVisible:'no',preloaderBackgroundSize:'large',useEntireScreen:'yes',useVectorIcons:'yes',addDoubleClickSupport:'yes',disableMouseWheel:'no',doubleClickZoomFactor:1,imageWidth:1463,imageHeight:810,zoomFactor:1,startZoomFactor:'default',panSpeed:8,fullscreenBackgroundColor:'#ffffff',backgroundColorOnZoom:'rgba(255, 255, 255, 0)',backgroundColor:'rgb(255, 255, 255)',lightBoxWidth:1000,lightBoxHeight:790,lightBoxBackgroundOpacity:0.8,lightBoxBackgroundColor:'#e30808',buttons:'moveLeft, moveRight, moveDown, moveUp, scrollbar, hideOrShowMarkers, hideOrShowController, fullscreen',buttonsToolTips:'Move left, Move right, Move down, Move up, Zoom level: , Hide markers\/Show markers, Hide controller\/Show controller, Info, Full screen\/Normal screen',controllerHorizontalPosition:'center',showControllerBackground:'yes',controllerVerticalPosition:'bottom',preloaderOffsetX:40,preloaderOffsetY:40,preloaderWidth:'70%',preloaderFontColor:'#000000',preloaderPosition:'center',showPreloaderProgressBar:'yes',preloaderBackgroundColor:'#ffffff',preloaderProgressBarBackgroundColor:'#8b859b',preloaderProgressBarFillColor:'#131557',preloaderWindowBackgroundOpacity:0.7,inversePanDirection:'yes',addKeyboardSupport:'yes',startSpaceBetweenButtons:10,buttonsToolTipOffsetY:-10,spaceBetweenButtons:10,startSpaceForScrollBarButtons:20,startSpaceForScrollBar:6,hideControllerDelay:3,controllerMaxWidth:934,controllerBackgroundOpacity:1,controllerOffsetWidth:20,controllerOffsetY:10,scrollBarHandlerOffsetX:4,startSpaceBetweenButtons:28,scrollBarOffsetX:0,buttonToolTipBackgroundColor:'#ffffff',buttonToolTipFontColor:'#585858',scrollBarHandlerToolTipOffsetY:4,zoomInAndOutToolTipOffsetY:-10,showNavigator:'yes',navigatorWidth:'120',navigatorPosition:'topright',navigatorOffsetX:6,navigatorOffsetY:6,navigatorBackgroundColor:'#ffffff',navigatorHandlerColor:'#131557',navigatorBorderColor:'#e5e4e8',infoWindowBackgroundOpacity:0.5,infoWindowWidth:'920',infoWindowBackgroundColor:'#ffffff',infoWindowScrollBarColor:'#585858',showMarkersInfo:'no',markerToolTipOffsetY:2,showScriptDeveloper:'no',contextMenuLabels:'Move left, Move right, Move down, Move up, Zoom in\/Zoom out, Hide markers\/Show markers, Hide controller\/Show controller, Info, Full screen\/Normal screenn',contextMenuBorderColor:'rgba(0, 0, 0, 0)',contextMenuSpacerColor:'#e5e4e8',contextMenuItemTextNormalColor:'#3a334b',contextMenuItemTextSelectedColor:'#ffffff',contextMenuItemBackgroundNormalColor:'#ffffff',contextMenuItemBackgroundSelectedColor:'#131557',contextMenuItemDisabledColor:'#cccccc'});};<\/script>[\/vc_column_text][\/vc_column][\/vc_row][vc_row][vc_column][vc_column_text animation_delay=\u00a0\u00bb0&Prime;]\n<h2><strong>Produits<\/strong><\/h2>\n[\/vc_column_text][vc_row_inner equal_height=\u00a0\u00bbyes\u00a0\u00bb element_id=\u00a0\u00bb567368&Prime; css=\u00a0\u00bb.vc_custom_1649853401858{padding-top: 20px !important;}\u00a0\u00bb][vc_column_inner width=\u00a0\u00bb1\/2&Prime;]<div id=\"et-image-1\" class=\"et-image et-image-box overlay-hover classic alignnone link\" ><a title=\"Convoyeur \u00e0 bande\" target=\"_self\" href=\"\/fr\/products\/systemes-convoyeurs\/convoyeur-a-bande\/\"><div class=\"post-image post-media\"><img decoding=\"async\" width=\"t\" height=\"t\" src=\"https:\/\/www.bezner.com\/wp-content\/uploads\/2017\/05\/Sorting-plant-for-packaging-6.jpg\" alt=\"Convoyeur \u00e0 bande\"><\/div><div class=\"post-body et-clearfix\"><div class=\"post-body-inner-wrap\"><div class=\"post-body-inner\"><h4 class=\"post-title entry-title\">Convoyeur \u00e0 bande<\/h4><\/div><\/div><\/div><\/a><\/div>[\/vc_column_inner][vc_column_inner width=\u00a0\u00bb1\/2&Prime;]<div id=\"et-image-2\" class=\"et-image et-image-box overlay-hover classic alignnone link\" ><a title=\"Crible vibrant plan\" target=\"_self\" href=\"\/fr\/products\/cribles\/crible-plan\/\"><div class=\"post-image post-media\"><img decoding=\"async\" width=\"t\" height=\"t\" src=\"https:\/\/www.bezner.com\/wp-content\/uploads\/2017\/03\/construction-and-demolition-waste-bezner.jpg\" alt=\"Crible vibrant plan\"><\/div><div class=\"post-body et-clearfix\"><div class=\"post-body-inner-wrap\"><div class=\"post-body-inner\"><h4 class=\"post-title entry-title\">Crible vibrant plan<\/h4><\/div><\/div><\/div><\/a><\/div>[\/vc_column_inner][\/vc_row_inner][vc_row_inner equal_height=\u00a0\u00bbyes\u00a0\u00bb element_id=\u00a0\u00bb343989&Prime; css=\u00a0\u00bb.vc_custom_1649853405927{padding-top: 20px !important;}\u00a0\u00bb][vc_column_inner width=\u00a0\u00bb1\/2&Prime;]<div id=\"et-image-3\" class=\"et-image et-image-box overlay-hover classic alignnone link\" ><a title=\"Convoyeurs \u00e0 cha\u00eene\" target=\"_self\" href=\"\/fr\/products\/systemes-convoyeurs\/convoyeur-a-chaine\/\"><div class=\"post-image post-media\"><img decoding=\"async\" width=\"t\" height=\"t\" src=\"https:\/\/www.bezner.com\/wp-content\/uploads\/2017\/03\/chain-conveyor.jpg\" alt=\"Convoyeurs \u00e0 cha\u00eene\"><\/div><div class=\"post-body et-clearfix\"><div class=\"post-body-inner-wrap\"><div class=\"post-body-inner\"><h4 class=\"post-title entry-title\">Convoyeurs \u00e0 cha\u00eene<\/h4><\/div><\/div><\/div><\/a><\/div>[\/vc_column_inner][vc_column_inner width=\u00a0\u00bb1\/2&Prime;]<div id=\"et-image-4\" class=\"et-image et-image-box overlay-hover classic alignnone link\" ><a title=\"S\u00e9parateurs a\u00e9rauliques\" target=\"_self\" href=\"\/fr\/products\/separateur-aeraulique\/\"><div class=\"post-image post-media\"><img decoding=\"async\" width=\"t\" height=\"t\" src=\"https:\/\/www.bezner.com\/wp-content\/uploads\/2017\/08\/air-separator-wind-sifter.jpg\" alt=\"S\u00e9parateurs a\u00e9rauliques\"><\/div><div class=\"post-body et-clearfix\"><div class=\"post-body-inner-wrap\"><div class=\"post-body-inner\"><h4 class=\"post-title entry-title\">S\u00e9parateurs a\u00e9rauliques<\/h4><\/div><\/div><\/div><\/a><\/div>[\/vc_column_inner][\/vc_row_inner][vc_row_inner equal_height=\u00a0\u00bbyes\u00a0\u00bb element_id=\u00a0\u00bb343989&Prime; css=\u00a0\u00bb.vc_custom_1649853405927{padding-top: 20px !important;}\u00a0\u00bb][vc_column_inner width=\u00a0\u00bb1\/2&Prime;]<div id=\"et-image-5\" class=\"et-image et-image-box overlay-hover classic alignnone link\" ><a title=\"Crible trommel\" target=\"_self\" href=\"\/fr\/products\/cribles\/crible-trommel\/\"><div class=\"post-image post-media\"><img decoding=\"async\" width=\"t\" height=\"t\" src=\"https:\/\/www.bezner.com\/wp-content\/uploads\/2017\/05\/drum-screen-PET-bottles.jpg\" alt=\"Crible trommel\"><\/div><div class=\"post-body et-clearfix\"><div class=\"post-body-inner-wrap\"><div class=\"post-body-inner\"><h4 class=\"post-title entry-title\">Crible trommel<\/h4><\/div><\/div><\/div><\/a><\/div>[\/vc_column_inner][vc_column_inner width=\u00a0\u00bb1\/2&Prime;]<div id=\"et-image-6\" class=\"et-image et-image-box overlay-hover classic alignnone link\" ><a title=\"Alimentateur vibrant\" target=\"_self\" href=\"\/fr\/products\/systemes-convoyeurs\/alimentateur-vibrant\/\"><div class=\"post-image post-media\"><img decoding=\"async\" width=\"t\" height=\"t\" src=\"https:\/\/www.bezner.com\/wp-content\/uploads\/2017\/03\/vibration-feeder.jpg\" alt=\"Alimentateur vibrant\"><\/div><div class=\"post-body et-clearfix\"><div class=\"post-body-inner-wrap\"><div class=\"post-body-inner\"><h4 class=\"post-title entry-title\">Alimentateur vibrant<\/h4><\/div><\/div><\/div><\/a><\/div>[\/vc_column_inner][\/vc_row_inner][\/vc_column][\/vc_row]\n<\/div>","protected":false},"excerpt":{"rendered":"<p>[vc_row][vc_column][vc_column_text animation_delay=\u00a0\u00bb0&Prime;][\/vc_column_text][\/vc_column][\/vc_row][vc_row][vc_column][vc_column_text animation_delay=\u00a0\u00bb0&Prime;] Produits [\/vc_column_text][vc_row_inner equal_height=\u00a0\u00bbyes\u00a0\u00bb element_id=\u00a0\u00bb567368&Prime; css=\u00a0\u00bb.vc_custom_1649853401858{padding-top: 20px !important;}\u00a0\u00bb][vc_column_inner width=\u00a0\u00bb1\/2&Prime;][\/vc_column_inner][vc_column_inner width=\u00a0\u00bb1\/2&Prime;][\/vc_column_inner][\/vc_row_inner][vc_row_inner equal_height=\u00a0\u00bbyes\u00a0\u00bb element_id=\u00a0\u00bb343989&Prime; css=\u00a0\u00bb.vc_custom_1649853405927{padding-top: 20px !important;}\u00a0\u00bb][vc_column_inner width=\u00a0\u00bb1\/2&Prime;][\/vc_column_inner][vc_column_inner width=\u00a0\u00bb1\/2&Prime;][\/vc_column_inner][\/vc_row_inner][vc_row_inner equal_height=\u00a0\u00bbyes\u00a0\u00bb element_id=\u00a0\u00bb343989&Prime; css=\u00a0\u00bb.vc_custom_1649853405927{padding-top: 20px !important;}\u00a0\u00bb][vc_column_inner width=\u00a0\u00bb1\/2&Prime;][\/vc_column_inner][vc_column_inner width=\u00a0\u00bb1\/2&Prime;][\/vc_column_inner][\/vc_row_inner][\/vc_column][\/vc_row]<\/p>\n","protected":false},"author":11,"featured_media":0,"parent":0,"menu_order":0,"comment_status":"closed","ping_status":"closed","template":"","meta":{"_acf_changed":false,"footnotes":""},"class_list":["post-4119","page","type-page","status-publish","hentry"],"acf":[],"yoast_head":"<!-- This site is optimized with the Yoast SEO plugin v27.5 - https:\/\/yoast.com\/product\/yoast-seo-wordpress\/ -->\n<title>Vue d&#039;ensemble de l&#039;usine - Bezner Anlagen- und Maschinenbau<\/title>\n<meta name=\"description\" content=\"D\u00e9couvrez la vue d&#039;ensemble de l&#039;usine de recyclage Bezner. Contactez-nous si vous voulez plus d&#039;informations.\" \/>\n<meta name=\"robots\" content=\"noindex, follow\" \/>\n<meta property=\"og:locale\" content=\"fr_FR\" \/>\n<meta property=\"og:type\" content=\"article\" \/>\n<meta property=\"og:title\" content=\"Vue d&#039;ensemble de l&#039;usine - Bezner Anlagen- und Maschinenbau\" \/>\n<meta property=\"og:description\" content=\"D\u00e9couvrez la vue d&#039;ensemble de l&#039;usine de recyclage Bezner. Contactez-nous si vous voulez plus d&#039;informations.\" \/>\n<meta property=\"og:url\" content=\"https:\/\/www.bezner.com\/fr\/vue-densemble-de-lusine\/\" \/>\n<meta property=\"og:site_name\" content=\"Bezner Anlagen- und Maschinenbau\" \/>\n<meta property=\"article:modified_time\" content=\"2022-05-17T12:28:51+00:00\" \/>\n<meta name=\"twitter:card\" content=\"summary_large_image\" \/>\n<meta name=\"twitter:label1\" content=\"Dur\u00e9e de lecture estim\u00e9e\" \/>\n\t<meta name=\"twitter:data1\" content=\"1 minute\" \/>\n<script type=\"application\/ld+json\" class=\"yoast-schema-graph\">{\"@context\":\"https:\\\/\\\/schema.org\",\"@graph\":[{\"@type\":\"WebPage\",\"@id\":\"https:\\\/\\\/www.bezner.com\\\/fr\\\/vue-densemble-de-lusine\\\/\",\"url\":\"https:\\\/\\\/www.bezner.com\\\/fr\\\/vue-densemble-de-lusine\\\/\",\"name\":\"Vue d'ensemble de l'usine - Bezner Anlagen- und Maschinenbau\",\"isPartOf\":{\"@id\":\"https:\\\/\\\/www.bezner.com\\\/de\\\/#website\"},\"datePublished\":\"2022-05-10T06:54:01+00:00\",\"dateModified\":\"2022-05-17T12:28:51+00:00\",\"description\":\"D\u00e9couvrez la vue d'ensemble de l'usine de recyclage Bezner. Contactez-nous si vous voulez plus d'informations.\",\"breadcrumb\":{\"@id\":\"https:\\\/\\\/www.bezner.com\\\/fr\\\/vue-densemble-de-lusine\\\/#breadcrumb\"},\"inLanguage\":\"fr-FR\",\"potentialAction\":[{\"@type\":\"ReadAction\",\"target\":[\"https:\\\/\\\/www.bezner.com\\\/fr\\\/vue-densemble-de-lusine\\\/\"]}]},{\"@type\":\"BreadcrumbList\",\"@id\":\"https:\\\/\\\/www.bezner.com\\\/fr\\\/vue-densemble-de-lusine\\\/#breadcrumb\",\"itemListElement\":[{\"@type\":\"ListItem\",\"position\":1,\"name\":\"Home\",\"item\":\"https:\\\/\\\/www.bezner.com\\\/fr\\\/\"},{\"@type\":\"ListItem\",\"position\":2,\"name\":\"Vue d&#8217;ensemble de l&#8217;usine\"}]},{\"@type\":\"WebSite\",\"@id\":\"https:\\\/\\\/www.bezner.com\\\/de\\\/#website\",\"url\":\"https:\\\/\\\/www.bezner.com\\\/de\\\/\",\"name\":\"Bezner Anlagen- und Maschinenbau\",\"description\":\"Waste managament solutions\",\"potentialAction\":[{\"@type\":\"SearchAction\",\"target\":{\"@type\":\"EntryPoint\",\"urlTemplate\":\"https:\\\/\\\/www.bezner.com\\\/de\\\/?s={search_term_string}\"},\"query-input\":{\"@type\":\"PropertyValueSpecification\",\"valueRequired\":true,\"valueName\":\"search_term_string\"}}],\"inLanguage\":\"fr-FR\"}]}<\/script>\n<!-- \/ Yoast SEO plugin. -->","yoast_head_json":{"title":"Vue d'ensemble de l'usine - Bezner Anlagen- und Maschinenbau","description":"D\u00e9couvrez la vue d'ensemble de l'usine de recyclage Bezner. Contactez-nous si vous voulez plus d'informations.","robots":{"index":"noindex","follow":"follow"},"og_locale":"fr_FR","og_type":"article","og_title":"Vue d'ensemble de l'usine - Bezner Anlagen- und Maschinenbau","og_description":"D\u00e9couvrez la vue d'ensemble de l'usine de recyclage Bezner. Contactez-nous si vous voulez plus d'informations.","og_url":"https:\/\/www.bezner.com\/fr\/vue-densemble-de-lusine\/","og_site_name":"Bezner Anlagen- und Maschinenbau","article_modified_time":"2022-05-17T12:28:51+00:00","twitter_card":"summary_large_image","twitter_misc":{"Dur\u00e9e de lecture estim\u00e9e":"1 minute"},"schema":{"@context":"https:\/\/schema.org","@graph":[{"@type":"WebPage","@id":"https:\/\/www.bezner.com\/fr\/vue-densemble-de-lusine\/","url":"https:\/\/www.bezner.com\/fr\/vue-densemble-de-lusine\/","name":"Vue d'ensemble de l'usine - Bezner Anlagen- und Maschinenbau","isPartOf":{"@id":"https:\/\/www.bezner.com\/de\/#website"},"datePublished":"2022-05-10T06:54:01+00:00","dateModified":"2022-05-17T12:28:51+00:00","description":"D\u00e9couvrez la vue d'ensemble de l'usine de recyclage Bezner. Contactez-nous si vous voulez plus d'informations.","breadcrumb":{"@id":"https:\/\/www.bezner.com\/fr\/vue-densemble-de-lusine\/#breadcrumb"},"inLanguage":"fr-FR","potentialAction":[{"@type":"ReadAction","target":["https:\/\/www.bezner.com\/fr\/vue-densemble-de-lusine\/"]}]},{"@type":"BreadcrumbList","@id":"https:\/\/www.bezner.com\/fr\/vue-densemble-de-lusine\/#breadcrumb","itemListElement":[{"@type":"ListItem","position":1,"name":"Home","item":"https:\/\/www.bezner.com\/fr\/"},{"@type":"ListItem","position":2,"name":"Vue d&#8217;ensemble de l&#8217;usine"}]},{"@type":"WebSite","@id":"https:\/\/www.bezner.com\/de\/#website","url":"https:\/\/www.bezner.com\/de\/","name":"Bezner Anlagen- und Maschinenbau","description":"Waste managament solutions","potentialAction":[{"@type":"SearchAction","target":{"@type":"EntryPoint","urlTemplate":"https:\/\/www.bezner.com\/de\/?s={search_term_string}"},"query-input":{"@type":"PropertyValueSpecification","valueRequired":true,"valueName":"search_term_string"}}],"inLanguage":"fr-FR"}]}},"_links":{"self":[{"href":"https:\/\/www.bezner.com\/fr\/wp-json\/wp\/v2\/pages\/4119","targetHints":{"allow":["GET"]}}],"collection":[{"href":"https:\/\/www.bezner.com\/fr\/wp-json\/wp\/v2\/pages"}],"about":[{"href":"https:\/\/www.bezner.com\/fr\/wp-json\/wp\/v2\/types\/page"}],"author":[{"embeddable":true,"href":"https:\/\/www.bezner.com\/fr\/wp-json\/wp\/v2\/users\/11"}],"replies":[{"embeddable":true,"href":"https:\/\/www.bezner.com\/fr\/wp-json\/wp\/v2\/comments?post=4119"}],"version-history":[{"count":5,"href":"https:\/\/www.bezner.com\/fr\/wp-json\/wp\/v2\/pages\/4119\/revisions"}],"predecessor-version":[{"id":4146,"href":"https:\/\/www.bezner.com\/fr\/wp-json\/wp\/v2\/pages\/4119\/revisions\/4146"}],"wp:attachment":[{"href":"https:\/\/www.bezner.com\/fr\/wp-json\/wp\/v2\/media?parent=4119"}],"curies":[{"name":"wp","href":"https:\/\/api.w.org\/{rel}","templated":true}]}}