{"id":716,"date":"2017-02-07T10:44:08","date_gmt":"2017-02-07T09:44:08","guid":{"rendered":"https:\/\/www.bezner.com\/bezner\/"},"modified":"2023-02-03T13:24:46","modified_gmt":"2023-02-03T12:24:46","slug":"bezner","status":"publish","type":"page","link":"https:\/\/www.bezner.com\/fr\/","title":{"rendered":"Solutions de tri et de valorisation"},"content":{"rendered":"<div class=\"wpb-content-wrapper\">[vc_row element_id=\u00a0\u00bb432682&Prime; css=\u00a0\u00bb.vc_custom_1597649818489{margin-top: 35px !important;margin-bottom: 35px !important;}\u00a0\u00bb][vc_column width=\u00a0\u00bb1\/2&Prime;][vc_column_text animation_delay=\u00a0\u00bb0&Prime;]\n<h1>Solutions de tri et de valorisation<\/h1>\n<h2>CONCEPTION SUR MESURE DE MACHINES POUR LE RECYCLAGE ET LE TRAITEMENT DES D\u00c9CHETS<\/h2>\n<p>Bezner joue un r\u00f4le majeur dans le domaine de l\u2019ing\u00e9nierie et de la conception de machines d\u00e9di\u00e9es au recyclage et au traitement des d\u00e9chets. Nos \u00e9quipements s\u2019adressent aux secteurs de l\u2019industrie qui transforment les d\u00e9chets en \u00e9nergie ou en extraient des produits recyclables pouvant b\u00e9n\u00e9ficier d\u2019un retraitement durable, comme le papier, les m\u00e9taux, le verre et les plastiques.<\/p>\n<p>Pr\u00e9sents dans le monde entier, nous concevons et installons aussi bien des solutions cl\u00e9 en main que des machines s\u00e9par\u00e9es pour le convoyage, la s\u00e9paration et le tri.<br \/>\nGr\u00e2ce \u00e0 notre propre \u00e9quipe compos\u00e9e d\u2019ing\u00e9nieurs m\u00e9caniciens et \u00e9lectriciens ainsi qu\u2019\u00e0 nos propres usines de production, nous proposons des \u00e9quipements sur mesure garantissant un rendement \u00e9lev\u00e9 ainsi qu\u2019une r\u00e9cup\u00e9ration et des taux de puret\u00e9 excellents.[\/vc_column_text][\/vc_column][vc_column width=\u00a0\u00bb1\/2&Prime;][vc_video link=\u00a0\u00bbhttps:\/\/youtu.be\/yvM8YtO_TLg\u00a0\u00bb align=\u00a0\u00bbcenter\u00a0\u00bb][\/vc_column][\/vc_row][vc_row element_id=\u00a0\u00bb410800&Prime; css=\u00a0\u00bb.vc_custom_1597649825216{margin-top: 35px !important;margin-bottom: 35px !important;}\u00a0\u00bb][vc_column animation_delay=\u00a0\u00bb0&Prime; element_id=\u00a0\u00bb966043&Prime; crp=\u00a0\u00bb480:i:i,480-768:i:i,768-1024:i:i,1024-1280:i:i,1280-1366:i:i,1366-1600:i:i,1600-1920:i:i\u00a0\u00bb][vc_column_text animation_delay=\u00a0\u00bb0&Prime;]\n<h2>QUE POUVONS-NOUS FAIRE <strong>POUR VOUS<\/strong><\/h2>\n[\/vc_column_text][\/vc_column][\/vc_row][vc_row element_id=\u00a0\u00bb412731&Prime; css=\u00a0\u00bb.vc_custom_1602140048597{margin-top: 35px !important;margin-bottom: 35px !important;}\u00a0\u00bb][vc_column animation_delay=\u00a0\u00bb0&Prime; element_id=\u00a0\u00bb966043&Prime; crp=\u00a0\u00bb480:i:i,480-768:i:i,768-1024:i:i,1024-1280:i:i,1280-1366:i:i,1366-1600:i:i,1600-1920:i:i\u00a0\u00bb][vc_row_inner][vc_column_inner el_class=\u00a0\u00bbzwarteSchaduw\u00a0\u00bb width=\u00a0\u00bb1\/2&Prime;]<div id=\"et-image-1\" class=\"et-image et-image-box overlay-hover classic alignnone link\" ><a title=\"SOLUTIONS DE RECYCLAGE\" target=\"_self\" href=\"\/fr\/products\/solutions-de-recyclage\/\"><div class=\"post-image post-media\"><img decoding=\"async\" width=\"t\" height=\"t\" src=\"https:\/\/www.bezner.com\/wp-content\/uploads\/2017\/05\/recycling-machinery-Bezner.jpg\" alt=\"SOLUTIONS DE RECYCLAGE\"><\/div><div class=\"post-body et-clearfix\"><div class=\"post-body-inner-wrap\"><div class=\"post-body-inner\"><h4 class=\"post-title entry-title\">SOLUTIONS DE RECYCLAGE<\/h4><\/div><\/div><\/div><\/a><\/div>[\/vc_column_inner][vc_column_inner width=\u00a0\u00bb1\/2&Prime;]<div id=\"et-image-2\" class=\"et-image et-image-box overlay-hover classic alignnone link\" ><a title=\"SYST\u00c8MES CONVOYEURS\" target=\"_self\" href=\"\/fr\/products\/systemes-convoyeurs\/\"><div class=\"post-image post-media\"><img decoding=\"async\" width=\"t\" height=\"t\" src=\"https:\/\/www.bezner.com\/wp-content\/uploads\/2018\/01\/conveyor-system-manufacturer.jpg\" alt=\"SYST\u00c8MES CONVOYEURS\"><\/div><div class=\"post-body et-clearfix\"><div class=\"post-body-inner-wrap\"><div class=\"post-body-inner\"><h4 class=\"post-title entry-title\">SYST\u00c8MES CONVOYEURS<\/h4><\/div><\/div><\/div><\/a><\/div>[\/vc_column_inner][\/vc_row_inner][vc_row_inner][vc_column_inner el_class=\u00a0\u00bbzwarteSchaduw\u00a0\u00bb width=\u00a0\u00bb1\/2&Prime;]<div id=\"et-image-3\" class=\"et-image et-image-box overlay-hover classic alignnone link\" ><a title=\"CRIBLES\" target=\"_self\" href=\"\/fr\/products\/cribles\/\"><div class=\"post-image post-media\"><img decoding=\"async\" width=\"t\" height=\"t\" src=\"https:\/\/www.bezner.com\/wp-content\/uploads\/2017\/07\/drum-screen-for-municipal-solid-waste.jpg\" alt=\"CRIBLES\"><\/div><div class=\"post-body et-clearfix\"><div class=\"post-body-inner-wrap\"><div class=\"post-body-inner\"><h4 class=\"post-title entry-title\">CRIBLES<\/h4><\/div><\/div><\/div><\/a><\/div>[\/vc_column_inner][vc_column_inner width=\u00a0\u00bb1\/2&Prime;]<div id=\"et-image-4\" class=\"et-image et-image-box overlay-hover classic alignnone link\" ><a title=\"S\u00c9PARATEUR A\u00c9RAULIQUE\" target=\"_self\" href=\"\/fr\/products\/separateur-aeraulique\/\"><div class=\"post-image post-media\"><img decoding=\"async\" width=\"t\" height=\"t\" src=\"https:\/\/www.bezner.com\/wp-content\/uploads\/2017\/08\/air-separator-wind-sifter.jpg\" alt=\"S\u00c9PARATEUR A\u00c9RAULIQUE\"><\/div><div class=\"post-body et-clearfix\"><div class=\"post-body-inner-wrap\"><div class=\"post-body-inner\"><h4 class=\"post-title entry-title\">S\u00c9PARATEUR A\u00c9RAULIQUE<\/h4><\/div><\/div><\/div><\/a><\/div>[\/vc_column_inner][\/vc_row_inner][\/vc_column][\/vc_row][vc_row content_placement=\u00a0\u00bbmiddle\u00a0\u00bb disable_element=\u00a0\u00bbyes\u00a0\u00bb element_id=\u00a0\u00bb431015&Prime; css=\u00a0\u00bb.vc_custom_1675427084772{padding-top: 25px !important;padding-bottom: 25px !important;background-color: #fad631 !important;}\u00a0\u00bb][vc_column animation_delay=\u00a0\u00bb0&Prime; width=\u00a0\u00bb1\/2&Prime; element_id=\u00a0\u00bb389398&Prime; crp=\u00a0\u00bb480:i:i,480-768:i:i,768-1024:i:i,1024-1280:i:i,1280-1366:i:i,1366-1600:i:i,1600-1920:i:i\u00a0\u00bb][vc_column_text animation_delay=\u00a0\u00bb0&Prime;]\n<h2>DERNI\u00c8RES <strong>NOUVELLES<\/strong><\/h2>\n[\/vc_column_text][\/vc_column][vc_column width=\u00a0\u00bb1\/2&Prime;][\/vc_column][\/vc_row][vc_row content_placement=\u00a0\u00bbmiddle\u00a0\u00bb disable_element=\u00a0\u00bbyes\u00a0\u00bb element_id=\u00a0\u00bb248790&Prime; css=\u00a0\u00bb.vc_custom_1675427075618{padding-top: 25px !important;padding-bottom: 25px !important;background-color: #fad631 !important;}\u00a0\u00bb][vc_column animation_delay=\u00a0\u00bb0&Prime; element_id=\u00a0\u00bb389398&Prime; crp=\u00a0\u00bb480:i:i,480-768:i:i,768-1024:i:i,1024-1280:i:i,1280-1366:i:i,1366-1600:i:i,1600-1920:i:i\u00a0\u00bb]<div class=\"et-shortcode-posts blog-layout blog-layout-grid medium grid\"><div class=\"loop-posts et-item-set overlay-fade-zoom effect-none et-clearfix lazy lazy-load\" data-columns=\"medium\" data-autoplay=\"false\"><article class=\"et-item post-4162 post type-post status-publish format-link has-post-thumbnail hentry category-non-classifiee post_format-post-format-link\" id=\"post-4162\"><div class=\"post-inner et-item-inner et-clearfix\"><div class=\"post-image overlay-hover post-media\"><a class=\"post-image-overlay\" href=\"https:\/\/www.bezner.com\/fr\/vue-densemble-de-lusine\/\" title=\"Read more about Vue d&rsquo;ensemble de l&rsquo;usine\"><span class=\"overlay-read-more\"><\/span><\/a><div class=\"image-container\"><div class=\"image-preloader\"><\/div><img decoding=\"async\" width=\"400\" height=\"320\" src=\"https:\/\/www.bezner.com\/wp-content\/uploads\/2020\/09\/2022-01-24-09_15_04-Window-400x320.jpg\" class=\"attachment-samatex_400X320 size-samatex_400X320 wp-post-image\" alt=\"Vue d&rsquo;ensemble de l&rsquo;usine\" data-responsive-images=\"false\" \/><\/div><\/div><div class=\"post-body et-clearfix\"><div class=\"post-body-inner-wrap\"><div class=\"post-body-inner\"><div class=\"post-meta et-clearfix\"><div class=\"post-category\"><a href=\"https:\/\/www.bezner.com\/fr\/.\/non-classifiee\/\" rel=\"category tag\">Non classifi\u00e9(e)<\/a><\/div><div class=\"post-date-inline\">17 mai 2022<\/div><\/div><h4 class=\"post-title entry-title\"><a href=\"https:\/\/www.bezner.com\/fr\/vue-densemble-de-lusine\/\" title=\"Read more about Vue d&rsquo;ensemble de l&rsquo;usine\" rel=\"bookmark\">Vue d&rsquo;ensemble de l&rsquo;usine<\/a><\/h4><a href=\"https:\/\/www.bezner.com\/fr\/vue-densemble-de-lusine\/\" class=\"post-read-more\" title=\"Read more about Vue d&rsquo;ensemble de l&rsquo;usine\">Read more<\/a><\/div><\/div><\/div><\/div><\/article><article class=\"et-item post-3672 post type-post status-publish format-standard has-post-thumbnail hentry category-uncategorized\" id=\"post-3672\"><div class=\"post-inner et-item-inner et-clearfix\"><div class=\"post-image overlay-hover post-media\"><a class=\"post-image-overlay\" href=\"https:\/\/www.bezner.com\/fr\/oulun-energia\/\" title=\"Read more about Oulun Energia\"><span class=\"overlay-read-more\"><\/span><\/a><div class=\"image-container\"><div class=\"image-preloader\"><\/div><img decoding=\"async\" width=\"400\" height=\"320\" src=\"https:\/\/www.bezner.com\/wp-content\/uploads\/2020\/11\/Waste_sorting_installation_Oulun19-400x320.jpg\" class=\"attachment-samatex_400X320 size-samatex_400X320 wp-post-image\" alt=\"Oulun Energia\" data-responsive-images=\"false\" \/><\/div><\/div><div class=\"post-body et-clearfix\"><div class=\"post-body-inner-wrap\"><div class=\"post-body-inner\"><div class=\"post-meta et-clearfix\"><div class=\"post-category\"><a href=\"https:\/\/www.bezner.com\/.\/uncategorized\/\" rel=\"category tag\">Uncategorized<\/a><\/div><div class=\"post-date-inline\">12 mars 2021<\/div><\/div><h4 class=\"post-title entry-title\"><a href=\"https:\/\/www.bezner.com\/fr\/oulun-energia\/\" title=\"Read more about Oulun Energia\" rel=\"bookmark\">Oulun Energia<\/a><\/h4><a href=\"https:\/\/www.bezner.com\/fr\/oulun-energia\/\" class=\"post-read-more\" title=\"Read more about Oulun Energia\">Read more<\/a><\/div><\/div><\/div><\/div><\/article><article class=\"et-item post-2280 post type-post status-publish format-standard has-post-thumbnail hentry category-uncategorized\" id=\"post-2280\"><div class=\"post-inner et-item-inner et-clearfix\"><div class=\"post-image overlay-hover post-media\"><a class=\"post-image-overlay\" href=\"https:\/\/www.bezner.com\/fr\/video-from-our-recycling-installation-in-germany-available\/\" title=\"Read more about Video from our recycling installation in Germany available\"><span class=\"overlay-read-more\"><\/span><\/a><div class=\"image-container\"><div class=\"image-preloader\"><\/div><img decoding=\"async\" width=\"400\" height=\"225\" src=\"https:\/\/www.bezner.com\/wp-content\/uploads\/2019\/06\/commercial-waste-sorting-plant-2.jpg\" class=\"attachment-samatex_400X320 size-samatex_400X320 wp-post-image\" alt=\"Video from our recycling installation in Germany available\" data-responsive-images=\"false\" \/><\/div><\/div><div class=\"post-body et-clearfix\"><div class=\"post-body-inner-wrap\"><div class=\"post-body-inner\"><div class=\"post-meta et-clearfix\"><div class=\"post-category\"><a href=\"https:\/\/www.bezner.com\/.\/uncategorized\/\" rel=\"category tag\">Uncategorized<\/a><\/div><div class=\"post-date-inline\">12 juillet 2019<\/div><\/div><h4 class=\"post-title entry-title\"><a href=\"https:\/\/www.bezner.com\/fr\/video-from-our-recycling-installation-in-germany-available\/\" title=\"Read more about Video from our recycling installation in Germany available\" rel=\"bookmark\">Video from our recycling installation in Germany available<\/a><\/h4><a href=\"https:\/\/www.bezner.com\/fr\/video-from-our-recycling-installation-in-germany-available\/\" class=\"post-read-more\" title=\"Read more about Video from our recycling installation in Germany available\">Read more<\/a><\/div><\/div><\/div><\/div><\/article><\/div><\/div>[\/vc_column][\/vc_row][vc_row content_placement=\u00a0\u00bbmiddle\u00a0\u00bb element_id=\u00a0\u00bb515976&Prime; css=\u00a0\u00bb.vc_custom_1597822765917{padding-top: 25px !important;padding-bottom: 25px !important;background-color: #131557 !important;}\u00a0\u00bb el_class=\u00a0\u00bbwhite\u00a0\u00bb][vc_column width=\u00a0\u00bb3\/4&Prime;][vc_column_text animation_delay=\u00a0\u00bb0&Prime;]\n<h2><strong>VOUS VOULEZ EN SAVOIR PLUS SUR BEZNER?<\/strong><\/h2>\n[\/vc_column_text][\/vc_column][vc_column animation_delay=\u00a0\u00bb0&Prime; width=\u00a0\u00bb1\/4&Prime; text_align=\u00a0\u00bbright\u00a0\u00bb element_id=\u00a0\u00bb22909&Prime; crp=\u00a0\u00bb480:i:i,480-768:i:i,768-1024:i:i,1024-1280:i:i,1280-1366:i:i,1366-1600:i:i,1600-1920:i:i\u00a0\u00bb]<a id=\"et-button-353749\" class=\"et-button icon-position-left modal-false medium hover-none click-none\" target=\"_self\" href=\"\/fr\/a-propos\/\" data-animation-delay=\"0\" data-parallax=\"false\" data-move=\"false\" data-coordinatex=\"0\" data-coordinatey=\"0\" data-speed=\"10\"><span class=\"hover\"><\/span><span class=\"regular\"><\/span><span class=\"text\">LIRE PLUS<\/span><\/a>[\/vc_column][\/vc_row]\n<\/div>","protected":false},"excerpt":{"rendered":"<p>[vc_row element_id=\u00a0\u00bb432682&Prime; css=\u00a0\u00bb.vc_custom_1597649818489{margin-top: 35px !important;margin-bottom: 35px !important;}\u00a0\u00bb][vc_column width=\u00a0\u00bb1\/2&Prime;][vc_column_text animation_delay=\u00a0\u00bb0&Prime;] Solutions de tri et de valorisation CONCEPTION SUR MESURE DE MACHINES POUR LE RECYCLAGE ET LE TRAITEMENT DES D\u00c9CHETS Bezner joue un r\u00f4le majeur dans le domaine de l\u2019ing\u00e9nierie et de la conception de machines d\u00e9di\u00e9es au recyclage et au traitement des d\u00e9chets. Nos \u00e9quipements s\u2019adressent [&hellip;]<\/p>\n","protected":false},"author":11,"featured_media":1081,"parent":0,"menu_order":0,"comment_status":"closed","ping_status":"closed","template":"page-vc.php","meta":{"_acf_changed":false,"footnotes":""},"class_list":["post-716","page","type-page","status-publish","has-post-thumbnail","hentry"],"acf":[],"yoast_head":"<!-- This site is optimized with the Yoast SEO plugin v27.4 - https:\/\/yoast.com\/product\/yoast-seo-wordpress\/ -->\n<title>Solutions de tri et de valorisation - Bezner Anlagen- und Maschinenbau<\/title>\n<meta name=\"description\" content=\"Bezner con\u00e7oit et fournit aussi bien des solutions cl\u00e9 en main pour toute une vari\u00e9t\u00e9 de flux de d\u00e9chets que des machines s\u00e9par\u00e9es.\" \/>\n<meta name=\"robots\" content=\"index, follow, max-snippet:-1, max-image-preview:large, max-video-preview:-1\" \/>\n<link rel=\"canonical\" href=\"https:\/\/www.bezner.com\/fr\/\" \/>\n<meta property=\"og:locale\" content=\"fr_FR\" \/>\n<meta property=\"og:type\" content=\"article\" \/>\n<meta property=\"og:title\" content=\"Solutions de tri et de valorisation - Bezner Anlagen- und Maschinenbau\" \/>\n<meta property=\"og:description\" content=\"Bezner con\u00e7oit et fournit aussi bien des solutions cl\u00e9 en main pour toute une vari\u00e9t\u00e9 de flux de d\u00e9chets que des machines s\u00e9par\u00e9es.\" \/>\n<meta property=\"og:url\" content=\"https:\/\/www.bezner.com\/fr\/\" \/>\n<meta property=\"og:site_name\" content=\"Bezner Anlagen- und Maschinenbau\" \/>\n<meta property=\"article:modified_time\" content=\"2023-02-03T12:24:46+00:00\" \/>\n<meta property=\"og:image\" content=\"https:\/\/www.bezner.com\/wp-content\/uploads\/2017\/05\/conveyor-1.jpg\" \/>\n\t<meta property=\"og:image:width\" content=\"2362\" \/>\n\t<meta property=\"og:image:height\" content=\"2010\" \/>\n\t<meta property=\"og:image:type\" content=\"image\/jpeg\" \/>\n<meta name=\"twitter:card\" content=\"summary_large_image\" \/>\n<meta name=\"twitter:label1\" content=\"Dur\u00e9e de lecture estim\u00e9e\" \/>\n\t<meta name=\"twitter:data1\" content=\"2 minutes\" \/>\n<script type=\"application\/ld+json\" class=\"yoast-schema-graph\">{\"@context\":\"https:\\\/\\\/schema.org\",\"@graph\":[{\"@type\":\"WebPage\",\"@id\":\"https:\\\/\\\/www.bezner.com\\\/fr\\\/\",\"url\":\"https:\\\/\\\/www.bezner.com\\\/fr\\\/\",\"name\":\"Solutions de tri et de valorisation - Bezner Anlagen- und Maschinenbau\",\"isPartOf\":{\"@id\":\"https:\\\/\\\/www.bezner.com\\\/de\\\/#website\"},\"primaryImageOfPage\":{\"@id\":\"https:\\\/\\\/www.bezner.com\\\/fr\\\/#primaryimage\"},\"image\":{\"@id\":\"https:\\\/\\\/www.bezner.com\\\/fr\\\/#primaryimage\"},\"thumbnailUrl\":\"https:\\\/\\\/www.bezner.com\\\/wp-content\\\/uploads\\\/2017\\\/05\\\/conveyor-1.jpg\",\"datePublished\":\"2017-02-07T09:44:08+00:00\",\"dateModified\":\"2023-02-03T12:24:46+00:00\",\"description\":\"Bezner con\u00e7oit et fournit aussi bien des solutions cl\u00e9 en main pour toute une vari\u00e9t\u00e9 de flux de d\u00e9chets que des machines s\u00e9par\u00e9es.\",\"breadcrumb\":{\"@id\":\"https:\\\/\\\/www.bezner.com\\\/fr\\\/#breadcrumb\"},\"inLanguage\":\"fr-FR\",\"potentialAction\":[{\"@type\":\"ReadAction\",\"target\":[\"https:\\\/\\\/www.bezner.com\\\/fr\\\/\"]}]},{\"@type\":\"ImageObject\",\"inLanguage\":\"fr-FR\",\"@id\":\"https:\\\/\\\/www.bezner.com\\\/fr\\\/#primaryimage\",\"url\":\"https:\\\/\\\/www.bezner.com\\\/wp-content\\\/uploads\\\/2017\\\/05\\\/conveyor-1.jpg\",\"contentUrl\":\"https:\\\/\\\/www.bezner.com\\\/wp-content\\\/uploads\\\/2017\\\/05\\\/conveyor-1.jpg\",\"width\":2362,\"height\":2010,\"caption\":\"convoyeur \u00e0 bande\"},{\"@type\":\"BreadcrumbList\",\"@id\":\"https:\\\/\\\/www.bezner.com\\\/fr\\\/#breadcrumb\",\"itemListElement\":[{\"@type\":\"ListItem\",\"position\":1,\"name\":\"Home\",\"item\":\"https:\\\/\\\/www.bezner.com\\\/fr\\\/\"},{\"@type\":\"ListItem\",\"position\":2,\"name\":\"Solutions de tri et de valorisation\"}]},{\"@type\":\"WebSite\",\"@id\":\"https:\\\/\\\/www.bezner.com\\\/de\\\/#website\",\"url\":\"https:\\\/\\\/www.bezner.com\\\/de\\\/\",\"name\":\"Bezner Anlagen- und Maschinenbau\",\"description\":\"Waste managament solutions\",\"potentialAction\":[{\"@type\":\"SearchAction\",\"target\":{\"@type\":\"EntryPoint\",\"urlTemplate\":\"https:\\\/\\\/www.bezner.com\\\/de\\\/?s={search_term_string}\"},\"query-input\":{\"@type\":\"PropertyValueSpecification\",\"valueRequired\":true,\"valueName\":\"search_term_string\"}}],\"inLanguage\":\"fr-FR\"}]}<\/script>\n<!-- \/ Yoast SEO plugin. -->","yoast_head_json":{"title":"Solutions de tri et de valorisation - Bezner Anlagen- und Maschinenbau","description":"Bezner con\u00e7oit et fournit aussi bien des solutions cl\u00e9 en main pour toute une vari\u00e9t\u00e9 de flux de d\u00e9chets que des machines s\u00e9par\u00e9es.","robots":{"index":"index","follow":"follow","max-snippet":"max-snippet:-1","max-image-preview":"max-image-preview:large","max-video-preview":"max-video-preview:-1"},"canonical":"https:\/\/www.bezner.com\/fr\/","og_locale":"fr_FR","og_type":"article","og_title":"Solutions de tri et de valorisation - Bezner Anlagen- und Maschinenbau","og_description":"Bezner con\u00e7oit et fournit aussi bien des solutions cl\u00e9 en main pour toute une vari\u00e9t\u00e9 de flux de d\u00e9chets que des machines s\u00e9par\u00e9es.","og_url":"https:\/\/www.bezner.com\/fr\/","og_site_name":"Bezner Anlagen- und Maschinenbau","article_modified_time":"2023-02-03T12:24:46+00:00","og_image":[{"width":2362,"height":2010,"url":"https:\/\/www.bezner.com\/wp-content\/uploads\/2017\/05\/conveyor-1.jpg","type":"image\/jpeg"}],"twitter_card":"summary_large_image","twitter_misc":{"Dur\u00e9e de lecture estim\u00e9e":"2 minutes"},"schema":{"@context":"https:\/\/schema.org","@graph":[{"@type":"WebPage","@id":"https:\/\/www.bezner.com\/fr\/","url":"https:\/\/www.bezner.com\/fr\/","name":"Solutions de tri et de valorisation - Bezner Anlagen- und Maschinenbau","isPartOf":{"@id":"https:\/\/www.bezner.com\/de\/#website"},"primaryImageOfPage":{"@id":"https:\/\/www.bezner.com\/fr\/#primaryimage"},"image":{"@id":"https:\/\/www.bezner.com\/fr\/#primaryimage"},"thumbnailUrl":"https:\/\/www.bezner.com\/wp-content\/uploads\/2017\/05\/conveyor-1.jpg","datePublished":"2017-02-07T09:44:08+00:00","dateModified":"2023-02-03T12:24:46+00:00","description":"Bezner con\u00e7oit et fournit aussi bien des solutions cl\u00e9 en main pour toute une vari\u00e9t\u00e9 de flux de d\u00e9chets que des machines s\u00e9par\u00e9es.","breadcrumb":{"@id":"https:\/\/www.bezner.com\/fr\/#breadcrumb"},"inLanguage":"fr-FR","potentialAction":[{"@type":"ReadAction","target":["https:\/\/www.bezner.com\/fr\/"]}]},{"@type":"ImageObject","inLanguage":"fr-FR","@id":"https:\/\/www.bezner.com\/fr\/#primaryimage","url":"https:\/\/www.bezner.com\/wp-content\/uploads\/2017\/05\/conveyor-1.jpg","contentUrl":"https:\/\/www.bezner.com\/wp-content\/uploads\/2017\/05\/conveyor-1.jpg","width":2362,"height":2010,"caption":"convoyeur \u00e0 bande"},{"@type":"BreadcrumbList","@id":"https:\/\/www.bezner.com\/fr\/#breadcrumb","itemListElement":[{"@type":"ListItem","position":1,"name":"Home","item":"https:\/\/www.bezner.com\/fr\/"},{"@type":"ListItem","position":2,"name":"Solutions de tri et de valorisation"}]},{"@type":"WebSite","@id":"https:\/\/www.bezner.com\/de\/#website","url":"https:\/\/www.bezner.com\/de\/","name":"Bezner Anlagen- und Maschinenbau","description":"Waste managament solutions","potentialAction":[{"@type":"SearchAction","target":{"@type":"EntryPoint","urlTemplate":"https:\/\/www.bezner.com\/de\/?s={search_term_string}"},"query-input":{"@type":"PropertyValueSpecification","valueRequired":true,"valueName":"search_term_string"}}],"inLanguage":"fr-FR"}]}},"_links":{"self":[{"href":"https:\/\/www.bezner.com\/fr\/wp-json\/wp\/v2\/pages\/716","targetHints":{"allow":["GET"]}}],"collection":[{"href":"https:\/\/www.bezner.com\/fr\/wp-json\/wp\/v2\/pages"}],"about":[{"href":"https:\/\/www.bezner.com\/fr\/wp-json\/wp\/v2\/types\/page"}],"author":[{"embeddable":true,"href":"https:\/\/www.bezner.com\/fr\/wp-json\/wp\/v2\/users\/11"}],"replies":[{"embeddable":true,"href":"https:\/\/www.bezner.com\/fr\/wp-json\/wp\/v2\/comments?post=716"}],"version-history":[{"count":15,"href":"https:\/\/www.bezner.com\/fr\/wp-json\/wp\/v2\/pages\/716\/revisions"}],"predecessor-version":[{"id":4219,"href":"https:\/\/www.bezner.com\/fr\/wp-json\/wp\/v2\/pages\/716\/revisions\/4219"}],"wp:featuredmedia":[{"embeddable":true,"href":"https:\/\/www.bezner.com\/fr\/wp-json\/wp\/v2\/media\/1081"}],"wp:attachment":[{"href":"https:\/\/www.bezner.com\/fr\/wp-json\/wp\/v2\/media?parent=716"}],"curies":[{"name":"wp","href":"https:\/\/api.w.org\/{rel}","templated":true}]}}