{"id":721,"date":"2017-02-07T10:42:31","date_gmt":"2017-02-07T09:42:31","guid":{"rendered":"https:\/\/www.bezner.com\/about-bezner\/"},"modified":"2020-10-09T10:38:19","modified_gmt":"2020-10-09T08:38:19","slug":"a-propos","status":"publish","type":"page","link":"https:\/\/www.bezner.com\/fr\/a-propos\/","title":{"rendered":"\u00c0 propos"},"content":{"rendered":"<div class=\"wpb-content-wrapper\">[vc_row][vc_column width=\u00a0\u00bb1\/2&Prime;][vc_column_text animation_delay=\u00a0\u00bb0&Prime;]\n<h1>\u00c0 PROPOS<\/h1>\n<h2><strong>R\u00c9CUP\u00c9RATION DE MAT\u00c9RIAUX VALORISABLES \u00c0 PARTIR DE FLUX DE D\u00c9CHETS VARI\u00c9S<\/strong><\/h2>\n<p>En plus de notre longue histoire dans le secteur du bois, Bezner dispose de plus de 30 ans d&rsquo;exp\u00e9rience dans la r\u00e9cup\u00e9ration de mat\u00e9riaux valorisables \u00e0 partir de diff\u00e9rents flux de d\u00e9chets. Dans les ann\u00e9es 80, nous sommes devenus le premier fabricant d\u2019installations de traitement des d\u00e9chets. Afin de r\u00e9pondre \u00e0 la demande croissante de solutions innovantes de recyclage et de traitement des d\u00e9chets, Bezner d\u00e9veloppe, con\u00e7oit et construit aussi bien des solutions cl\u00e9 en main que des machines s\u00e9par\u00e9es pour les installations de traitement et de recyclage des d\u00e9chets.<\/p>\n<h2><strong>TOUT EN UN<\/strong><\/h2>\n<p>Gr\u00e2ce \u00e0 notre \u00e9quipe interne compos\u00e9e d\u2019ing\u00e9nieurs exp\u00e9riment\u00e9s, nous sommes en mesure de concevoir des \u00e9quipements de tri sur mesure, de recyclage ou de convoyage de d\u00e9chets, tout en r\u00e9pondant \u00e0 vos exigences sp\u00e9cifiques. Nous proposons \u00e9galement des solutions cl\u00e9 en main. Laissez-vous accompagner par notre \u00e9quipe de gestion de projet pour trouver la combinaison optimale entre vos \u00e9quipements de tri et de convoyage. Cette combinaison peut \u00e9galement se composer d\u2019\u00e9quipements autres que ceux de notre gamme et fournis par nos partenaires ou fournisseurs recommand\u00e9s. Chaque composant de votre installation sera d\u00e9velopp\u00e9 et produit par nos \u00e9quipes et usines, y compris les composants suivants:<\/p>\n<ul>\n<li>Convoyeur \u00e0 bande<\/li>\n<li>Convoyeurs \u00e0 cha\u00eene<\/li>\n<li>Tr\u00e9mies d&rsquo;alimentation<\/li>\n<li>Convoyeur \u00e9l\u00e9vateur<\/li>\n<li>Alimentateurs vibrants ou doseurs<\/li>\n<li>Cribles \u00e0 godets<\/li>\n<li>Cribles trommel<\/li>\n<li>Cribles vibrants<\/li>\n<li>Cribles plans<\/li>\n<li>Tr\u00e9mies et silos<\/li>\n<li>Composants \u00e9lectriques<\/li>\n<li>Logiciels, y compris supervision<\/li>\n<\/ul>\n[\/vc_column_text]<span class=\"et-gap et-clearfix et-gap-761408\"><\/span>[\/vc_column][vc_column width=\u00a0\u00bb1\/2&Prime;]<div id=\"et-image-849157\" class=\"et-image alignnone curtain-left\" data-curtain=\"false\" data-animation-delay=\"0\" data-parallax=\"false\" data-move=\"false\" data-coordinatex=\"0\" data-coordinatey=\"0\" data-speed=\"10\"><img decoding=\"async\" width=\"t\" height=\"t\" src=\"https:\/\/www.bezner.com\/wp-content\/uploads\/2017\/03\/rotary-drum-screen-with-hydraulic-doors.jpg\" alt=\"rotary drum screen with hydraulic doors\"><\/div>[\/vc_column][\/vc_row][vc_row][vc_column][vc_column_text animation_delay=\u00a0\u00bb0&Prime;]\n<h3><strong>Historique<\/strong><\/h3>\n<p>En 1899, Bezner Anlagen und Maschinenbau a fait ses d\u00e9buts comme fabricant de machines sp\u00e9cialis\u00e9es dans le traitement et le criblage du bois. Il y a pr\u00e8s de trois d\u00e9cennies, Bezner s&rsquo;est tourn\u00e9 vers les machines de recyclage et les syst\u00e8mes de convoyage, et est devenu ainsi pr\u00e9curseur dans ce secteur. En 2007, Bezner a rejoint\u00a0<strong><a href=\"http:\/\/www.heilig-group.com\/\" target=\"_blank\" rel=\"noopener noreferrer\">Heilig Group<\/a><\/strong>. Cette int\u00e9gration promet \u00e0 nos clients une stabilit\u00e9 financi\u00e8re et un large acc\u00e8s au savoir-faire du Groupe en mati\u00e8re de technologie industrielle, pour les conduire vers de nouvelles innovations.[\/vc_column_text][\/vc_column][\/vc_row][vc_row element_id=\u00a0\u00bb111126&Prime; css=\u00a0\u00bb.vc_custom_1602232694522{margin-top: 35px !important;margin-bottom: 35px !important;background-color: #fed631 !important;}\u00a0\u00bb][vc_column animation_delay=\u00a0\u00bb0&Prime; element_id=\u00a0\u00bb444369&Prime; crp=\u00a0\u00bb480:i:i,480-768:i:i,768-1024:i:i,1024-1280:i:i,1280-1366:i:i,1366-1600:i:i,1600-1920:i:i\u00a0\u00bb css=\u00a0\u00bb.vc_custom_1600853348025{padding-right: 20px !important;padding-left: 20px !important;}\u00a0\u00bb][vc_column_text animation_delay=\u00a0\u00bb0&Prime; css=\u00a0\u00bb.vc_custom_1602075448604{padding-top: 40px !important;padding-bottom: 40px !important;}\u00a0\u00bb]\n<h3>\u00c0 PROPOS DE <strong>Heilig Group<\/strong><\/h3>\n<p>Tout a commenc\u00e9 en 1978 lorsque N. Heilig B.V. a \u00e9t\u00e9 fond\u00e9 par Nicolaas Maria Heilig. La soci\u00e9t\u00e9 a d\u00e9marr\u00e9 avec une seule machine \u00e0 souder, et a continu\u00e9 avec la maintenance et de la production d\u2019une vari\u00e9t\u00e9 de machines. Ces services ont \u00e9t\u00e9 l\u2019origine d&rsquo;un succ\u00e8s in\u00e9gal\u00e9, au cours des ann\u00e9es, ils ont conduit \u00e0 la sp\u00e9cialisation et \u00e0 l&rsquo;acquisition d&rsquo;entreprises sp\u00e9cialis\u00e9es dans les machines et les installations pour l&rsquo;industrie de la manutention, du traitement de d\u00e9chets et du recyclage. C\u2019est dans l&rsquo;accomplissement de nos missions d&rsquo;offrir \u00e0 nos clients un service complet d&rsquo;ing\u00e9nierie, de d\u00e9veloppement, de fabrication et d&rsquo;installation, que le groupe Heilig s\u2019est d\u00e9velopp\u00e9 pour devenir ce qu&rsquo;il est aujourd&rsquo;hui. Un groupe form\u00e9 par des entreprises individuelles offrant tout un ensemble de solutions de recyclage, de gestion des d\u00e9chets, de manutention en vrac, de traitement du bois, d&rsquo;\u00e9change de chaleur, de m\u00e9lange industriel et d&rsquo;\u00e9lectrotechnique. Les soci\u00e9t\u00e9s du Groupe Heilig, situ\u00e9es dans diff\u00e9rents pays europ\u00e9ens, composent un conglom\u00e9rat puissant et leader desservant ses clients partout dans le monde.[\/vc_column_text][\/vc_column][\/vc_row][vc_row element_id=\u00a0\u00bb790442&Prime; css=\u00a0\u00bb.vc_custom_1598366524342{margin-top: 35px !important;margin-bottom: 35px !important;}\u00a0\u00bb][vc_column animation_delay=\u00a0\u00bb0&Prime; element_id=\u00a0\u00bb54803&Prime; crp=\u00a0\u00bb480:i:i,480-768:i:i,768-1024:i:i,1024-1280:i:i,1280-1366:i:i,1366-1600:i:i,1600-1920:i:i\u00a0\u00bb][vc_column_text animation_delay=\u00a0\u00bb0&Prime;]\n<h3>NOS AUTRES<strong> SOCI\u00c9T\u00c9S<\/strong><\/h3>\n[\/vc_column_text][vc_row_inner element_id=\u00a0\u00bb183855&Prime; css=\u00a0\u00bb.vc_custom_1602075006474{margin-top: 35px !important;margin-bottom: 35px !important;}\u00a0\u00bb][vc_column_inner width=\u00a0\u00bb1\/4&Prime; css=\u00a0\u00bb.vc_custom_1598366578467{background-color: #f6f6f6 !important;}\u00a0\u00bb][vc_single_image image=\u00a0\u00bb2553&Prime; img_size=\u00a0\u00bblarge\u00a0\u00bb alignment=\u00a0\u00bbcenter\u00a0\u00bb onclick=\u00a0\u00bbcustom_link\u00a0\u00bb img_link_target=\u00a0\u00bb_blank\u00a0\u00bb link=\u00a0\u00bbhttps:\/\/www.anthapol.com\/\u00a0\u00bb][\/vc_column_inner][vc_column_inner width=\u00a0\u00bb1\/4&Prime; css=\u00a0\u00bb.vc_custom_1598366583493{background-color: #f6f6f6 !important;}\u00a0\u00bb][vc_single_image image=\u00a0\u00bb2559&Prime; img_size=\u00a0\u00bblarge\u00a0\u00bb alignment=\u00a0\u00bbcenter\u00a0\u00bb onclick=\u00a0\u00bbcustom_link\u00a0\u00bb img_link_target=\u00a0\u00bb_blank\u00a0\u00bb link=\u00a0\u00bbhttps:\/\/www.beemster.nl\/\u00a0\u00bb][\/vc_column_inner][vc_column_inner width=\u00a0\u00bb1\/4&Prime; css=\u00a0\u00bb.vc_custom_1598366587983{background-color: #f6f6f6 !important;}\u00a0\u00bb][vc_single_image image=\u00a0\u00bb2565&Prime; img_size=\u00a0\u00bblarge\u00a0\u00bb alignment=\u00a0\u00bbcenter\u00a0\u00bb onclick=\u00a0\u00bbcustom_link\u00a0\u00bb img_link_target=\u00a0\u00bb_blank\u00a0\u00bb link=\u00a0\u00bbhttps:\/\/www.bezner-oswald.com\/\u00a0\u00bb][\/vc_column_inner][vc_column_inner width=\u00a0\u00bb1\/4&Prime; css=\u00a0\u00bb.vc_custom_1598366592699{background-color: #f6f6f6 !important;}\u00a0\u00bb][vc_single_image image=\u00a0\u00bb2556&Prime; img_size=\u00a0\u00bblarge\u00a0\u00bb alignment=\u00a0\u00bbcenter\u00a0\u00bb onclick=\u00a0\u00bbcustom_link\u00a0\u00bb img_link_target=\u00a0\u00bb_blank\u00a0\u00bb link=\u00a0\u00bbhttps:\/\/www.bub-anlagenbau.de\/\u00a0\u00bb][\/vc_column_inner][\/vc_row_inner][vc_row_inner element_id=\u00a0\u00bb290526&Prime; css=\u00a0\u00bb.vc_custom_1599040928412{margin-top: 35px !important;margin-bottom: 35px !important;}\u00a0\u00bb][vc_column_inner width=\u00a0\u00bb1\/4&Prime; css=\u00a0\u00bb.vc_custom_1598366578467{background-color: #f6f6f6 !important;}\u00a0\u00bb][vc_single_image image=\u00a0\u00bb2568&Prime; img_size=\u00a0\u00bblarge\u00a0\u00bb alignment=\u00a0\u00bbcenter\u00a0\u00bb onclick=\u00a0\u00bbcustom_link\u00a0\u00bb img_link_target=\u00a0\u00bb_blank\u00a0\u00bb link=\u00a0\u00bbhttps:\/\/www.geurtsheatexchangers.com\/\u00a0\u00bb][\/vc_column_inner][vc_column_inner width=\u00a0\u00bb1\/4&Prime; css=\u00a0\u00bb.vc_custom_1598366583493{background-color: #f6f6f6 !important;}\u00a0\u00bb][vc_single_image image=\u00a0\u00bb2577&Prime; img_size=\u00a0\u00bblarge\u00a0\u00bb alignment=\u00a0\u00bbcenter\u00a0\u00bb onclick=\u00a0\u00bbcustom_link\u00a0\u00bb img_link_target=\u00a0\u00bb_blank\u00a0\u00bb link=\u00a0\u00bbhttps:\/\/www.heiligbv.com\/\u00a0\u00bb][\/vc_column_inner][vc_column_inner width=\u00a0\u00bb1\/4&Prime; css=\u00a0\u00bb.vc_custom_1598366587983{background-color: #f6f6f6 !important;}\u00a0\u00bb][vc_single_image image=\u00a0\u00bb2574&Prime; img_size=\u00a0\u00bblarge\u00a0\u00bb alignment=\u00a0\u00bbcenter\u00a0\u00bb onclick=\u00a0\u00bbcustom_link\u00a0\u00bb img_link_target=\u00a0\u00bb_blank\u00a0\u00bb link=\u00a0\u00bbhttps:\/\/www.heiligmixers.com\/\u00a0\u00bb][\/vc_column_inner][vc_column_inner width=\u00a0\u00bb1\/4&Prime; css=\u00a0\u00bb.vc_custom_1598366592699{background-color: #f6f6f6 !important;}\u00a0\u00bb][vc_single_image image=\u00a0\u00bb2580&Prime; img_size=\u00a0\u00bblarge\u00a0\u00bb alignment=\u00a0\u00bbcenter\u00a0\u00bb onclick=\u00a0\u00bbcustom_link\u00a0\u00bb img_link_target=\u00a0\u00bb_blank\u00a0\u00bb link=\u00a0\u00bbhttps:\/\/www.nmh-sro.com\/\u00a0\u00bb][\/vc_column_inner][\/vc_row_inner][vc_row_inner element_id=\u00a0\u00bb290526&Prime; css=\u00a0\u00bb.vc_custom_1599040928412{margin-top: 35px !important;margin-bottom: 35px !important;}\u00a0\u00bb][vc_column_inner width=\u00a0\u00bb1\/4&Prime; css=\u00a0\u00bb.vc_custom_1598366578467{background-color: #f6f6f6 !important;}\u00a0\u00bb][vc_single_image image=\u00a0\u00bb2583&Prime; img_size=\u00a0\u00bblarge\u00a0\u00bb alignment=\u00a0\u00bbcenter\u00a0\u00bb onclick=\u00a0\u00bbcustom_link\u00a0\u00bb img_link_target=\u00a0\u00bb_blank\u00a0\u00bb link=\u00a0\u00bbhttps:\/\/www.nonferrousrecycling.com\/\u00a0\u00bb][\/vc_column_inner][\/vc_row_inner][\/vc_column][\/vc_row][vc_row element_id=\u00a0\u00bb790442&Prime; css=\u00a0\u00bb.vc_custom_1598366524342{margin-top: 35px !important;margin-bottom: 35px !important;}\u00a0\u00bb][vc_column animation_delay=\u00a0\u00bb0&Prime; element_id=\u00a0\u00bb54803&Prime; crp=\u00a0\u00bb480:i:i,480-768:i:i,768-1024:i:i,1024-1280:i:i,1280-1366:i:i,1366-1600:i:i,1600-1920:i:i\u00a0\u00bb][vc_column_text animation_delay=\u00a0\u00bb0&Prime;]\n<div class=\"row\">\n<div class=\"col-xs-12\">\n<h3>NOTRE GROUPE <strong>D&rsquo;ENTREPRISES<\/strong><\/h3>\n<\/div>\n<\/div>\n[\/vc_column_text][vc_row_inner element_id=\u00a0\u00bb290526&Prime; css=\u00a0\u00bb.vc_custom_1599040928412{margin-top: 35px !important;margin-bottom: 35px !important;}\u00a0\u00bb][vc_column_inner width=\u00a0\u00bb1\/4&Prime; css=\u00a0\u00bb.vc_custom_1598366578467{background-color: #f6f6f6 !important;}\u00a0\u00bb][vc_single_image image=\u00a0\u00bb2571&Prime; img_size=\u00a0\u00bblarge\u00a0\u00bb alignment=\u00a0\u00bbcenter\u00a0\u00bb onclick=\u00a0\u00bbcustom_link\u00a0\u00bb img_link_target=\u00a0\u00bb_blank\u00a0\u00bb link=\u00a0\u00bbhttps:\/\/www.heilig-group.com\/\u00a0\u00bb][\/vc_column_inner][\/vc_row_inner][\/vc_column][\/vc_row]\n<\/div>","protected":false},"excerpt":{"rendered":"<p>[vc_row][vc_column width=\u00a0\u00bb1\/2&Prime;][vc_column_text animation_delay=\u00a0\u00bb0&Prime;] \u00c0 PROPOS R\u00c9CUP\u00c9RATION DE MAT\u00c9RIAUX VALORISABLES \u00c0 PARTIR DE FLUX DE D\u00c9CHETS VARI\u00c9S En plus de notre longue histoire dans le secteur du bois, Bezner dispose de plus de 30 ans d&rsquo;exp\u00e9rience dans la r\u00e9cup\u00e9ration de mat\u00e9riaux valorisables \u00e0 partir de diff\u00e9rents flux de d\u00e9chets. Dans les ann\u00e9es 80, nous sommes devenus [&hellip;]<\/p>\n","protected":false},"author":11,"featured_media":1092,"parent":0,"menu_order":0,"comment_status":"closed","ping_status":"closed","template":"","meta":{"_acf_changed":false,"footnotes":""},"class_list":["post-721","page","type-page","status-publish","has-post-thumbnail","hentry"],"acf":[],"yoast_head":"<!-- This site is optimized with the Yoast SEO plugin v27.5 - https:\/\/yoast.com\/product\/yoast-seo-wordpress\/ -->\n<title>\u00c0 propos - Bezner<\/title>\n<meta name=\"description\" content=\"Bezner, propose des machines innovantes pour le recyclage et le traitement des d\u00e9chets afin de faciliter la r\u00e9cup\u00e9ration durable de mat\u00e9riaux valorisables.\" \/>\n<meta name=\"robots\" content=\"index, follow, max-snippet:-1, max-image-preview:large, max-video-preview:-1\" \/>\n<link rel=\"canonical\" href=\"https:\/\/www.bezner.com\/fr\/a-propos\/\" \/>\n<meta property=\"og:locale\" content=\"fr_FR\" \/>\n<meta property=\"og:type\" content=\"article\" \/>\n<meta property=\"og:title\" content=\"\u00c0 propos - Bezner\" \/>\n<meta property=\"og:description\" content=\"Bezner, propose des machines innovantes pour le recyclage et le traitement des d\u00e9chets afin de faciliter la r\u00e9cup\u00e9ration durable de mat\u00e9riaux valorisables.\" \/>\n<meta property=\"og:url\" content=\"https:\/\/www.bezner.com\/fr\/a-propos\/\" \/>\n<meta property=\"og:site_name\" content=\"Bezner Anlagen- und Maschinenbau\" \/>\n<meta property=\"article:modified_time\" content=\"2020-10-09T08:38:19+00:00\" \/>\n<meta property=\"og:image\" content=\"https:\/\/www.bezner.com\/wp-content\/uploads\/2017\/02\/IMG_03302-1024x682.jpg\" \/>\n\t<meta property=\"og:image:width\" content=\"1024\" \/>\n\t<meta property=\"og:image:height\" content=\"682\" \/>\n\t<meta property=\"og:image:type\" content=\"image\/jpeg\" \/>\n<meta name=\"twitter:card\" content=\"summary_large_image\" \/>\n<meta name=\"twitter:label1\" content=\"Dur\u00e9e de lecture estim\u00e9e\" \/>\n\t<meta name=\"twitter:data1\" content=\"6 minutes\" \/>\n<script type=\"application\/ld+json\" class=\"yoast-schema-graph\">{\"@context\":\"https:\\\/\\\/schema.org\",\"@graph\":[{\"@type\":\"WebPage\",\"@id\":\"https:\\\/\\\/www.bezner.com\\\/fr\\\/a-propos\\\/\",\"url\":\"https:\\\/\\\/www.bezner.com\\\/fr\\\/a-propos\\\/\",\"name\":\"\u00c0 propos - Bezner\",\"isPartOf\":{\"@id\":\"https:\\\/\\\/www.bezner.com\\\/de\\\/#website\"},\"primaryImageOfPage\":{\"@id\":\"https:\\\/\\\/www.bezner.com\\\/fr\\\/a-propos\\\/#primaryimage\"},\"image\":{\"@id\":\"https:\\\/\\\/www.bezner.com\\\/fr\\\/a-propos\\\/#primaryimage\"},\"thumbnailUrl\":\"https:\\\/\\\/www.bezner.com\\\/wp-content\\\/uploads\\\/2017\\\/02\\\/IMG_03302.jpg\",\"datePublished\":\"2017-02-07T09:42:31+00:00\",\"dateModified\":\"2020-10-09T08:38:19+00:00\",\"description\":\"Bezner, propose des machines innovantes pour le recyclage et le traitement des d\u00e9chets afin de faciliter la r\u00e9cup\u00e9ration durable de mat\u00e9riaux valorisables.\",\"breadcrumb\":{\"@id\":\"https:\\\/\\\/www.bezner.com\\\/fr\\\/a-propos\\\/#breadcrumb\"},\"inLanguage\":\"fr-FR\",\"potentialAction\":[{\"@type\":\"ReadAction\",\"target\":[\"https:\\\/\\\/www.bezner.com\\\/fr\\\/a-propos\\\/\"]}]},{\"@type\":\"ImageObject\",\"inLanguage\":\"fr-FR\",\"@id\":\"https:\\\/\\\/www.bezner.com\\\/fr\\\/a-propos\\\/#primaryimage\",\"url\":\"https:\\\/\\\/www.bezner.com\\\/wp-content\\\/uploads\\\/2017\\\/02\\\/IMG_03302.jpg\",\"contentUrl\":\"https:\\\/\\\/www.bezner.com\\\/wp-content\\\/uploads\\\/2017\\\/02\\\/IMG_03302.jpg\",\"width\":3324,\"height\":2215,\"caption\":\"Bezner\"},{\"@type\":\"BreadcrumbList\",\"@id\":\"https:\\\/\\\/www.bezner.com\\\/fr\\\/a-propos\\\/#breadcrumb\",\"itemListElement\":[{\"@type\":\"ListItem\",\"position\":1,\"name\":\"Home\",\"item\":\"https:\\\/\\\/www.bezner.com\\\/fr\\\/\"},{\"@type\":\"ListItem\",\"position\":2,\"name\":\"\u00c0 propos\"}]},{\"@type\":\"WebSite\",\"@id\":\"https:\\\/\\\/www.bezner.com\\\/de\\\/#website\",\"url\":\"https:\\\/\\\/www.bezner.com\\\/de\\\/\",\"name\":\"Bezner Anlagen- und Maschinenbau\",\"description\":\"Waste managament solutions\",\"potentialAction\":[{\"@type\":\"SearchAction\",\"target\":{\"@type\":\"EntryPoint\",\"urlTemplate\":\"https:\\\/\\\/www.bezner.com\\\/de\\\/?s={search_term_string}\"},\"query-input\":{\"@type\":\"PropertyValueSpecification\",\"valueRequired\":true,\"valueName\":\"search_term_string\"}}],\"inLanguage\":\"fr-FR\"}]}<\/script>\n<!-- \/ Yoast SEO plugin. -->","yoast_head_json":{"title":"\u00c0 propos - Bezner","description":"Bezner, propose des machines innovantes pour le recyclage et le traitement des d\u00e9chets afin de faciliter la r\u00e9cup\u00e9ration durable de mat\u00e9riaux valorisables.","robots":{"index":"index","follow":"follow","max-snippet":"max-snippet:-1","max-image-preview":"max-image-preview:large","max-video-preview":"max-video-preview:-1"},"canonical":"https:\/\/www.bezner.com\/fr\/a-propos\/","og_locale":"fr_FR","og_type":"article","og_title":"\u00c0 propos - Bezner","og_description":"Bezner, propose des machines innovantes pour le recyclage et le traitement des d\u00e9chets afin de faciliter la r\u00e9cup\u00e9ration durable de mat\u00e9riaux valorisables.","og_url":"https:\/\/www.bezner.com\/fr\/a-propos\/","og_site_name":"Bezner Anlagen- und Maschinenbau","article_modified_time":"2020-10-09T08:38:19+00:00","og_image":[{"width":1024,"height":682,"url":"https:\/\/www.bezner.com\/wp-content\/uploads\/2017\/02\/IMG_03302-1024x682.jpg","type":"image\/jpeg"}],"twitter_card":"summary_large_image","twitter_misc":{"Dur\u00e9e de lecture estim\u00e9e":"6 minutes"},"schema":{"@context":"https:\/\/schema.org","@graph":[{"@type":"WebPage","@id":"https:\/\/www.bezner.com\/fr\/a-propos\/","url":"https:\/\/www.bezner.com\/fr\/a-propos\/","name":"\u00c0 propos - Bezner","isPartOf":{"@id":"https:\/\/www.bezner.com\/de\/#website"},"primaryImageOfPage":{"@id":"https:\/\/www.bezner.com\/fr\/a-propos\/#primaryimage"},"image":{"@id":"https:\/\/www.bezner.com\/fr\/a-propos\/#primaryimage"},"thumbnailUrl":"https:\/\/www.bezner.com\/wp-content\/uploads\/2017\/02\/IMG_03302.jpg","datePublished":"2017-02-07T09:42:31+00:00","dateModified":"2020-10-09T08:38:19+00:00","description":"Bezner, propose des machines innovantes pour le recyclage et le traitement des d\u00e9chets afin de faciliter la r\u00e9cup\u00e9ration durable de mat\u00e9riaux valorisables.","breadcrumb":{"@id":"https:\/\/www.bezner.com\/fr\/a-propos\/#breadcrumb"},"inLanguage":"fr-FR","potentialAction":[{"@type":"ReadAction","target":["https:\/\/www.bezner.com\/fr\/a-propos\/"]}]},{"@type":"ImageObject","inLanguage":"fr-FR","@id":"https:\/\/www.bezner.com\/fr\/a-propos\/#primaryimage","url":"https:\/\/www.bezner.com\/wp-content\/uploads\/2017\/02\/IMG_03302.jpg","contentUrl":"https:\/\/www.bezner.com\/wp-content\/uploads\/2017\/02\/IMG_03302.jpg","width":3324,"height":2215,"caption":"Bezner"},{"@type":"BreadcrumbList","@id":"https:\/\/www.bezner.com\/fr\/a-propos\/#breadcrumb","itemListElement":[{"@type":"ListItem","position":1,"name":"Home","item":"https:\/\/www.bezner.com\/fr\/"},{"@type":"ListItem","position":2,"name":"\u00c0 propos"}]},{"@type":"WebSite","@id":"https:\/\/www.bezner.com\/de\/#website","url":"https:\/\/www.bezner.com\/de\/","name":"Bezner Anlagen- und Maschinenbau","description":"Waste managament solutions","potentialAction":[{"@type":"SearchAction","target":{"@type":"EntryPoint","urlTemplate":"https:\/\/www.bezner.com\/de\/?s={search_term_string}"},"query-input":{"@type":"PropertyValueSpecification","valueRequired":true,"valueName":"search_term_string"}}],"inLanguage":"fr-FR"}]}},"_links":{"self":[{"href":"https:\/\/www.bezner.com\/fr\/wp-json\/wp\/v2\/pages\/721","targetHints":{"allow":["GET"]}}],"collection":[{"href":"https:\/\/www.bezner.com\/fr\/wp-json\/wp\/v2\/pages"}],"about":[{"href":"https:\/\/www.bezner.com\/fr\/wp-json\/wp\/v2\/types\/page"}],"author":[{"embeddable":true,"href":"https:\/\/www.bezner.com\/fr\/wp-json\/wp\/v2\/users\/11"}],"replies":[{"embeddable":true,"href":"https:\/\/www.bezner.com\/fr\/wp-json\/wp\/v2\/comments?post=721"}],"version-history":[{"count":11,"href":"https:\/\/www.bezner.com\/fr\/wp-json\/wp\/v2\/pages\/721\/revisions"}],"predecessor-version":[{"id":3065,"href":"https:\/\/www.bezner.com\/fr\/wp-json\/wp\/v2\/pages\/721\/revisions\/3065"}],"wp:featuredmedia":[{"embeddable":true,"href":"https:\/\/www.bezner.com\/fr\/wp-json\/wp\/v2\/media\/1092"}],"wp:attachment":[{"href":"https:\/\/www.bezner.com\/fr\/wp-json\/wp\/v2\/media?parent=721"}],"curies":[{"name":"wp","href":"https:\/\/api.w.org\/{rel}","templated":true}]}}