{"id":725,"date":"2017-01-31T15:36:39","date_gmt":"2017-01-31T14:36:39","guid":{"rendered":"https:\/\/www.bezner.com\/products\/"},"modified":"2020-10-08T09:10:45","modified_gmt":"2020-10-08T07:10:45","slug":"products","status":"publish","type":"page","link":"https:\/\/www.bezner.com\/fr\/products\/","title":{"rendered":"Produits"},"content":{"rendered":"<div class=\"wpb-content-wrapper\">[vc_row element_id=\u00a0\u00bb432682&Prime; css=\u00a0\u00bb.vc_custom_1597649818489{margin-top: 35px !important;margin-bottom: 35px !important;}\u00a0\u00bb][vc_column width=\u00a0\u00bb1\/2&Prime;][vc_column_text animation_delay=\u00a0\u00bb0&Prime;]\n<h1>LE RECYCLAGE ET LE TRAITEMENT DES D\u00c9CHETS<\/h1>\n<h2><strong>DES PRODUITS DE POINTE POUR LES SECTEURS DU RECYCLAGE<\/strong><\/h2>\n<p>Chez Bezner, nous comprenons que votre processus de production ou de recyclage et\/ou installation de traitement des d\u00e9chets sont uniques. Votre centre de tri a avant tout besoin d\u2019un \u00e9quipement sp\u00e9cifique con\u00e7u pour g\u00e9n\u00e9rer un haut rendement et des taux de puret\u00e9 de r\u00e9cup\u00e9ration excellents. Nous fournissons des machines permettant de r\u00e9cup\u00e9rer des mati\u00e8res valorisables \u00e0 partir du flux de d\u00e9chets pour:<\/p>\n<ul>\n<li>Le tri et le recyclage des d\u00e9chets<\/li>\n<li>Le tri et le traitement des d\u00e9chets<\/li>\n<li>Le tri et le recyclage du papier et du carton<\/li>\n<li>Le tri et le recyclage des plastiques<\/li>\n<li>Le tri et le recyclage des m\u00e9taux et de la ferraille<\/li>\n<li>Le tri et le recyclage du verre<\/li>\n<li>Le tri des m\u00e2chefers<\/li>\n<\/ul>\n<p>Nous disposons de l\u2019expertise et de l&rsquo;exp\u00e9rience nous permettant de proposer des composants sp\u00e9cifiques ou une solution cl\u00e9 en main. Nous fournissons tous les\u00a0<strong>\u00e9quipements de convoyage, de s\u00e9paration, de tri, de classification<\/strong>\u00a0et\u00a0<strong>de criblage<\/strong>\u00a0les mieux adapt\u00e9s. Avec nos ing\u00e9nieurs \u00e9lectriciens et d\u00e9veloppeurs de logiciels (en coop\u00e9ration avec notre filiale\u00a0<strong><a href=\"http:\/\/www.beemster.nl\/\" target=\"_blank\" rel=\"noopener noreferrer\">Beemster<\/a>\u00a0<\/strong>et notre coop\u00e9ration avec des fournisseurs de premier plan, nous proposons des solutions cl\u00e9 en main.<\/p>\n<p>En nous contactant le plus t\u00f4t possible, nous pouvons vous faire b\u00e9n\u00e9ficier d\u2019une conception particuli\u00e8rement bien adapt\u00e9e qui combine la technologie Bezner avec vos connaissances concernant les produits et proc\u00e9d\u00e9s. Nous vous invitons \u00e0 consulter nos pages individuelles pour les produits que nous proposons. N\u2019h\u00e9sitez pas \u00e0 nous contacter imm\u00e9diatement pour toute question concernant nos produits ou pour discuter d\u2019un concept de solution sur mesure.[\/vc_column_text][\/vc_column][vc_column width=\u00a0\u00bb1\/2&Prime;][vc_single_image image=\u00a0\u00bb965&Prime; img_size=\u00a0\u00bblarge\u00a0\u00bb alignment=\u00a0\u00bbcenter\u00a0\u00bb][\/vc_column][\/vc_row][vc_row element_id=\u00a0\u00bb646747&Prime; css=\u00a0\u00bb.vc_custom_1598538189815{margin-top: 35px !important;margin-bottom: 35px !important;}\u00a0\u00bb][vc_column animation_delay=\u00a0\u00bb0&Prime; element_id=\u00a0\u00bb966043&Prime; crp=\u00a0\u00bb480:i:i,480-768:i:i,768-1024:i:i,1024-1280:i:i,1280-1366:i:i,1366-1600:i:i,1600-1920:i:i\u00a0\u00bb][vc_column_text animation_delay=\u00a0\u00bb0&Prime;]\n<h3>NOS <strong>PRODUITS<\/strong><\/h3>\n[\/vc_column_text][\/vc_column][\/vc_row][vc_row element_id=\u00a0\u00bb410800&Prime; css=\u00a0\u00bb.vc_custom_1597649825216{margin-top: 35px !important;margin-bottom: 35px !important;}\u00a0\u00bb][vc_column animation_delay=\u00a0\u00bb0&Prime; element_id=\u00a0\u00bb966043&Prime; crp=\u00a0\u00bb480:i:i,480-768:i:i,768-1024:i:i,1024-1280:i:i,1280-1366:i:i,1366-1600:i:i,1600-1920:i:i\u00a0\u00bb][vc_row_inner][vc_column_inner el_class=\u00a0\u00bbzwarteSchaduw\u00a0\u00bb width=\u00a0\u00bb1\/2&Prime;]<div id=\"et-image-1\" class=\"et-image et-image-box overlay-hover classic alignnone link\" ><a title=\"SOLUTIONS DE RECYCLAGE\" target=\"_self\" href=\"\/fr\/products\/solutions-de-recyclage\/\"><div class=\"post-image post-media\"><img decoding=\"async\" width=\"t\" height=\"t\" src=\"https:\/\/www.bezner.com\/wp-content\/uploads\/2017\/05\/recycling-machinery-Bezner.jpg\" alt=\"SOLUTIONS DE RECYCLAGE\"><\/div><div class=\"post-body et-clearfix\"><div class=\"post-body-inner-wrap\"><div class=\"post-body-inner\"><h4 class=\"post-title entry-title\">SOLUTIONS DE RECYCLAGE<\/h4><\/div><\/div><\/div><\/a><\/div>[\/vc_column_inner][vc_column_inner width=\u00a0\u00bb1\/2&Prime;]<div id=\"et-image-2\" class=\"et-image et-image-box overlay-hover classic alignnone link\" ><a title=\"SYST\u00c8MES CONVOYEURS\" target=\"_self\" href=\"\/fr\/products\/systemes-convoyeurs\/\"><div class=\"post-image post-media\"><img decoding=\"async\" width=\"t\" height=\"t\" src=\"https:\/\/www.bezner.com\/wp-content\/uploads\/2018\/01\/conveyor-system-manufacturer.jpg\" alt=\"SYST\u00c8MES CONVOYEURS\"><\/div><div class=\"post-body et-clearfix\"><div class=\"post-body-inner-wrap\"><div class=\"post-body-inner\"><h4 class=\"post-title entry-title\">SYST\u00c8MES CONVOYEURS<\/h4><\/div><\/div><\/div><\/a><\/div>[\/vc_column_inner][\/vc_row_inner][vc_row_inner][vc_column_inner el_class=\u00a0\u00bbzwarteSchaduw\u00a0\u00bb width=\u00a0\u00bb1\/2&Prime;]<div id=\"et-image-3\" class=\"et-image et-image-box overlay-hover classic alignnone link\" ><a title=\"CRIBLES\" target=\"_self\" href=\"\/fr\/products\/cribles\/\"><div class=\"post-image post-media\"><img decoding=\"async\" width=\"t\" height=\"t\" src=\"https:\/\/www.bezner.com\/wp-content\/uploads\/2017\/07\/drum-screen-for-municipal-solid-waste.jpg\" alt=\"CRIBLES\"><\/div><div class=\"post-body et-clearfix\"><div class=\"post-body-inner-wrap\"><div class=\"post-body-inner\"><h4 class=\"post-title entry-title\">CRIBLES<\/h4><\/div><\/div><\/div><\/a><\/div>[\/vc_column_inner][vc_column_inner width=\u00a0\u00bb1\/2&Prime;]<div id=\"et-image-4\" class=\"et-image et-image-box overlay-hover classic alignnone link\" ><a title=\"S\u00c9PARATEUR A\u00c9RAULIQUE\" target=\"_self\" href=\"\/fr\/products\/separateur-aeraulique\/\"><div class=\"post-image post-media\"><img decoding=\"async\" width=\"t\" height=\"t\" src=\"https:\/\/www.bezner.com\/wp-content\/uploads\/2017\/08\/air-separator-wind-sifter.jpg\" alt=\"S\u00c9PARATEUR A\u00c9RAULIQUE\"><\/div><div class=\"post-body et-clearfix\"><div class=\"post-body-inner-wrap\"><div class=\"post-body-inner\"><h4 class=\"post-title entry-title\">S\u00c9PARATEUR A\u00c9RAULIQUE<\/h4><\/div><\/div><\/div><\/a><\/div>[\/vc_column_inner][\/vc_row_inner][\/vc_column][\/vc_row]\n<\/div>","protected":false},"excerpt":{"rendered":"<p>[vc_row element_id=\u00a0\u00bb432682&Prime; css=\u00a0\u00bb.vc_custom_1597649818489{margin-top: 35px !important;margin-bottom: 35px !important;}\u00a0\u00bb][vc_column width=\u00a0\u00bb1\/2&Prime;][vc_column_text animation_delay=\u00a0\u00bb0&Prime;] LE RECYCLAGE ET LE TRAITEMENT DES D\u00c9CHETS DES PRODUITS DE POINTE POUR LES SECTEURS DU RECYCLAGE Chez Bezner, nous comprenons que votre processus de production ou de recyclage et\/ou installation de traitement des d\u00e9chets sont uniques. Votre centre de tri a avant tout besoin d\u2019un \u00e9quipement [&hellip;]<\/p>\n","protected":false},"author":11,"featured_media":965,"parent":0,"menu_order":0,"comment_status":"closed","ping_status":"closed","template":"","meta":{"_acf_changed":false,"footnotes":""},"class_list":["post-725","page","type-page","status-publish","has-post-thumbnail","hentry"],"acf":[],"yoast_head":"<!-- This site is optimized with the Yoast SEO plugin v27.5 - https:\/\/yoast.com\/product\/yoast-seo-wordpress\/ -->\n<title>Machine pour le recyclage d\u00e9chete - Bezner Anlagen- und Maschinenbau<\/title>\n<meta name=\"description\" content=\"Bezner fournit des \u00e9quipements de r\u00e9cup\u00e9ration pour les secteurs du recyclage et du traitement des d\u00e9chets.\" \/>\n<meta name=\"robots\" content=\"index, follow, max-snippet:-1, max-image-preview:large, max-video-preview:-1\" \/>\n<link rel=\"canonical\" href=\"https:\/\/www.bezner.com\/fr\/products\/\" \/>\n<meta property=\"og:locale\" content=\"fr_FR\" \/>\n<meta property=\"og:type\" content=\"article\" \/>\n<meta property=\"og:title\" content=\"Machine pour le recyclage d\u00e9chete - Bezner Anlagen- und Maschinenbau\" \/>\n<meta property=\"og:description\" content=\"Bezner fournit des \u00e9quipements de r\u00e9cup\u00e9ration pour les secteurs du recyclage et du traitement des d\u00e9chets.\" \/>\n<meta property=\"og:url\" content=\"https:\/\/www.bezner.com\/fr\/products\/\" \/>\n<meta property=\"og:site_name\" content=\"Bezner Anlagen- und Maschinenbau\" \/>\n<meta property=\"article:modified_time\" content=\"2020-10-08T07:10:45+00:00\" \/>\n<meta property=\"og:image\" content=\"https:\/\/www.bezner.com\/wp-content\/uploads\/2017\/03\/circular-vibrating-screens-bezner.jpg\" \/>\n\t<meta property=\"og:image:width\" content=\"800\" \/>\n\t<meta property=\"og:image:height\" content=\"600\" \/>\n\t<meta property=\"og:image:type\" content=\"image\/jpeg\" \/>\n<meta name=\"twitter:card\" content=\"summary_large_image\" \/>\n<meta name=\"twitter:label1\" content=\"Dur\u00e9e de lecture estim\u00e9e\" \/>\n\t<meta name=\"twitter:data1\" content=\"3 minutes\" \/>\n<script type=\"application\/ld+json\" class=\"yoast-schema-graph\">{\"@context\":\"https:\\\/\\\/schema.org\",\"@graph\":[{\"@type\":\"WebPage\",\"@id\":\"https:\\\/\\\/www.bezner.com\\\/fr\\\/products\\\/\",\"url\":\"https:\\\/\\\/www.bezner.com\\\/fr\\\/products\\\/\",\"name\":\"Machine pour le recyclage d\u00e9chete - Bezner Anlagen- und Maschinenbau\",\"isPartOf\":{\"@id\":\"https:\\\/\\\/www.bezner.com\\\/de\\\/#website\"},\"primaryImageOfPage\":{\"@id\":\"https:\\\/\\\/www.bezner.com\\\/fr\\\/products\\\/#primaryimage\"},\"image\":{\"@id\":\"https:\\\/\\\/www.bezner.com\\\/fr\\\/products\\\/#primaryimage\"},\"thumbnailUrl\":\"https:\\\/\\\/www.bezner.com\\\/wp-content\\\/uploads\\\/2017\\\/03\\\/circular-vibrating-screens-bezner.jpg\",\"datePublished\":\"2017-01-31T14:36:39+00:00\",\"dateModified\":\"2020-10-08T07:10:45+00:00\",\"description\":\"Bezner fournit des \u00e9quipements de r\u00e9cup\u00e9ration pour les secteurs du recyclage et du traitement des d\u00e9chets.\",\"breadcrumb\":{\"@id\":\"https:\\\/\\\/www.bezner.com\\\/fr\\\/products\\\/#breadcrumb\"},\"inLanguage\":\"fr-FR\",\"potentialAction\":[{\"@type\":\"ReadAction\",\"target\":[\"https:\\\/\\\/www.bezner.com\\\/fr\\\/products\\\/\"]}]},{\"@type\":\"ImageObject\",\"inLanguage\":\"fr-FR\",\"@id\":\"https:\\\/\\\/www.bezner.com\\\/fr\\\/products\\\/#primaryimage\",\"url\":\"https:\\\/\\\/www.bezner.com\\\/wp-content\\\/uploads\\\/2017\\\/03\\\/circular-vibrating-screens-bezner.jpg\",\"contentUrl\":\"https:\\\/\\\/www.bezner.com\\\/wp-content\\\/uploads\\\/2017\\\/03\\\/circular-vibrating-screens-bezner.jpg\",\"width\":800,\"height\":600,\"caption\":\"Crible vibrant circulaire\"},{\"@type\":\"BreadcrumbList\",\"@id\":\"https:\\\/\\\/www.bezner.com\\\/fr\\\/products\\\/#breadcrumb\",\"itemListElement\":[{\"@type\":\"ListItem\",\"position\":1,\"name\":\"Home\",\"item\":\"https:\\\/\\\/www.bezner.com\\\/fr\\\/\"},{\"@type\":\"ListItem\",\"position\":2,\"name\":\"Produits\"}]},{\"@type\":\"WebSite\",\"@id\":\"https:\\\/\\\/www.bezner.com\\\/de\\\/#website\",\"url\":\"https:\\\/\\\/www.bezner.com\\\/de\\\/\",\"name\":\"Bezner Anlagen- und Maschinenbau\",\"description\":\"Waste managament solutions\",\"potentialAction\":[{\"@type\":\"SearchAction\",\"target\":{\"@type\":\"EntryPoint\",\"urlTemplate\":\"https:\\\/\\\/www.bezner.com\\\/de\\\/?s={search_term_string}\"},\"query-input\":{\"@type\":\"PropertyValueSpecification\",\"valueRequired\":true,\"valueName\":\"search_term_string\"}}],\"inLanguage\":\"fr-FR\"}]}<\/script>\n<!-- \/ Yoast SEO plugin. -->","yoast_head_json":{"title":"Machine pour le recyclage d\u00e9chete - Bezner Anlagen- und Maschinenbau","description":"Bezner fournit des \u00e9quipements de r\u00e9cup\u00e9ration pour les secteurs du recyclage et du traitement des d\u00e9chets.","robots":{"index":"index","follow":"follow","max-snippet":"max-snippet:-1","max-image-preview":"max-image-preview:large","max-video-preview":"max-video-preview:-1"},"canonical":"https:\/\/www.bezner.com\/fr\/products\/","og_locale":"fr_FR","og_type":"article","og_title":"Machine pour le recyclage d\u00e9chete - Bezner Anlagen- und Maschinenbau","og_description":"Bezner fournit des \u00e9quipements de r\u00e9cup\u00e9ration pour les secteurs du recyclage et du traitement des d\u00e9chets.","og_url":"https:\/\/www.bezner.com\/fr\/products\/","og_site_name":"Bezner Anlagen- und Maschinenbau","article_modified_time":"2020-10-08T07:10:45+00:00","og_image":[{"width":800,"height":600,"url":"https:\/\/www.bezner.com\/wp-content\/uploads\/2017\/03\/circular-vibrating-screens-bezner.jpg","type":"image\/jpeg"}],"twitter_card":"summary_large_image","twitter_misc":{"Dur\u00e9e de lecture estim\u00e9e":"3 minutes"},"schema":{"@context":"https:\/\/schema.org","@graph":[{"@type":"WebPage","@id":"https:\/\/www.bezner.com\/fr\/products\/","url":"https:\/\/www.bezner.com\/fr\/products\/","name":"Machine pour le recyclage d\u00e9chete - Bezner Anlagen- und Maschinenbau","isPartOf":{"@id":"https:\/\/www.bezner.com\/de\/#website"},"primaryImageOfPage":{"@id":"https:\/\/www.bezner.com\/fr\/products\/#primaryimage"},"image":{"@id":"https:\/\/www.bezner.com\/fr\/products\/#primaryimage"},"thumbnailUrl":"https:\/\/www.bezner.com\/wp-content\/uploads\/2017\/03\/circular-vibrating-screens-bezner.jpg","datePublished":"2017-01-31T14:36:39+00:00","dateModified":"2020-10-08T07:10:45+00:00","description":"Bezner fournit des \u00e9quipements de r\u00e9cup\u00e9ration pour les secteurs du recyclage et du traitement des d\u00e9chets.","breadcrumb":{"@id":"https:\/\/www.bezner.com\/fr\/products\/#breadcrumb"},"inLanguage":"fr-FR","potentialAction":[{"@type":"ReadAction","target":["https:\/\/www.bezner.com\/fr\/products\/"]}]},{"@type":"ImageObject","inLanguage":"fr-FR","@id":"https:\/\/www.bezner.com\/fr\/products\/#primaryimage","url":"https:\/\/www.bezner.com\/wp-content\/uploads\/2017\/03\/circular-vibrating-screens-bezner.jpg","contentUrl":"https:\/\/www.bezner.com\/wp-content\/uploads\/2017\/03\/circular-vibrating-screens-bezner.jpg","width":800,"height":600,"caption":"Crible vibrant circulaire"},{"@type":"BreadcrumbList","@id":"https:\/\/www.bezner.com\/fr\/products\/#breadcrumb","itemListElement":[{"@type":"ListItem","position":1,"name":"Home","item":"https:\/\/www.bezner.com\/fr\/"},{"@type":"ListItem","position":2,"name":"Produits"}]},{"@type":"WebSite","@id":"https:\/\/www.bezner.com\/de\/#website","url":"https:\/\/www.bezner.com\/de\/","name":"Bezner Anlagen- und Maschinenbau","description":"Waste managament solutions","potentialAction":[{"@type":"SearchAction","target":{"@type":"EntryPoint","urlTemplate":"https:\/\/www.bezner.com\/de\/?s={search_term_string}"},"query-input":{"@type":"PropertyValueSpecification","valueRequired":true,"valueName":"search_term_string"}}],"inLanguage":"fr-FR"}]}},"_links":{"self":[{"href":"https:\/\/www.bezner.com\/fr\/wp-json\/wp\/v2\/pages\/725","targetHints":{"allow":["GET"]}}],"collection":[{"href":"https:\/\/www.bezner.com\/fr\/wp-json\/wp\/v2\/pages"}],"about":[{"href":"https:\/\/www.bezner.com\/fr\/wp-json\/wp\/v2\/types\/page"}],"author":[{"embeddable":true,"href":"https:\/\/www.bezner.com\/fr\/wp-json\/wp\/v2\/users\/11"}],"replies":[{"embeddable":true,"href":"https:\/\/www.bezner.com\/fr\/wp-json\/wp\/v2\/comments?post=725"}],"version-history":[{"count":11,"href":"https:\/\/www.bezner.com\/fr\/wp-json\/wp\/v2\/pages\/725\/revisions"}],"predecessor-version":[{"id":2860,"href":"https:\/\/www.bezner.com\/fr\/wp-json\/wp\/v2\/pages\/725\/revisions\/2860"}],"wp:featuredmedia":[{"embeddable":true,"href":"https:\/\/www.bezner.com\/fr\/wp-json\/wp\/v2\/media\/965"}],"wp:attachment":[{"href":"https:\/\/www.bezner.com\/fr\/wp-json\/wp\/v2\/media?parent=725"}],"curies":[{"name":"wp","href":"https:\/\/api.w.org\/{rel}","templated":true}]}}